{"id":57,"date":"2022-03-28T18:06:22","date_gmt":"2022-03-28T18:06:22","guid":{"rendered":"https:\/\/dilvps.eu\/dildivi\/?page_id=57"},"modified":"2022-08-04T14:51:48","modified_gmt":"2022-08-04T12:51:48","slug":"preuzimanja","status":"publish","type":"page","link":"https:\/\/dilvps.eu\/dildivi\/preuzimanja\/","title":{"rendered":"Preuzimanja"},"content":{"rendered":"<p>[et_pb_section fb_built=&#8221;1&#8243; _builder_version=&#8221;4.16&#8243; _module_preset=&#8221;default&#8221; global_colors_info=&#8221;{}&#8221;][et_pb_row _builder_version=&#8221;4.16&#8243; _module_preset=&#8221;default&#8221; global_colors_info=&#8221;{}&#8221;][et_pb_column type=&#8221;4_4&#8243; _builder_version=&#8221;4.16&#8243; _module_preset=&#8221;default&#8221; global_colors_info=&#8221;{}&#8221;][et_pb_text _builder_version=&#8221;4.16&#8243; _module_preset=&#8221;default&#8221; global_colors_info=&#8221;{}&#8221;]<\/p>\n<h1>Preuzimanja<\/h1>\n<p>[\/et_pb_text][et_pb_text _builder_version=&#8221;4.17.6&#8243; _module_preset=&#8221;default&#8221; hover_enabled=&#8221;0&#8243; global_colors_info=&#8221;{}&#8221; sticky_enabled=&#8221;0&#8243;]<\/p>\n<ol>\n<li><a href=\"https:\/\/www.dil-93.hr\/servis2\/instalacije\/Dil-93%20komponente.msi\" target=\"_blank\" rel=\"noopener\">Zajedni\u010dke datoteke potrebne za rad rip-a, vfox 7<\/a><\/li>\n<li><a href=\"https:\/\/www.dil-93.hr\/servis2\/instalacije\/Dil-93%20komponente%20v9a.msi\" target=\"_blank\" rel=\"noopener\">Zajedni\u010dke datoteke potrebne za rad rip-a, vfox 9a<\/a><\/li>\n<li><a href=\"https:\/\/www.dil-93.hr\/d\/instalacije\/common_vista_dopuna.msi\" target=\"_blank\" rel=\"noopener\">Zajedni\u010dke datoteke &#8211; dopuna za windows vista, vfox 7<\/a><\/li>\n<li><a href=\"http:\/\/www.realvnc.com\/cgi-bin\/download.cgi?product=free4%2Fwinvnc&amp;filetype=exe&amp;filever=4.1.1&amp;haveDetails=1&amp;acceptLicense=1\" target=\"_blank\" rel=\"noopener\">VNC<\/a><\/li>\n<li><a href=\"https:\/\/www.win-rar.com\/postdownload.html?&amp;L=0\" target=\"_blank\" rel=\"noopener\">WinRAR<\/a><\/li>\n<li><a href=\"https:\/\/www.dil-93.hr\/d\/instalacije\/upute_sve.rar\" target=\"_blank\" rel=\"noopener\">Upute. Pokrenite Sadr\u017eaj.doc nakon \u0161to raspakirate datoteku.<\/a><\/li>\n<li><a href=\"https:\/\/www.dil-93.hr\/d\/autovnc.exe\" target=\"_blank\" rel=\"noopener\">Udaljena administracija VNC<\/a><\/li>\n<li><a href=\"https:\/\/www.dil-93.hr\/d\/intranet.htm\" target=\"_blank\" rel=\"noopener\">Intranet<\/a><\/li>\n<li><a href=\"http:\/\/www.mypdfconverter.com\/en\/features\" target=\"_blank\" rel=\"noopener\">MyPDFconverter 100% besplatan<\/a><\/li>\n<li><a href=\"http:\/\/windows.microsoft.com\/hr-hr\/windows\/security-essentials-download\" target=\"_blank\" rel=\"noopener\">Microsoft antivirus besplatno<\/a><\/li>\n<li><a href=\"https:\/\/www.dil-93.hr\/d\/instalacije\/mysql_odbc_516.msi\" target=\"_blank\" rel=\"noopener\">MySQL ODBC 5.1.6 win32<\/a><\/li>\n<li><a href=\"https:\/\/www.dil-93.hr\/d\/instalacije\/novi_reporti.zip\" target=\"_blank\" rel=\"noopener\">app za nove reporte<\/a><\/li>\n<li><a href=\"https:\/\/www.dil-93.hr\/d\/TeamViewer_Host_Setup.exe\" target=\"_blank\" rel=\"noopener\">TeamViewer Host Dil-93<\/a><\/li>\n<li><a href=\"https:\/\/www.dil-93.hr\/d\/Opci_uvjeti.pdf\" target=\"_blank\" rel=\"noopener\">Op\u0107i uvjeti poslovanja Dil-93 d.o.o.<\/a><\/li>\n<li><a href=\"https:\/\/www.dil-93.hr\/d\/cbSetup.exe\" target=\"_blank\" rel=\"noopener\">Cobian v.11<\/a><\/li>\n<li><a href=\"http:\/\/go.microsoft.com\/fwlink\/?LinkID=239648&amp;clcid=0x409\" target=\"_blank\" rel=\"noopener\">Microsoft SQL Server 2012 SP1 Native Client<\/a> <strong>za x64<\/strong> ili <a href=\"http:\/\/go.microsoft.com\/fwlink\/?LinkID=239647&amp;clcid=0x409\" target=\"_blank\" rel=\"noopener\">Microsoft SQL Server 2012 SP1 Native Client<\/a> <strong>za x86<\/strong><\/li>\n<li><a href=\"https:\/\/www.dil-93.hr\/d\/Autorun.exe\" target=\"_blank\" rel=\"noopener\">Star TSP100-instalacija<\/a><\/li>\n<li><a href=\"http:\/\/download.teamviewer.com\/download\/version_8x\/TeamViewerQS.dmg\" target=\"_blank\" rel=\"noopener\">Teamviewer quick support<\/a> <strong>za MACINTOSH<\/strong><\/li>\n<li><a href=\"https:\/\/www.dil-93.hr\/servis2\/instalacije\/VC_redist.x86.exe\" target=\"_blank\" rel=\"noopener\">VC_redist.x86<\/a><\/li>\n<li><a href=\"https:\/\/www.dil-93.hr\/servis2\/instalacije\/mysql-connector-odbc-8.0.21-win32.msi\" target=\"_blank\" rel=\"noopener\">mysql-connector-odbc-8.0.21-win32<\/a><\/li>\n<\/ol>\n<p>[\/et_pb_text][et_pb_text _builder_version=&#8221;4.16&#8243; _module_preset=&#8221;default&#8221; global_colors_info=&#8221;{}&#8221;]<\/p>\n<p>Bilo bi nam drago da nas nazovete radi pomo\u0107i pri instalaciji demo programa. Ili svratite na kavu i kratku prezentaciju programa.<\/p>\n<p>[\/et_pb_text][\/et_pb_column][\/et_pb_row][\/et_pb_section]<\/p>\n","protected":false},"excerpt":{"rendered":"<p>Preuzimanja Zajedni\u010dke datoteke potrebne za rad rip-a, vfox 7 Zajedni\u010dke datoteke potrebne za rad rip-a, vfox 9a Zajedni\u010dke datoteke &#8211; dopuna za windows vista, vfox 7 VNC WinRAR Upute. Pokrenite Sadr\u017eaj.doc nakon \u0161to raspakirate datoteku. Udaljena administracija VNC Intranet MyPDFconverter 100% besplatan Microsoft antivirus besplatno MySQL ODBC 5.1.6 win32 app za nove reporte TeamViewer Host [&hellip;]<\/p>\n","protected":false},"author":2,"featured_media":0,"parent":0,"menu_order":0,"comment_status":"closed","ping_status":"closed","template":"","meta":{"_et_pb_use_builder":"on","_et_pb_old_content":"<!-- wp:divi\/placeholder \/-->","_et_gb_content_width":"","footnotes":""},"yoast_head":"<!-- This site is optimized with the Yoast SEO Premium plugin v19.5 (Yoast SEO v23.5) - https:\/\/yoast.com\/wordpress\/plugins\/seo\/ -->\n<title>Preuzimanja - Dil-93 d.o.o.<\/title>\n<meta name=\"robots\" content=\"index, follow, max-snippet:-1, max-image-preview:large, max-video-preview:-1\" \/>\n<link rel=\"canonical\" href=\"https:\/\/dilvps.eu\/dildivi\/preuzimanja\/\" \/>\n<meta property=\"og:locale\" content=\"hr_HR\" \/>\n<meta property=\"og:type\" content=\"article\" \/>\n<meta property=\"og:title\" content=\"Preuzimanja\" \/>\n<meta property=\"og:description\" content=\"Preuzimanja Zajedni\u010dke datoteke potrebne za rad rip-a, vfox 7 Zajedni\u010dke datoteke potrebne za rad rip-a, vfox 9a Zajedni\u010dke datoteke - dopuna za windows vista, vfox 7 VNC WinRAR Upute. Pokrenite Sadr\u017eaj.doc nakon \u0161to raspakirate datoteku. Udaljena administracija VNC Intranet MyPDFconverter 100% besplatan Microsoft antivirus besplatno MySQL ODBC 5.1.6 win32 app za nove reporte TeamViewer Host [&hellip;]\" \/>\n<meta property=\"og:url\" content=\"https:\/\/dilvps.eu\/dildivi\/preuzimanja\/\" \/>\n<meta property=\"og:site_name\" content=\"Dil-93 d.o.o.\" \/>\n<meta property=\"article:modified_time\" content=\"2022-08-04T12:51:48+00:00\" \/>\n<meta name=\"twitter:card\" content=\"summary_large_image\" \/>\n<meta name=\"twitter:label1\" content=\"Procijenjeno vrijeme \u010ditanja\" \/>\n\t<meta name=\"twitter:data1\" content=\"1 minuta\" \/>\n<script type=\"application\/ld+json\" class=\"yoast-schema-graph\">{\"@context\":\"https:\/\/schema.org\",\"@graph\":[{\"@type\":\"WebPage\",\"@id\":\"https:\/\/dilvps.eu\/dildivi\/preuzimanja\/\",\"url\":\"https:\/\/dilvps.eu\/dildivi\/preuzimanja\/\",\"name\":\"Preuzimanja - Dil-93 d.o.o.\",\"isPartOf\":{\"@id\":\"https:\/\/dilvps.eu\/dildivi\/#website\"},\"datePublished\":\"2022-03-28T18:06:22+00:00\",\"dateModified\":\"2022-08-04T12:51:48+00:00\",\"breadcrumb\":{\"@id\":\"https:\/\/dilvps.eu\/dildivi\/preuzimanja\/#breadcrumb\"},\"inLanguage\":\"hr\",\"potentialAction\":[{\"@type\":\"ReadAction\",\"target\":[\"https:\/\/dilvps.eu\/dildivi\/preuzimanja\/\"]}]},{\"@type\":\"BreadcrumbList\",\"@id\":\"https:\/\/dilvps.eu\/dildivi\/preuzimanja\/#breadcrumb\",\"itemListElement\":[{\"@type\":\"ListItem\",\"position\":1,\"name\":\"Home\",\"item\":\"https:\/\/dilvps.eu\/dildivi\/\"},{\"@type\":\"ListItem\",\"position\":2,\"name\":\"Preuzimanja\"}]},{\"@type\":\"WebSite\",\"@id\":\"https:\/\/dilvps.eu\/dildivi\/#website\",\"url\":\"https:\/\/dilvps.eu\/dildivi\/\",\"name\":\"Dil-93 d.o.o.\",\"description\":\"Informati\u010dki in\u017einjering i usluge\",\"publisher\":{\"@id\":\"https:\/\/dilvps.eu\/dildivi\/#organization\"},\"potentialAction\":[{\"@type\":\"SearchAction\",\"target\":{\"@type\":\"EntryPoint\",\"urlTemplate\":\"https:\/\/dilvps.eu\/dildivi\/?s={search_term_string}\"},\"query-input\":{\"@type\":\"PropertyValueSpecification\",\"valueRequired\":true,\"valueName\":\"search_term_string\"}}],\"inLanguage\":\"hr\"},{\"@type\":\"Organization\",\"@id\":\"https:\/\/dilvps.eu\/dildivi\/#organization\",\"name\":\"Dil-93 d.o.o.\",\"url\":\"https:\/\/dilvps.eu\/dildivi\/\",\"logo\":{\"@type\":\"ImageObject\",\"inLanguage\":\"hr\",\"@id\":\"https:\/\/dilvps.eu\/dildivi\/#\/schema\/logo\/image\/\",\"url\":\"https:\/\/dilvps.eu\/dildivi\/wp-content\/uploads\/2022\/04\/dil_logo_stari_cisti_favicon.png\",\"contentUrl\":\"https:\/\/dilvps.eu\/dildivi\/wp-content\/uploads\/2022\/04\/dil_logo_stari_cisti_favicon.png\",\"width\":512,\"height\":512,\"caption\":\"Dil-93 d.o.o.\"},\"image\":{\"@id\":\"https:\/\/dilvps.eu\/dildivi\/#\/schema\/logo\/image\/\"}}]}<\/script>\n<!-- \/ Yoast SEO Premium plugin. -->","yoast_head_json":{"title":"Preuzimanja - Dil-93 d.o.o.","robots":{"index":"index","follow":"follow","max-snippet":"max-snippet:-1","max-image-preview":"max-image-preview:large","max-video-preview":"max-video-preview:-1"},"canonical":"https:\/\/dilvps.eu\/dildivi\/preuzimanja\/","og_locale":"hr_HR","og_type":"article","og_title":"Preuzimanja","og_description":"Preuzimanja Zajedni\u010dke datoteke potrebne za rad rip-a, vfox 7 Zajedni\u010dke datoteke potrebne za rad rip-a, vfox 9a Zajedni\u010dke datoteke - dopuna za windows vista, vfox 7 VNC WinRAR Upute. Pokrenite Sadr\u017eaj.doc nakon \u0161to raspakirate datoteku. Udaljena administracija VNC Intranet MyPDFconverter 100% besplatan Microsoft antivirus besplatno MySQL ODBC 5.1.6 win32 app za nove reporte TeamViewer Host [&hellip;]","og_url":"https:\/\/dilvps.eu\/dildivi\/preuzimanja\/","og_site_name":"Dil-93 d.o.o.","article_modified_time":"2022-08-04T12:51:48+00:00","twitter_card":"summary_large_image","twitter_misc":{"Procijenjeno vrijeme \u010ditanja":"1 minuta"},"schema":{"@context":"https:\/\/schema.org","@graph":[{"@type":"WebPage","@id":"https:\/\/dilvps.eu\/dildivi\/preuzimanja\/","url":"https:\/\/dilvps.eu\/dildivi\/preuzimanja\/","name":"Preuzimanja - Dil-93 d.o.o.","isPartOf":{"@id":"https:\/\/dilvps.eu\/dildivi\/#website"},"datePublished":"2022-03-28T18:06:22+00:00","dateModified":"2022-08-04T12:51:48+00:00","breadcrumb":{"@id":"https:\/\/dilvps.eu\/dildivi\/preuzimanja\/#breadcrumb"},"inLanguage":"hr","potentialAction":[{"@type":"ReadAction","target":["https:\/\/dilvps.eu\/dildivi\/preuzimanja\/"]}]},{"@type":"BreadcrumbList","@id":"https:\/\/dilvps.eu\/dildivi\/preuzimanja\/#breadcrumb","itemListElement":[{"@type":"ListItem","position":1,"name":"Home","item":"https:\/\/dilvps.eu\/dildivi\/"},{"@type":"ListItem","position":2,"name":"Preuzimanja"}]},{"@type":"WebSite","@id":"https:\/\/dilvps.eu\/dildivi\/#website","url":"https:\/\/dilvps.eu\/dildivi\/","name":"Dil-93 d.o.o.","description":"Informati\u010dki in\u017einjering i usluge","publisher":{"@id":"https:\/\/dilvps.eu\/dildivi\/#organization"},"potentialAction":[{"@type":"SearchAction","target":{"@type":"EntryPoint","urlTemplate":"https:\/\/dilvps.eu\/dildivi\/?s={search_term_string}"},"query-input":{"@type":"PropertyValueSpecification","valueRequired":true,"valueName":"search_term_string"}}],"inLanguage":"hr"},{"@type":"Organization","@id":"https:\/\/dilvps.eu\/dildivi\/#organization","name":"Dil-93 d.o.o.","url":"https:\/\/dilvps.eu\/dildivi\/","logo":{"@type":"ImageObject","inLanguage":"hr","@id":"https:\/\/dilvps.eu\/dildivi\/#\/schema\/logo\/image\/","url":"https:\/\/dilvps.eu\/dildivi\/wp-content\/uploads\/2022\/04\/dil_logo_stari_cisti_favicon.png","contentUrl":"https:\/\/dilvps.eu\/dildivi\/wp-content\/uploads\/2022\/04\/dil_logo_stari_cisti_favicon.png","width":512,"height":512,"caption":"Dil-93 d.o.o."},"image":{"@id":"https:\/\/dilvps.eu\/dildivi\/#\/schema\/logo\/image\/"}}]}},"_links":{"self":[{"href":"https:\/\/dilvps.eu\/dildivi\/wp-json\/wp\/v2\/pages\/57"}],"collection":[{"href":"https:\/\/dilvps.eu\/dildivi\/wp-json\/wp\/v2\/pages"}],"about":[{"href":"https:\/\/dilvps.eu\/dildivi\/wp-json\/wp\/v2\/types\/page"}],"author":[{"embeddable":true,"href":"https:\/\/dilvps.eu\/dildivi\/wp-json\/wp\/v2\/users\/2"}],"replies":[{"embeddable":true,"href":"https:\/\/dilvps.eu\/dildivi\/wp-json\/wp\/v2\/comments?post=57"}],"version-history":[{"count":0,"href":"https:\/\/dilvps.eu\/dildivi\/wp-json\/wp\/v2\/pages\/57\/revisions"}],"wp:attachment":[{"href":"https:\/\/dilvps.eu\/dildivi\/wp-json\/wp\/v2\/media?parent=57"}],"curies":[{"name":"wp","href":"https:\/\/api.w.org\/{rel}","templated":true}]}}