{"id":55,"date":"2022-03-28T18:05:57","date_gmt":"2022-03-28T18:05:57","guid":{"rendered":"https:\/\/dilvps.eu\/dildivi\/?page_id=55"},"modified":"2022-04-28T23:39:07","modified_gmt":"2022-04-28T21:39:07","slug":"fitap","status":"publish","type":"page","link":"https:\/\/dilvps.eu\/dildivi\/fitap\/","title":{"rendered":"Fitap"},"content":{"rendered":"<p>[et_pb_section fb_built=&#8221;1&#8243; _builder_version=&#8221;4.16&#8243; _module_preset=&#8221;default&#8221; global_colors_info=&#8221;{}&#8221;][et_pb_row column_structure=&#8221;1_2,1_2&#8243; _builder_version=&#8221;4.16.1&#8243; _module_preset=&#8221;default&#8221; global_colors_info=&#8221;{}&#8221;][et_pb_column type=&#8221;1_2&#8243; _builder_version=&#8221;4.16&#8243; _module_preset=&#8221;default&#8221; global_colors_info=&#8221;{}&#8221;][et_pb_image src=&#8221;https:\/\/dilvps.eu\/dildivi\/wp-content\/uploads\/2022\/04\/FITAP_box_625x500.jpg&#8221; title_text=&#8221;FITAP_box_625x500&#8243; _builder_version=&#8221;4.16.1&#8243; _module_preset=&#8221;default&#8221; global_colors_info=&#8221;{}&#8221;][\/et_pb_image][\/et_pb_column][et_pb_column type=&#8221;1_2&#8243; _builder_version=&#8221;4.16&#8243; _module_preset=&#8221;default&#8221; global_colors_info=&#8221;{}&#8221;][et_pb_text _builder_version=&#8221;4.16.1&#8243; _module_preset=&#8221;default&#8221; header_2_font=&#8221;||||||||&#8221; header_3_font=&#8221;|||on|||||&#8221; header_3_text_color=&#8221;rgba(54,54,54,0.85)&#8221; header_3_font_size=&#8221;20px&#8221; custom_margin=&#8221;||0px||false|false&#8221; global_colors_info=&#8221;{}&#8221;]<\/p>\n<h1>Fitap<\/h1>\n<h3>Software namjenjen fitness centrima<\/h3>\n<p>[\/et_pb_text][et_pb_divider color=&#8221;rgba(54,54,54,0.19)&#8221; _builder_version=&#8221;4.16.1&#8243; _module_preset=&#8221;default&#8221; custom_margin=&#8221;0px||0px||false|false&#8221; custom_padding=&#8221;0px||0px||false|false&#8221; global_colors_info=&#8221;{}&#8221;][\/et_pb_divider][et_pb_text _builder_version=&#8221;4.16.1&#8243; _module_preset=&#8221;default&#8221; global_colors_info=&#8221;{}&#8221;]<\/p>\n<ul>\n<li>Evidencija \u010dlanova<\/li>\n<li>Evidencija \u010dlanarina<\/li>\n<li>Online rezervacija<\/li>\n<li>Online raspored<\/li>\n<\/ul>\n<p>[\/et_pb_text][et_pb_button button_url=&#8221;https:\/\/www.dil-93.hr\/vjezbaj\/?ekran=50&#038;app=diltest.vjezbaj&#8221; url_new_window=&#8221;on&#8221; button_text=&#8221;DEMO&#8221; _builder_version=&#8221;4.16&#8243; _module_preset=&#8221;default&#8221; global_colors_info=&#8221;{}&#8221; disabled_on=&#8221;on|on|on&#8221; disabled=&#8221;on&#8221;][\/et_pb_button][\/et_pb_column][\/et_pb_row][et_pb_row _builder_version=&#8221;4.16&#8243; _module_preset=&#8221;default&#8221; global_colors_info=&#8221;{}&#8221;][et_pb_column type=&#8221;4_4&#8243; _builder_version=&#8221;4.16&#8243; _module_preset=&#8221;default&#8221; global_colors_info=&#8221;{}&#8221;][et_pb_text _builder_version=&#8221;4.16.1&#8243; _module_preset=&#8221;default&#8221; global_colors_info=&#8221;{}&#8221;]<\/p>\n<p>FitAp je Web i Android \/ Iphone aplikacija za evidenciju \u010dlanova, uplata \u010dlanarina i dolazaka \u010dlanova, online rezervacije i otkazivanje termina (sve je u oblaku \/ cloud).<\/p>\n<p>Programe mo\u017eete koristi na svom mobitelu, tabletu ili ra\u010dunalu, gdje god imate pristup Internetu.<\/p>\n<p>Za skroman po\u010detak nije potrebna kupovina ra\u010dunala, tableta ni barkod \u010dita\u010da. Ukoliko koristite barkod pri evidenciji dolazaka tj. provjeri \u010dlanarina mo\u017eete ga o\u010ditati mobitelom iz programa.<\/p>\n<p>Aplikacija je savr\u0161ena za mali studio\/u\u010ditelja koji tek po\u010dinje. Ali u potpunost \u0107e vas podr\u017eati i kad \u0107ete imati vi\u0161e termina istovremeno u vi\u0161e dvorana.<\/p>\n<p>Va\u0161i polaznici mogu na Internetu uvijek vidjeti va\u0161 aktualni raspored, rezervirati ili otkazati svoj termin kroz aplikaciju na mobitelu, ili preko web aplikacije<\/p>\n<p>Interaktivni kalendar\/raspored iz na\u0161eg program mo\u017eete ugraditi u svoju web stranicu ili dijeliti link na svom FB profilu.<\/p>\n<p>Kroz Fitap aplikaciju imati \u0107ete uvid u statistiku svih odra\u0111enih sati u\u010ditelja\/trenera, dolazaka za svakog \u010dlana, broj dolazaka po svakom satu itd.<\/p>\n<p>Ukoliko prodajte \u010dlanarine za to\u010dno odre\u0111ene termine onda klikom na termin na rasporedu mo\u017eete dobiti popis svih ljudi koji \u0107e do\u0107i na sat i vidjeti koliko jo\u0161 ima slobodnih mjesta u grupi.<\/p>\n<p>Smanjite koli\u010dinu vremena koju tro\u0161ite na administraciju i dogovaranje termina (otkazivanje i rezerviranje)<\/p>\n<p>[\/et_pb_text][et_pb_image src=&#8221;https:\/\/dilvps.eu\/dildivi\/wp-content\/uploads\/2022\/03\/fitup-mockup_bez_loga-1024&#215;576.jpg&#8221; title_text=&#8221;fitup-mockup_bez_loga&#8221; _builder_version=&#8221;4.16.1&#8243; _module_preset=&#8221;default&#8221; global_colors_info=&#8221;{}&#8221;][\/et_pb_image][\/et_pb_column][\/et_pb_row][\/et_pb_section]<\/p>\n","protected":false},"excerpt":{"rendered":"<p>Fitap Software namjenjen fitness centrima Evidencija \u010dlanova Evidencija \u010dlanarina Online rezervacija Online raspored FitAp je Web i Android \/ Iphone aplikacija za evidenciju \u010dlanova, uplata \u010dlanarina i dolazaka \u010dlanova, online rezervacije i otkazivanje termina (sve je u oblaku \/ cloud). Programe mo\u017eete koristi na svom mobitelu, tabletu ili ra\u010dunalu, gdje god imate pristup Internetu. Za [&hellip;]<\/p>\n","protected":false},"author":2,"featured_media":1116,"parent":0,"menu_order":0,"comment_status":"closed","ping_status":"closed","template":"","meta":{"_et_pb_use_builder":"on","_et_pb_old_content":"<!-- wp:divi\/placeholder \/-->","_et_gb_content_width":"","footnotes":""},"yoast_head":"<!-- This site is optimized with the Yoast SEO Premium plugin v19.5 (Yoast SEO v23.5) - https:\/\/yoast.com\/wordpress\/plugins\/seo\/ -->\n<title>Fitap - Dil-93 d.o.o.<\/title>\n<meta name=\"robots\" content=\"index, follow, max-snippet:-1, max-image-preview:large, max-video-preview:-1\" \/>\n<link rel=\"canonical\" href=\"https:\/\/dilvps.eu\/dildivi\/fitap\/\" \/>\n<meta property=\"og:locale\" content=\"hr_HR\" \/>\n<meta property=\"og:type\" content=\"article\" \/>\n<meta property=\"og:title\" content=\"Fitap\" \/>\n<meta property=\"og:description\" content=\"Fitap Software namjenjen fitness centrima Evidencija \u010dlanova Evidencija \u010dlanarina Online rezervacija Online raspored FitAp je Web i Android \/ Iphone aplikacija za evidenciju \u010dlanova, uplata \u010dlanarina i dolazaka \u010dlanova, online rezervacije i otkazivanje termina (sve je u oblaku \/ cloud). Programe mo\u017eete koristi na svom mobitelu, tabletu ili ra\u010dunalu, gdje god imate pristup Internetu. Za [&hellip;]\" \/>\n<meta property=\"og:url\" content=\"https:\/\/dilvps.eu\/dildivi\/fitap\/\" \/>\n<meta property=\"og:site_name\" content=\"Dil-93 d.o.o.\" \/>\n<meta property=\"article:modified_time\" content=\"2022-04-28T21:39:07+00:00\" \/>\n<meta property=\"og:image\" content=\"https:\/\/dilvps.eu\/dildivi\/wp-content\/uploads\/2022\/04\/FITAP_box_featured-16-9.jpg\" \/>\n\t<meta property=\"og:image:width\" content=\"510\" \/>\n\t<meta property=\"og:image:height\" content=\"287\" \/>\n\t<meta property=\"og:image:type\" content=\"image\/jpeg\" \/>\n<meta name=\"twitter:card\" content=\"summary_large_image\" \/>\n<meta name=\"twitter:label1\" content=\"Procijenjeno vrijeme \u010ditanja\" \/>\n\t<meta name=\"twitter:data1\" content=\"2 minute\" \/>\n<script type=\"application\/ld+json\" class=\"yoast-schema-graph\">{\"@context\":\"https:\/\/schema.org\",\"@graph\":[{\"@type\":\"WebPage\",\"@id\":\"https:\/\/dilvps.eu\/dildivi\/fitap\/\",\"url\":\"https:\/\/dilvps.eu\/dildivi\/fitap\/\",\"name\":\"Fitap - Dil-93 d.o.o.\",\"isPartOf\":{\"@id\":\"https:\/\/dilvps.eu\/dildivi\/#website\"},\"primaryImageOfPage\":{\"@id\":\"https:\/\/dilvps.eu\/dildivi\/fitap\/#primaryimage\"},\"image\":{\"@id\":\"https:\/\/dilvps.eu\/dildivi\/fitap\/#primaryimage\"},\"thumbnailUrl\":\"https:\/\/dilvps.eu\/dildivi\/wp-content\/uploads\/2022\/04\/FITAP_box_featured-16-9.jpg\",\"datePublished\":\"2022-03-28T18:05:57+00:00\",\"dateModified\":\"2022-04-28T21:39:07+00:00\",\"breadcrumb\":{\"@id\":\"https:\/\/dilvps.eu\/dildivi\/fitap\/#breadcrumb\"},\"inLanguage\":\"hr\",\"potentialAction\":[{\"@type\":\"ReadAction\",\"target\":[\"https:\/\/dilvps.eu\/dildivi\/fitap\/\"]}]},{\"@type\":\"ImageObject\",\"inLanguage\":\"hr\",\"@id\":\"https:\/\/dilvps.eu\/dildivi\/fitap\/#primaryimage\",\"url\":\"https:\/\/dilvps.eu\/dildivi\/wp-content\/uploads\/2022\/04\/FITAP_box_featured-16-9.jpg\",\"contentUrl\":\"https:\/\/dilvps.eu\/dildivi\/wp-content\/uploads\/2022\/04\/FITAP_box_featured-16-9.jpg\",\"width\":510,\"height\":287},{\"@type\":\"BreadcrumbList\",\"@id\":\"https:\/\/dilvps.eu\/dildivi\/fitap\/#breadcrumb\",\"itemListElement\":[{\"@type\":\"ListItem\",\"position\":1,\"name\":\"Home\",\"item\":\"https:\/\/dilvps.eu\/dildivi\/\"},{\"@type\":\"ListItem\",\"position\":2,\"name\":\"Fitap\"}]},{\"@type\":\"WebSite\",\"@id\":\"https:\/\/dilvps.eu\/dildivi\/#website\",\"url\":\"https:\/\/dilvps.eu\/dildivi\/\",\"name\":\"Dil-93 d.o.o.\",\"description\":\"Informati\u010dki in\u017einjering i usluge\",\"publisher\":{\"@id\":\"https:\/\/dilvps.eu\/dildivi\/#organization\"},\"potentialAction\":[{\"@type\":\"SearchAction\",\"target\":{\"@type\":\"EntryPoint\",\"urlTemplate\":\"https:\/\/dilvps.eu\/dildivi\/?s={search_term_string}\"},\"query-input\":{\"@type\":\"PropertyValueSpecification\",\"valueRequired\":true,\"valueName\":\"search_term_string\"}}],\"inLanguage\":\"hr\"},{\"@type\":\"Organization\",\"@id\":\"https:\/\/dilvps.eu\/dildivi\/#organization\",\"name\":\"Dil-93 d.o.o.\",\"url\":\"https:\/\/dilvps.eu\/dildivi\/\",\"logo\":{\"@type\":\"ImageObject\",\"inLanguage\":\"hr\",\"@id\":\"https:\/\/dilvps.eu\/dildivi\/#\/schema\/logo\/image\/\",\"url\":\"https:\/\/dilvps.eu\/dildivi\/wp-content\/uploads\/2022\/04\/dil_logo_stari_cisti_favicon.png\",\"contentUrl\":\"https:\/\/dilvps.eu\/dildivi\/wp-content\/uploads\/2022\/04\/dil_logo_stari_cisti_favicon.png\",\"width\":512,\"height\":512,\"caption\":\"Dil-93 d.o.o.\"},\"image\":{\"@id\":\"https:\/\/dilvps.eu\/dildivi\/#\/schema\/logo\/image\/\"}}]}<\/script>\n<!-- \/ Yoast SEO Premium plugin. -->","yoast_head_json":{"title":"Fitap - Dil-93 d.o.o.","robots":{"index":"index","follow":"follow","max-snippet":"max-snippet:-1","max-image-preview":"max-image-preview:large","max-video-preview":"max-video-preview:-1"},"canonical":"https:\/\/dilvps.eu\/dildivi\/fitap\/","og_locale":"hr_HR","og_type":"article","og_title":"Fitap","og_description":"Fitap Software namjenjen fitness centrima Evidencija \u010dlanova Evidencija \u010dlanarina Online rezervacija Online raspored FitAp je Web i Android \/ Iphone aplikacija za evidenciju \u010dlanova, uplata \u010dlanarina i dolazaka \u010dlanova, online rezervacije i otkazivanje termina (sve je u oblaku \/ cloud). Programe mo\u017eete koristi na svom mobitelu, tabletu ili ra\u010dunalu, gdje god imate pristup Internetu. Za [&hellip;]","og_url":"https:\/\/dilvps.eu\/dildivi\/fitap\/","og_site_name":"Dil-93 d.o.o.","article_modified_time":"2022-04-28T21:39:07+00:00","og_image":[{"width":510,"height":287,"url":"https:\/\/dilvps.eu\/dildivi\/wp-content\/uploads\/2022\/04\/FITAP_box_featured-16-9.jpg","type":"image\/jpeg"}],"twitter_card":"summary_large_image","twitter_misc":{"Procijenjeno vrijeme \u010ditanja":"2 minute"},"schema":{"@context":"https:\/\/schema.org","@graph":[{"@type":"WebPage","@id":"https:\/\/dilvps.eu\/dildivi\/fitap\/","url":"https:\/\/dilvps.eu\/dildivi\/fitap\/","name":"Fitap - Dil-93 d.o.o.","isPartOf":{"@id":"https:\/\/dilvps.eu\/dildivi\/#website"},"primaryImageOfPage":{"@id":"https:\/\/dilvps.eu\/dildivi\/fitap\/#primaryimage"},"image":{"@id":"https:\/\/dilvps.eu\/dildivi\/fitap\/#primaryimage"},"thumbnailUrl":"https:\/\/dilvps.eu\/dildivi\/wp-content\/uploads\/2022\/04\/FITAP_box_featured-16-9.jpg","datePublished":"2022-03-28T18:05:57+00:00","dateModified":"2022-04-28T21:39:07+00:00","breadcrumb":{"@id":"https:\/\/dilvps.eu\/dildivi\/fitap\/#breadcrumb"},"inLanguage":"hr","potentialAction":[{"@type":"ReadAction","target":["https:\/\/dilvps.eu\/dildivi\/fitap\/"]}]},{"@type":"ImageObject","inLanguage":"hr","@id":"https:\/\/dilvps.eu\/dildivi\/fitap\/#primaryimage","url":"https:\/\/dilvps.eu\/dildivi\/wp-content\/uploads\/2022\/04\/FITAP_box_featured-16-9.jpg","contentUrl":"https:\/\/dilvps.eu\/dildivi\/wp-content\/uploads\/2022\/04\/FITAP_box_featured-16-9.jpg","width":510,"height":287},{"@type":"BreadcrumbList","@id":"https:\/\/dilvps.eu\/dildivi\/fitap\/#breadcrumb","itemListElement":[{"@type":"ListItem","position":1,"name":"Home","item":"https:\/\/dilvps.eu\/dildivi\/"},{"@type":"ListItem","position":2,"name":"Fitap"}]},{"@type":"WebSite","@id":"https:\/\/dilvps.eu\/dildivi\/#website","url":"https:\/\/dilvps.eu\/dildivi\/","name":"Dil-93 d.o.o.","description":"Informati\u010dki in\u017einjering i usluge","publisher":{"@id":"https:\/\/dilvps.eu\/dildivi\/#organization"},"potentialAction":[{"@type":"SearchAction","target":{"@type":"EntryPoint","urlTemplate":"https:\/\/dilvps.eu\/dildivi\/?s={search_term_string}"},"query-input":{"@type":"PropertyValueSpecification","valueRequired":true,"valueName":"search_term_string"}}],"inLanguage":"hr"},{"@type":"Organization","@id":"https:\/\/dilvps.eu\/dildivi\/#organization","name":"Dil-93 d.o.o.","url":"https:\/\/dilvps.eu\/dildivi\/","logo":{"@type":"ImageObject","inLanguage":"hr","@id":"https:\/\/dilvps.eu\/dildivi\/#\/schema\/logo\/image\/","url":"https:\/\/dilvps.eu\/dildivi\/wp-content\/uploads\/2022\/04\/dil_logo_stari_cisti_favicon.png","contentUrl":"https:\/\/dilvps.eu\/dildivi\/wp-content\/uploads\/2022\/04\/dil_logo_stari_cisti_favicon.png","width":512,"height":512,"caption":"Dil-93 d.o.o."},"image":{"@id":"https:\/\/dilvps.eu\/dildivi\/#\/schema\/logo\/image\/"}}]}},"_links":{"self":[{"href":"https:\/\/dilvps.eu\/dildivi\/wp-json\/wp\/v2\/pages\/55"}],"collection":[{"href":"https:\/\/dilvps.eu\/dildivi\/wp-json\/wp\/v2\/pages"}],"about":[{"href":"https:\/\/dilvps.eu\/dildivi\/wp-json\/wp\/v2\/types\/page"}],"author":[{"embeddable":true,"href":"https:\/\/dilvps.eu\/dildivi\/wp-json\/wp\/v2\/users\/2"}],"replies":[{"embeddable":true,"href":"https:\/\/dilvps.eu\/dildivi\/wp-json\/wp\/v2\/comments?post=55"}],"version-history":[{"count":0,"href":"https:\/\/dilvps.eu\/dildivi\/wp-json\/wp\/v2\/pages\/55\/revisions"}],"wp:featuredmedia":[{"embeddable":true,"href":"https:\/\/dilvps.eu\/dildivi\/wp-json\/wp\/v2\/media\/1116"}],"wp:attachment":[{"href":"https:\/\/dilvps.eu\/dildivi\/wp-json\/wp\/v2\/media?parent=55"}],"curies":[{"name":"wp","href":"https:\/\/api.w.org\/{rel}","templated":true}]}}