{"id":49,"date":"2022-03-28T18:04:06","date_gmt":"2022-03-28T18:04:06","guid":{"rendered":"https:\/\/dilvps.eu\/dildivi\/?page_id=49"},"modified":"2022-12-22T15:36:09","modified_gmt":"2022-12-22T14:36:09","slug":"program-glavna-knjiga","status":"publish","type":"page","link":"https:\/\/dilvps.eu\/dildivi\/program-glavna-knjiga\/","title":{"rendered":"Program Glavna knjiga"},"content":{"rendered":"<p>[et_pb_section fb_built=&#8221;1&#8243; _builder_version=&#8221;4.16&#8243; _module_preset=&#8221;default&#8221; global_colors_info=&#8221;{}&#8221;][et_pb_row column_structure=&#8221;1_2,1_2&#8243; _builder_version=&#8221;4.16&#8243; _module_preset=&#8221;default&#8221; global_colors_info=&#8221;{}&#8221;][et_pb_column type=&#8221;1_2&#8243; _builder_version=&#8221;4.16&#8243; _module_preset=&#8221;default&#8221; global_colors_info=&#8221;{}&#8221;][et_pb_image src=&#8221;https:\/\/dilvps.eu\/dildivi\/wp-content\/uploads\/2022\/03\/glavna_knjiga_box_625x500.jpg&#8221; title_text=&#8221;glavna_knjiga_box_625x500&#8243; _builder_version=&#8221;4.16&#8243; _module_preset=&#8221;default&#8221; global_colors_info=&#8221;{}&#8221;][\/et_pb_image][\/et_pb_column][et_pb_column type=&#8221;1_2&#8243; _builder_version=&#8221;4.16&#8243; _module_preset=&#8221;default&#8221; global_colors_info=&#8221;{}&#8221;][et_pb_text _builder_version=&#8221;4.17.4&#8243; _module_preset=&#8221;default&#8221; header_3_font=&#8221;|||on|||||&#8221; header_3_text_color=&#8221;#606060&#8243; header_3_font_size=&#8221;20px&#8221; custom_margin=&#8221;||0px||false|false&#8221; global_colors_info=&#8221;{}&#8221;]<\/p>\n<h1>Program Glavna knjiga<\/h1>\n<h3>Knjigovodstveni program<\/h3>\n<p>[\/et_pb_text][et_pb_divider color=&#8221;#c6c6c6&#8243; _builder_version=&#8221;4.16.1&#8243; _module_preset=&#8221;default&#8221; custom_margin=&#8221;||0px||false|false&#8221; global_colors_info=&#8221;{}&#8221;][\/et_pb_divider][et_pb_text _builder_version=&#8221;4.16&#8243; _module_preset=&#8221;default&#8221; global_colors_info=&#8221;{}&#8221;]Bez glavne knjige se ne mo\u017ee. Kad je ve\u0107 tako nastojali smo da bude kao i svi ostali na\u0161i programi jednostavna, pouzdana i brza. <\/p>\n<p>Smatramo da bi ovaj modul trebao biti kod vas a ne kod va\u0161eg knjigovo\u0111e. Kako je knji\u017eenje izlaznih ra\u010duna, ulaznih ra\u010duna, primki i otpremnica (ili ra\u010duna-otpremnica) u potpunosti automatizirano nema smisla ni potrebe da nosite registratore knjigovo\u0111i i \u010dekate u najboljoj varijanti tjednima da bi dobili otvorene stavke ili informacije o dobiti.<\/p>\n<p>Izvode mo\u017eete automatski u\u010ditati u temljnicu. Automatsko je i zatvaranje otvorenih stavki i dodjela konta.<\/p>\n<p>Svaki partner ako je i kupac i dobavlja\u010d ima isti analiti\u010dki dio konta na 120 i 220. To omogu\u0107ava da na ispisu otvorenih stavki vidite da li postoji mogu\u0107nost prijeboja potra\u017eivanja.[\/et_pb_text][et_pb_button button_text=&#8221;DEMO&#8221; button_alignment=&#8221;right&#8221; disabled_on=&#8221;on|on|on&#8221; _builder_version=&#8221;4.16&#8243; _module_preset=&#8221;default&#8221; disabled=&#8221;on&#8221; global_colors_info=&#8221;{}&#8221;][\/et_pb_button][\/et_pb_column][\/et_pb_row][et_pb_row _builder_version=&#8221;4.17.3&#8243; _module_preset=&#8221;default&#8221; border_width_top=&#8221;1px&#8221; border_color_top=&#8221;#cccccc&#8221; global_colors_info=&#8221;{}&#8221;][et_pb_column type=&#8221;4_4&#8243; _builder_version=&#8221;4.17.3&#8243; _module_preset=&#8221;default&#8221; global_colors_info=&#8221;{}&#8221;][et_pb_gallery gallery_ids=&#8221;1141,1142,1143,1144,1145,1146&#8243; _builder_version=&#8221;4.17.3&#8243; _module_preset=&#8221;default&#8221; title_text_align=&#8221;center&#8221; title_text_color=&#8221;#363636&#8243; title_font_size=&#8221;15px&#8221; global_colors_info=&#8221;{}&#8221;][\/et_pb_gallery][\/et_pb_column][\/et_pb_row][et_pb_row disabled_on=&#8221;on|on|on&#8221; _builder_version=&#8221;4.16&#8243; _module_preset=&#8221;default&#8221; disabled=&#8221;on&#8221; global_colors_info=&#8221;{}&#8221;][et_pb_column type=&#8221;4_4&#8243; _builder_version=&#8221;4.16&#8243; _module_preset=&#8221;default&#8221; global_colors_info=&#8221;{}&#8221;][et_pb_accordion toggle_icon=&#8221;&#x3f;||divi||400&#8243; _builder_version=&#8221;4.16&#8243; _module_preset=&#8221;default&#8221; global_colors_info=&#8221;{}&#8221;][et_pb_accordion_item title=&#8221;Glavna knjiga sadr\u017ei:&#8221; open=&#8221;on&#8221; _builder_version=&#8221;4.16&#8243; _module_preset=&#8221;default&#8221; global_colors_info=&#8221;{}&#8221;]<\/p>\n<ul>\n<li>Knji\u017eenje (pregled i unos temeljnica sa automatskim zatvaranjem stavki pri unosu izvoda, kunski i devizni iznosi)<\/li>\n<li>Pregled kartica (i obra\u010dun kamata, ru\u010dno zatvaranje stavki)<\/li>\n<li>Kontni plan<\/li>\n<li>Skra\u0107ena bilanca (mogu\u0107nost odabira broja znamenki)<\/li>\n<li>Bilanca (mogu\u0107nost odabira broja znamenki, portret ili pejza\u017e ispis)<\/li>\n<li>Ispis dnevnika (po broju dokumenta, datumu, broju temeljnice)<\/li>\n<li>Saldo temeljnica (mogu\u0107nost prikaza temeljnica koje nisu na 0)<\/li>\n<li>Vrste dokumenata <\/li>\n<li>Parametri (unos podataka firme)<\/li>\n<li>Otvorene stavke (pregled otvorenih stavaka po firmama, kontima)<\/li>\n<li>Prihod po mjesecima (usluga, roba, proizvod)<\/li>\n<li>Ra\u010dun dobiti i gubitka (mogu\u0107nost odabira broja znamenki)<\/li>\n<li>Prosje\u010dan broj dana za naplatu ra\u010duna<\/li>\n<\/ul>\n<p>[\/et_pb_accordion_item][et_pb_accordion_item title=&#8221;Izvje\u0161taji za managere:&#8221; _builder_version=&#8221;4.16&#8243; _module_preset=&#8221;default&#8221; global_colors_info=&#8221;{}&#8221; open=&#8221;off&#8221;]<\/p>\n<ul>\n<li>BILANCA STANJA na odre\u0111eni datum zakonska, subsinteti\u010dka i analiti\u010dka<\/li>\n<li>RA\u010cUN DOBITI I GUBITKA za vremenski period<\/li>\n<li>OTVORENE STAVKE kupaca ili dobavlja\u010da\n<ul>\n<li>listanje po kontu ili nazivu<\/li>\n<li>listanje po djelatniku odgovornom za pra\u0107enje odre\u0111enog partnera<\/li>\n<li>listanje po datumu dospije\u0107a<\/li>\n<li>listanje po radnoj jedinici \/ mjestu tro\u0161ka<\/li>\n<li>usporedni pregled potra\u017eivanja i obveza, ako je rije\u010d o istom poslovnom partneru<\/li>\n<li>obra\u010dun kamata na otvorene stavke<\/li>\n<\/ul>\n<\/li>\n<li>PRIHOD PO MJESECIMA I VRSTI PRIHODA<\/li>\n<li>PROSJE\u010cAN BROJ DANA ZA UPLATE<\/li>\n<li>EXPORT PODATAKA U EXCEL (svih izvje\u0161taja, u okviru opcije servis).<\/li>\n<\/ul>\n<p>[\/et_pb_accordion_item][et_pb_accordion_item title=&#8221;Servis:&#8221; _builder_version=&#8221;4.16&#8243; _module_preset=&#8221;default&#8221; global_colors_info=&#8221;{}&#8221; open=&#8221;off&#8221;]<\/p>\n<ul>\n<li>Provjera po vrsti i broju dokumenta<\/li>\n<li>Zbrajanje konta<\/li>\n<li>Zatvaranje klase 4 i 7<\/li>\n<li>Prikaz pogre\u0161no zatvorenih stavaka 12 i 22<\/li>\n<li>Djelatnici &#8211; prava pristupa<\/li>\n<li>Izvoz podataka za centralu<\/li>\n<li>Uvoz podataka iz poslovnice<\/li>\n<li>Izvoz podataka u Excel datoteku.<\/li>\n<li>Instaliranje novih verzija preko Interneta.<\/li>\n<li>Slanje svih podataka e-po\u0161tom<\/li>\n<li>Otvaranje nove godine<\/li>\n<li>Reindeksiranje<\/li>\n<li>Brisanje dnevnika (svih temeljnica)<\/li>\n<li>Izrada po\u010detnog stanja<\/li>\n<li>Ubacivanje po\u010detnog stanja<\/li>\n<\/ul>\n<p>[\/et_pb_accordion_item][\/et_pb_accordion][\/et_pb_column][\/et_pb_row][et_pb_row _builder_version=&#8221;4.16&#8243; _module_preset=&#8221;default&#8221; global_colors_info=&#8221;{}&#8221;][et_pb_column type=&#8221;4_4&#8243; _builder_version=&#8221;4.16&#8243; _module_preset=&#8221;default&#8221; global_colors_info=&#8221;{}&#8221;][et_pb_toggle title=&#8221;Glavna knjiga sadr\u017ei&#8221; open_toggle_text_color=&#8221;#9E0039&#8243; closed_toggle_text_color=&#8221;#9E0039&#8243; closed_toggle_background_color=&#8221;#FFFFFF&#8221; icon_color=&#8221;#9E0039&#8243; toggle_icon=&#8221;&#x4c;||divi||400&#8243; use_icon_font_size=&#8221;on&#8221; icon_font_size=&#8221;32px&#8221; open_icon_color=&#8221;#9E0039&#8243; open_toggle_icon=&#8221;&#x4b;||divi||400&#8243; open_use_icon_font_size=&#8221;on&#8221; open_icon_font_size=&#8221;32px&#8221; _builder_version=&#8221;4.19.1&#8243; _module_preset=&#8221;default&#8221; title_level=&#8221;h2&#8243; border_width_all=&#8221;0px&#8221; border_width_bottom=&#8221;1px&#8221; global_colors_info=&#8221;{}&#8221;]<\/p>\n<ul>\n<li>Knji\u017eenje (pregled i unos temeljnica sa automatskim zatvaranjem stavki pri unosu izvoda, kunski i devizni iznosi)<\/li>\n<li>Pregled kartica (i obra\u010dun kamata, ru\u010dno zatvaranje stavki)<\/li>\n<li>Kontni plan<\/li>\n<li>Skra\u0107ena bilanca (mogu\u0107nost odabira broja znamenki)<\/li>\n<li>Bilanca (mogu\u0107nost odabira broja znamenki, portret ili pejza\u017e ispis)<\/li>\n<li>Ispis dnevnika (po broju dokumenta, datumu, broju temeljnice)<\/li>\n<li>Saldo temeljnica (mogu\u0107nost prikaza temeljnica koje nisu na 0)<\/li>\n<li>Vrste dokumenata<\/li>\n<li>Parametri (unos podataka firme)<\/li>\n<li>Otvorene stavke (pregled otvorenih stavaka po firmama, kontima)<\/li>\n<li>Prihod po mjesecima (usluga, roba, proizvod)<\/li>\n<li>Ra\u010dun dobiti i gubitka (mogu\u0107nost odabira broja znamenki)<\/li>\n<li>Prosje\u010dan broj dana za naplatu ra\u010duna<\/li>\n<\/ul>\n<p>[\/et_pb_toggle][et_pb_toggle title=&#8221;Izvje\u0161taji za managere&#8221; open_toggle_text_color=&#8221;#9E0039&#8243; closed_toggle_text_color=&#8221;#9E0039&#8243; closed_toggle_background_color=&#8221;#FFFFFF&#8221; icon_color=&#8221;#9E0039&#8243; toggle_icon=&#8221;&#x4c;||divi||400&#8243; use_icon_font_size=&#8221;on&#8221; icon_font_size=&#8221;32px&#8221; open_icon_color=&#8221;#9E0039&#8243; open_toggle_icon=&#8221;&#x4b;||divi||400&#8243; open_use_icon_font_size=&#8221;on&#8221; open_icon_font_size=&#8221;32px&#8221; _builder_version=&#8221;4.19.1&#8243; _module_preset=&#8221;default&#8221; title_level=&#8221;h2&#8243; border_width_all=&#8221;0px&#8221; border_width_bottom=&#8221;1px&#8221; locked=&#8221;off&#8221; global_colors_info=&#8221;{}&#8221;]<\/p>\n<ul>\n<li>BILANCA STANJA na odre\u0111eni datum zakonska, subsinteti\u010dka i analiti\u010dka<\/li>\n<li>RA\u010cUN DOBITI I GUBITKA za vremenski period<\/li>\n<li>OTVORENE STAVKE kupaca ili dobavlja\u010da\n<ul>\n<li>listanje po kontu ili nazivu<\/li>\n<li>listanje po djelatniku odgovornom za pra\u0107enje odre\u0111enog partnera<\/li>\n<li>listanje po datumu dospije\u0107a<\/li>\n<li>listanje po radnoj jedinici \/ mjestu tro\u0161ka<\/li>\n<li>usporedni pregled potra\u017eivanja i obveza, ako je rije\u010d o istom poslovnom partneru<\/li>\n<li>obra\u010dun kamata na otvorene stavke<\/li>\n<\/ul>\n<\/li>\n<li>PRIHOD PO MJESECIMA I VRSTI PRIHODA<\/li>\n<li>PROSJE\u010cAN BROJ DANA ZA UPLATE<\/li>\n<li>EXPORT PODATAKA U EXCEL (svih izvje\u0161taja, u okviru opcije servis).<\/li>\n<\/ul>\n<p>[\/et_pb_toggle][et_pb_toggle title=&#8221;Servis&#8221; open_toggle_text_color=&#8221;#9E0039&#8243; closed_toggle_text_color=&#8221;#9E0039&#8243; closed_toggle_background_color=&#8221;#FFFFFF&#8221; icon_color=&#8221;#9E0039&#8243; toggle_icon=&#8221;&#x4c;||divi||400&#8243; use_icon_font_size=&#8221;on&#8221; icon_font_size=&#8221;32px&#8221; open_icon_color=&#8221;#9E0039&#8243; open_toggle_icon=&#8221;&#x4b;||divi||400&#8243; open_use_icon_font_size=&#8221;on&#8221; open_icon_font_size=&#8221;32px&#8221; _builder_version=&#8221;4.19.1&#8243; _module_preset=&#8221;default&#8221; title_level=&#8221;h2&#8243; border_width_all=&#8221;0px&#8221; border_width_bottom=&#8221;1px&#8221; locked=&#8221;off&#8221; global_colors_info=&#8221;{}&#8221;]<\/p>\n<ul>\n<li>Provjera po vrsti i broju dokumenta<\/li>\n<li>Zbrajanje konta<\/li>\n<li>Zatvaranje klase 4 i 7<\/li>\n<li>Prikaz pogre\u0161no zatvorenih stavaka 12 i 22<\/li>\n<li>Djelatnici &#8211; prava pristupa<\/li>\n<li>Izvoz podataka za centralu<\/li>\n<li>Uvoz podataka iz poslovnice<\/li>\n<li>Izvoz podataka u Excel datoteku.<\/li>\n<li>Instaliranje novih verzija preko Interneta.<\/li>\n<li>Slanje svih podataka e-po\u0161tom<\/li>\n<li>Otvaranje nove godine<\/li>\n<li>Reindeksiranje<\/li>\n<li>Brisanje dnevnika (svih temeljnica)<\/li>\n<li>Izrada po\u010detnog stanja<\/li>\n<li>Ubacivanje po\u010detnog stanja<\/li>\n<\/ul>\n<p>[\/et_pb_toggle][\/et_pb_column][\/et_pb_row][\/et_pb_section]<\/p>\n","protected":false},"excerpt":{"rendered":"<p>Program Glavna knjiga Knjigovodstveni programBez glavne knjige se ne mo\u017ee. Kad je ve\u0107 tako nastojali smo da bude kao i svi ostali na\u0161i programi jednostavna, pouzdana i brza. Smatramo da bi ovaj modul trebao biti kod vas a ne kod va\u0161eg knjigovo\u0111e. Kako je knji\u017eenje izlaznih ra\u010duna, ulaznih ra\u010duna, primki i otpremnica (ili ra\u010duna-otpremnica) u [&hellip;]<\/p>\n","protected":false},"author":2,"featured_media":592,"parent":0,"menu_order":0,"comment_status":"closed","ping_status":"closed","template":"","meta":{"_et_pb_use_builder":"on","_et_pb_old_content":"<!-- wp:divi\/placeholder \/-->","_et_gb_content_width":"","footnotes":""},"yoast_head":"<!-- This site is optimized with the Yoast SEO Premium plugin v19.5 (Yoast SEO v23.5) - https:\/\/yoast.com\/wordpress\/plugins\/seo\/ -->\n<title>Program Glavna knjiga - Dil-93 d.o.o.<\/title>\n<meta name=\"description\" content=\"Glavna knjiga, automatsko u\u010ditavanje URA, IRA, Obra\u010duna pla\u0107a, u\u010ditavanje izvoda, automatsko zatvaranje stavka,...\" \/>\n<meta name=\"robots\" content=\"index, follow, max-snippet:-1, max-image-preview:large, max-video-preview:-1\" \/>\n<link rel=\"canonical\" href=\"https:\/\/dilvps.eu\/dildivi\/program-glavna-knjiga\/\" \/>\n<meta property=\"og:locale\" content=\"hr_HR\" \/>\n<meta property=\"og:type\" content=\"article\" \/>\n<meta property=\"og:title\" content=\"Program Glavna knjiga\" \/>\n<meta property=\"og:description\" content=\"Glavna knjiga, automatsko u\u010ditavanje URA, IRA, Obra\u010duna pla\u0107a, u\u010ditavanje izvoda, automatsko zatvaranje stavka,...\" \/>\n<meta property=\"og:url\" content=\"https:\/\/dilvps.eu\/dildivi\/program-glavna-knjiga\/\" \/>\n<meta property=\"og:site_name\" content=\"Dil-93 d.o.o.\" \/>\n<meta property=\"article:modified_time\" content=\"2022-12-22T14:36:09+00:00\" \/>\n<meta property=\"og:image\" content=\"https:\/\/dilvps.eu\/dildivi\/wp-content\/uploads\/2022\/03\/gk_box_featured-16-9.jpg\" \/>\n\t<meta property=\"og:image:width\" content=\"510\" \/>\n\t<meta property=\"og:image:height\" content=\"287\" \/>\n\t<meta property=\"og:image:type\" content=\"image\/jpeg\" \/>\n<meta name=\"twitter:card\" content=\"summary_large_image\" \/>\n<meta name=\"twitter:label1\" content=\"Procijenjeno vrijeme \u010ditanja\" \/>\n\t<meta name=\"twitter:data1\" content=\"4 minute\" \/>\n<script type=\"application\/ld+json\" class=\"yoast-schema-graph\">{\"@context\":\"https:\/\/schema.org\",\"@graph\":[{\"@type\":\"WebPage\",\"@id\":\"https:\/\/dilvps.eu\/dildivi\/program-glavna-knjiga\/\",\"url\":\"https:\/\/dilvps.eu\/dildivi\/program-glavna-knjiga\/\",\"name\":\"Program Glavna knjiga - Dil-93 d.o.o.\",\"isPartOf\":{\"@id\":\"https:\/\/dilvps.eu\/dildivi\/#website\"},\"primaryImageOfPage\":{\"@id\":\"https:\/\/dilvps.eu\/dildivi\/program-glavna-knjiga\/#primaryimage\"},\"image\":{\"@id\":\"https:\/\/dilvps.eu\/dildivi\/program-glavna-knjiga\/#primaryimage\"},\"thumbnailUrl\":\"https:\/\/dilvps.eu\/dildivi\/wp-content\/uploads\/2022\/03\/gk_box_featured-16-9.jpg\",\"datePublished\":\"2022-03-28T18:04:06+00:00\",\"dateModified\":\"2022-12-22T14:36:09+00:00\",\"description\":\"Glavna knjiga, automatsko u\u010ditavanje URA, IRA, Obra\u010duna pla\u0107a, u\u010ditavanje izvoda, automatsko zatvaranje stavka,...\",\"breadcrumb\":{\"@id\":\"https:\/\/dilvps.eu\/dildivi\/program-glavna-knjiga\/#breadcrumb\"},\"inLanguage\":\"hr\",\"potentialAction\":[{\"@type\":\"ReadAction\",\"target\":[\"https:\/\/dilvps.eu\/dildivi\/program-glavna-knjiga\/\"]}]},{\"@type\":\"ImageObject\",\"inLanguage\":\"hr\",\"@id\":\"https:\/\/dilvps.eu\/dildivi\/program-glavna-knjiga\/#primaryimage\",\"url\":\"https:\/\/dilvps.eu\/dildivi\/wp-content\/uploads\/2022\/03\/gk_box_featured-16-9.jpg\",\"contentUrl\":\"https:\/\/dilvps.eu\/dildivi\/wp-content\/uploads\/2022\/03\/gk_box_featured-16-9.jpg\",\"width\":510,\"height\":287},{\"@type\":\"BreadcrumbList\",\"@id\":\"https:\/\/dilvps.eu\/dildivi\/program-glavna-knjiga\/#breadcrumb\",\"itemListElement\":[{\"@type\":\"ListItem\",\"position\":1,\"name\":\"Home\",\"item\":\"https:\/\/dilvps.eu\/dildivi\/\"},{\"@type\":\"ListItem\",\"position\":2,\"name\":\"Program Glavna knjiga\"}]},{\"@type\":\"WebSite\",\"@id\":\"https:\/\/dilvps.eu\/dildivi\/#website\",\"url\":\"https:\/\/dilvps.eu\/dildivi\/\",\"name\":\"Dil-93 d.o.o.\",\"description\":\"Informati\u010dki in\u017einjering i usluge\",\"publisher\":{\"@id\":\"https:\/\/dilvps.eu\/dildivi\/#organization\"},\"potentialAction\":[{\"@type\":\"SearchAction\",\"target\":{\"@type\":\"EntryPoint\",\"urlTemplate\":\"https:\/\/dilvps.eu\/dildivi\/?s={search_term_string}\"},\"query-input\":{\"@type\":\"PropertyValueSpecification\",\"valueRequired\":true,\"valueName\":\"search_term_string\"}}],\"inLanguage\":\"hr\"},{\"@type\":\"Organization\",\"@id\":\"https:\/\/dilvps.eu\/dildivi\/#organization\",\"name\":\"Dil-93 d.o.o.\",\"url\":\"https:\/\/dilvps.eu\/dildivi\/\",\"logo\":{\"@type\":\"ImageObject\",\"inLanguage\":\"hr\",\"@id\":\"https:\/\/dilvps.eu\/dildivi\/#\/schema\/logo\/image\/\",\"url\":\"https:\/\/dilvps.eu\/dildivi\/wp-content\/uploads\/2022\/04\/dil_logo_stari_cisti_favicon.png\",\"contentUrl\":\"https:\/\/dilvps.eu\/dildivi\/wp-content\/uploads\/2022\/04\/dil_logo_stari_cisti_favicon.png\",\"width\":512,\"height\":512,\"caption\":\"Dil-93 d.o.o.\"},\"image\":{\"@id\":\"https:\/\/dilvps.eu\/dildivi\/#\/schema\/logo\/image\/\"}}]}<\/script>\n<!-- \/ Yoast SEO Premium plugin. -->","yoast_head_json":{"title":"Program Glavna knjiga - Dil-93 d.o.o.","description":"Glavna knjiga, automatsko u\u010ditavanje URA, IRA, Obra\u010duna pla\u0107a, u\u010ditavanje izvoda, automatsko zatvaranje stavka,...","robots":{"index":"index","follow":"follow","max-snippet":"max-snippet:-1","max-image-preview":"max-image-preview:large","max-video-preview":"max-video-preview:-1"},"canonical":"https:\/\/dilvps.eu\/dildivi\/program-glavna-knjiga\/","og_locale":"hr_HR","og_type":"article","og_title":"Program Glavna knjiga","og_description":"Glavna knjiga, automatsko u\u010ditavanje URA, IRA, Obra\u010duna pla\u0107a, u\u010ditavanje izvoda, automatsko zatvaranje stavka,...","og_url":"https:\/\/dilvps.eu\/dildivi\/program-glavna-knjiga\/","og_site_name":"Dil-93 d.o.o.","article_modified_time":"2022-12-22T14:36:09+00:00","og_image":[{"width":510,"height":287,"url":"https:\/\/dilvps.eu\/dildivi\/wp-content\/uploads\/2022\/03\/gk_box_featured-16-9.jpg","type":"image\/jpeg"}],"twitter_card":"summary_large_image","twitter_misc":{"Procijenjeno vrijeme \u010ditanja":"4 minute"},"schema":{"@context":"https:\/\/schema.org","@graph":[{"@type":"WebPage","@id":"https:\/\/dilvps.eu\/dildivi\/program-glavna-knjiga\/","url":"https:\/\/dilvps.eu\/dildivi\/program-glavna-knjiga\/","name":"Program Glavna knjiga - Dil-93 d.o.o.","isPartOf":{"@id":"https:\/\/dilvps.eu\/dildivi\/#website"},"primaryImageOfPage":{"@id":"https:\/\/dilvps.eu\/dildivi\/program-glavna-knjiga\/#primaryimage"},"image":{"@id":"https:\/\/dilvps.eu\/dildivi\/program-glavna-knjiga\/#primaryimage"},"thumbnailUrl":"https:\/\/dilvps.eu\/dildivi\/wp-content\/uploads\/2022\/03\/gk_box_featured-16-9.jpg","datePublished":"2022-03-28T18:04:06+00:00","dateModified":"2022-12-22T14:36:09+00:00","description":"Glavna knjiga, automatsko u\u010ditavanje URA, IRA, Obra\u010duna pla\u0107a, u\u010ditavanje izvoda, automatsko zatvaranje stavka,...","breadcrumb":{"@id":"https:\/\/dilvps.eu\/dildivi\/program-glavna-knjiga\/#breadcrumb"},"inLanguage":"hr","potentialAction":[{"@type":"ReadAction","target":["https:\/\/dilvps.eu\/dildivi\/program-glavna-knjiga\/"]}]},{"@type":"ImageObject","inLanguage":"hr","@id":"https:\/\/dilvps.eu\/dildivi\/program-glavna-knjiga\/#primaryimage","url":"https:\/\/dilvps.eu\/dildivi\/wp-content\/uploads\/2022\/03\/gk_box_featured-16-9.jpg","contentUrl":"https:\/\/dilvps.eu\/dildivi\/wp-content\/uploads\/2022\/03\/gk_box_featured-16-9.jpg","width":510,"height":287},{"@type":"BreadcrumbList","@id":"https:\/\/dilvps.eu\/dildivi\/program-glavna-knjiga\/#breadcrumb","itemListElement":[{"@type":"ListItem","position":1,"name":"Home","item":"https:\/\/dilvps.eu\/dildivi\/"},{"@type":"ListItem","position":2,"name":"Program Glavna knjiga"}]},{"@type":"WebSite","@id":"https:\/\/dilvps.eu\/dildivi\/#website","url":"https:\/\/dilvps.eu\/dildivi\/","name":"Dil-93 d.o.o.","description":"Informati\u010dki in\u017einjering i usluge","publisher":{"@id":"https:\/\/dilvps.eu\/dildivi\/#organization"},"potentialAction":[{"@type":"SearchAction","target":{"@type":"EntryPoint","urlTemplate":"https:\/\/dilvps.eu\/dildivi\/?s={search_term_string}"},"query-input":{"@type":"PropertyValueSpecification","valueRequired":true,"valueName":"search_term_string"}}],"inLanguage":"hr"},{"@type":"Organization","@id":"https:\/\/dilvps.eu\/dildivi\/#organization","name":"Dil-93 d.o.o.","url":"https:\/\/dilvps.eu\/dildivi\/","logo":{"@type":"ImageObject","inLanguage":"hr","@id":"https:\/\/dilvps.eu\/dildivi\/#\/schema\/logo\/image\/","url":"https:\/\/dilvps.eu\/dildivi\/wp-content\/uploads\/2022\/04\/dil_logo_stari_cisti_favicon.png","contentUrl":"https:\/\/dilvps.eu\/dildivi\/wp-content\/uploads\/2022\/04\/dil_logo_stari_cisti_favicon.png","width":512,"height":512,"caption":"Dil-93 d.o.o."},"image":{"@id":"https:\/\/dilvps.eu\/dildivi\/#\/schema\/logo\/image\/"}}]}},"_links":{"self":[{"href":"https:\/\/dilvps.eu\/dildivi\/wp-json\/wp\/v2\/pages\/49"}],"collection":[{"href":"https:\/\/dilvps.eu\/dildivi\/wp-json\/wp\/v2\/pages"}],"about":[{"href":"https:\/\/dilvps.eu\/dildivi\/wp-json\/wp\/v2\/types\/page"}],"author":[{"embeddable":true,"href":"https:\/\/dilvps.eu\/dildivi\/wp-json\/wp\/v2\/users\/2"}],"replies":[{"embeddable":true,"href":"https:\/\/dilvps.eu\/dildivi\/wp-json\/wp\/v2\/comments?post=49"}],"version-history":[{"count":0,"href":"https:\/\/dilvps.eu\/dildivi\/wp-json\/wp\/v2\/pages\/49\/revisions"}],"wp:featuredmedia":[{"embeddable":true,"href":"https:\/\/dilvps.eu\/dildivi\/wp-json\/wp\/v2\/media\/592"}],"wp:attachment":[{"href":"https:\/\/dilvps.eu\/dildivi\/wp-json\/wp\/v2\/media?parent=49"}],"curies":[{"name":"wp","href":"https:\/\/api.w.org\/{rel}","templated":true}]}}