{"id":43,"date":"2022-03-28T18:03:07","date_gmt":"2022-03-28T18:03:07","guid":{"rendered":"https:\/\/dilvps.eu\/dildivi\/?page_id=43"},"modified":"2022-12-30T18:02:36","modified_gmt":"2022-12-30T17:02:36","slug":"program-za-veleprodaju","status":"publish","type":"page","link":"https:\/\/dilvps.eu\/dildivi\/program-za-veleprodaju\/","title":{"rendered":"Program za veleprodaju"},"content":{"rendered":"<p>[et_pb_section fb_built=&#8221;1&#8243; _builder_version=&#8221;4.19.1&#8243; _module_preset=&#8221;default&#8221; custom_padding=&#8221;0px||0px||true|false&#8221; global_colors_info=&#8221;{}&#8221;][et_pb_row column_structure=&#8221;1_2,1_2&#8243; _builder_version=&#8221;4.16&#8243; _module_preset=&#8221;default&#8221; global_colors_info=&#8221;{}&#8221;][et_pb_column type=&#8221;1_2&#8243; _builder_version=&#8221;4.16&#8243; _module_preset=&#8221;default&#8221; global_colors_info=&#8221;{}&#8221;][et_pb_image src=&#8221;https:\/\/dilvps.eu\/dildivi\/wp-content\/uploads\/2022\/03\/veleprodaja_RIP_box_625x500.jpg&#8221; title_text=&#8221;veleprodaja_RIP_box_625x500&#8243; align=&#8221;center&#8221; disabled_on=&#8221;off|off|off&#8221; _builder_version=&#8221;4.16&#8243; _module_preset=&#8221;default&#8221; global_colors_info=&#8221;{}&#8221;][\/et_pb_image][\/et_pb_column][et_pb_column type=&#8221;1_2&#8243; _builder_version=&#8221;4.16&#8243; _module_preset=&#8221;default&#8221; global_colors_info=&#8221;{}&#8221;][et_pb_text _builder_version=&#8221;4.16.0&#8243; _dynamic_attributes=&#8221;content&#8221; _module_preset=&#8221;default&#8221; custom_margin=&#8221;5px||0px||false|false&#8221; global_colors_info=&#8221;{}&#8221;]@ET-DC@eyJkeW5hbWljIjp0cnVlLCJjb250ZW50IjoicG9zdF90aXRsZSIsInNldHRpbmdzIjp7ImJlZm9yZSI6IjxoMT4iLCJhZnRlciI6IjwvaDE+In19@[\/et_pb_text][et_pb_text _builder_version=&#8221;4.17.6&#8243; _module_preset=&#8221;default&#8221; header_2_font=&#8221;|||on|||||&#8221; header_2_text_color=&#8221;#363636&#8243; header_2_font_size=&#8221;18px&#8221; custom_margin=&#8221;0px||0px||false|false&#8221; custom_padding=&#8221;||||false|false&#8221; global_colors_info=&#8221;{}&#8221;]<\/p>\n<h2>Knjigovodstveni program Rip<\/h2>\n<p>[\/et_pb_text][et_pb_divider show_divider=&#8221;off&#8221; _builder_version=&#8221;4.16.0&#8243; _module_preset=&#8221;default&#8221; custom_margin=&#8221;0px||0px||true|false&#8221; custom_padding=&#8221;0px||0px||true|false&#8221; border_width_top=&#8221;1px&#8221; border_color_top=&#8221;#d8d8d8&#8243; global_colors_info=&#8221;{}&#8221;][\/et_pb_divider][et_pb_text _builder_version=&#8221;4.19.4&#8243; _module_preset=&#8221;default&#8221; hover_enabled=&#8221;0&#8243; global_colors_info=&#8221;{}&#8221; sticky_enabled=&#8221;0&#8243;]<\/p>\n<h2>Na\u0161 &#8216;najja\u010di&#8217; program.\u00a0<\/h2>\n<p>Uz njega vam trebaju jo\u0161 samo Glavna knjiga i Program za obra\u010dun pla\u0107a.<\/p>\n<p><strong>Sadr\u017ei:<\/strong><\/p>\n<ul>\n<li>Robno poslovanje<\/li>\n<li>Pra\u0107enje proizvodnje<\/li>\n<li>Knjiga URA\/IRA<\/li>\n<li>Obra\u010dun PDVa (ZP, PDV-S obrasci),<\/li>\n<li>Blagajni\u010dko poslovanje, e-ra\u010duni, evidencija i vo\u0111enje imovine i sitnog inventara poduze\u0107a.<\/li>\n<li><strong>Integracija sa Woocommerce B2C i B2B i Magento web shop<\/strong><\/li>\n<\/ul>\n<p>[\/et_pb_text][et_pb_button button_text=&#8221;Preuzmi Demo&#8221; button_alignment=&#8221;right&#8221; disabled_on=&#8221;on|on|on&#8221; _builder_version=&#8221;4.16.0&#8243; _module_preset=&#8221;default&#8221; disabled=&#8221;on&#8221; global_colors_info=&#8221;{}&#8221;][\/et_pb_button][\/et_pb_column][\/et_pb_row][et_pb_row _builder_version=&#8221;4.17.3&#8243; _module_preset=&#8221;default&#8221; custom_padding=&#8221;||1px|||&#8221; border_width_top=&#8221;1px&#8221; border_color_top=&#8221;#d1d1d1&#8243; global_colors_info=&#8221;{}&#8221;][et_pb_column type=&#8221;4_4&#8243; _builder_version=&#8221;4.17.3&#8243; _module_preset=&#8221;default&#8221; global_colors_info=&#8221;{}&#8221;][et_pb_gallery gallery_ids=&#8221;1149,1150,1151,1152,1153,1154&#8243; _builder_version=&#8221;4.17.3&#8243; _module_preset=&#8221;default&#8221; title_text_align=&#8221;center&#8221; title_text_color=&#8221;#363636&#8243; title_font_size=&#8221;15px&#8221; global_colors_info=&#8221;{}&#8221;][\/et_pb_gallery][\/et_pb_column][\/et_pb_row][et_pb_row _builder_version=&#8221;4.16&#8243; _module_preset=&#8221;default&#8221; global_colors_info=&#8221;{}&#8221;][et_pb_column type=&#8221;4_4&#8243; _builder_version=&#8221;4.16&#8243; _module_preset=&#8221;default&#8221; global_colors_info=&#8221;{}&#8221;][et_pb_text _builder_version=&#8221;4.16&#8243; _module_preset=&#8221;default&#8221; global_colors_info=&#8221;{}&#8221;]<\/p>\n<h3>Neke funkcionalnosti programa RIP:<\/h3>\n<ul>\n<li>Neograni\u010den unos podataka (broj kupaca, broj artikala, lot brojeva, broj skladi\u0161ta, broj ra\u010duna)<\/li>\n<li>Prodaja, fakturiranje u razli\u010ditim valutama<\/li>\n<li>Mogu\u0107nost definiranja razli\u010ditih cjenika i rabata za svakog kupca<\/li>\n<li>Kreiranje velikog broja izvje\u0161taja. Izvje\u0161taji vezani uz poslovanje su dostupni u svakom trenutku, a sadr\u017ee sve podatke unesene u program do trenutka kreiranja izvje\u0161taja.<\/li>\n<li>Export podataka i izvje\u0161taja u Excel i pdf<\/li>\n<li>Kreiranje naloga za u\u010ditavanje u Internet bankarstvo<\/li>\n<li>Svaki korisnik programa ima svoju \u0161ifru na temelju koje mu se dodjeljuju prava za rad s programom<\/li>\n<li>U svakom trenutku se mo\u017ee vidjeti koji korisnik je izvr\u0161io koju operaciju unutar programa<\/li>\n<li><strong>Evidencija serija, lot brojeva ili \u0161ar\u017ee<\/strong> (Sljedivost artikla, to\u010dno znamo kad i od koga je artikl iz serije A zaprimljen na skladi\u0161te te kome i kada je prodan)<\/li>\n<li><strong>Evidencija serijskog broja<\/strong> artikla (Svaki artikl (npr. mobitel) ima svoj serijski broj, potrebno radi popravaka u jamstvenom roku)<\/li>\n<li>Podr\u017eano slanje <strong>e-ra\u010duna<\/strong> iz programa<\/li>\n<\/ul>\n<p>[\/et_pb_text][\/et_pb_column][\/et_pb_row][et_pb_row _builder_version=&#8221;4.16&#8243; _module_preset=&#8221;default&#8221; global_colors_info=&#8221;{}&#8221;][et_pb_column type=&#8221;4_4&#8243; _builder_version=&#8221;4.16&#8243; _module_preset=&#8221;default&#8221; global_colors_info=&#8221;{}&#8221;][et_pb_text _builder_version=&#8221;4.19.4&#8243; _module_preset=&#8221;default&#8221; header_2_text_color=&#8221;#9E0039&#8243; global_colors_info=&#8221;{}&#8221;]<\/p>\n<h2>Detaljan popis dokumentata i mogu\u0107nosti<\/h2>\n<p>[\/et_pb_text][et_pb_accordion toggle_icon=&#8221;&#x3f;||divi||400&#8243; _builder_version=&#8221;4.19.4&#8243; _module_preset=&#8221;default&#8221; toggle_level=&#8221;h3&#8243; global_colors_info=&#8221;{}&#8221;][et_pb_accordion_item title=&#8221;Izdvojene stavke&#8221; open=&#8221;on&#8221; icon_color=&#8221;#9E0039&#8243; use_icon_font_size=&#8221;on&#8221; icon_font_size=&#8221;20px&#8221; _builder_version=&#8221;4.19.4&#8243; _module_preset=&#8221;default&#8221; global_colors_info=&#8221;{}&#8221; toggle_level=&#8221;h3&#8243;]<\/p>\n<p>Adresar,<br \/>Ponude,<br \/>Ra\u010duni<br \/>CRM<br \/>Lista radnih naloga,<br \/>Cjenik auto dijelova<br \/>Lista vozila<br \/>Knjiga primitaka i izdataka<\/p>\n<p>[\/et_pb_accordion_item][et_pb_accordion_item title=&#8221;Liste dokumenata&#8221; icon_color=&#8221;#9E0039&#8243; use_icon_font_size=&#8221;on&#8221; icon_font_size=&#8221;20px&#8221; _builder_version=&#8221;4.19.4&#8243; _module_preset=&#8221;default&#8221; global_colors_info=&#8221;{}&#8221; toggle_level=&#8221;h3&#8243; open=&#8221;off&#8221;]<\/p>\n<p>Lista ponuda, Lista nepla\u0107enih izlaznih ra\u010duna, Lista primki, Lista otpremnica, Lista me\u0111uskladi\u0161nica, Lista ostalih dokumenata, Lista narud\u017ebenica, Lista dokumenata u terminalnoj obradi, Ispis dokumenata u terminalnoj obradi<\/p>\n<p>[\/et_pb_accordion_item][et_pb_accordion_item title=&#8221;Skladi\u0161te&#8221; icon_color=&#8221;#9E0039&#8243; use_icon_font_size=&#8221;on&#8221; icon_font_size=&#8221;20px&#8221; _builder_version=&#8221;4.19.4&#8243; _module_preset=&#8221;default&#8221; global_colors_info=&#8221;{}&#8221; toggle_level=&#8221;h3&#8243; open=&#8221;off&#8221;]<\/p>\n<p>Skladi\u0161te<br \/>Skladi\u0161na lista &#8211; \u0161ifrarnik,<br \/>Primke jednostavnije,<br \/>Primke sa ve\u0107om analitikom zavisnih tro\u0161kova,<br \/>Otpremnice,<br \/>Serijski brojevi,<br \/>Ulaz &#8211; izlaz ostali dokumenti,<br \/>Vrste dokumenata,<br \/>Me\u0111uskladi\u0161nice,<br \/>Radni nalog za proizvodnju,<br \/>Narud\u017ebenice prema dobavlja\u010du,<br \/>Izracun prosjecne tjedne prodaje na temelju racuna,<br \/>Izracun prosjecne tjedne prodaje na temelju izlaza po svim dokumenata,<br \/>Specifikacije &#8211; normativi,<br \/>Provjera stanja na skladi\u0161nim karticama,<br \/>Temeljitija provjera skladi\u0161nih kartica (dugo traje),<br \/>Provjera cijena u skladistu,<br \/>Uskladjivanje VPC\/MPC,<br \/>Izracun sume artikala na nerazduzenim racunima,<br \/>Stanje skladi\u0161ta na dan,<br \/>Zapisnik o promjeni cijena za VP<\/p>\n<p>[\/et_pb_accordion_item][et_pb_accordion_item title=&#8221;Knjige URA &#8211; IRA &#8211; PDV&#8221; icon_color=&#8221;#9E0039&#8243; use_icon_font_size=&#8221;on&#8221; icon_font_size=&#8221;20px&#8221; _builder_version=&#8221;4.19.4&#8243; _module_preset=&#8221;default&#8221; global_colors_info=&#8221;{}&#8221; open=&#8221;off&#8221;]<\/p>\n<p>Knjiga URA, Knjiga IRA, Provjera uplata URA\/IRA, Obra\u010dun PDV-a, Nadzorna knjiga uvoza,\u00a0Uvozna dispozicija,\u00a0Nadzorna knjiga izvoza,<\/p>\n<p>[\/et_pb_accordion_item][et_pb_accordion_item title=&#8221;Izvje\u0161taji&#8221; icon_color=&#8221;#9E0039&#8243; use_icon_font_size=&#8221;on&#8221; icon_font_size=&#8221;20px&#8221; _builder_version=&#8221;4.19.4&#8243; _module_preset=&#8221;default&#8221; global_colors_info=&#8221;{}&#8221; open=&#8221;off&#8221;]<\/p>\n<p>Pregled prodaje po artiklima (na temelju ra\u010duna),<br \/>Pregled prodaje po artiklima (na temelju MP i VP ra\u010duna),<br \/>Pregled prodaje po artiklima (na temelju otpremnica),<br \/>Pregled prodaje po artiklima (na temelju skladi\u0161nih kartica),<br \/>Pregled prodaje po kupcima,<br \/>Pregled prodaje po proizvo\u0111a\u010dima,<br \/>Pregled prodaje po grupama,<br \/>Rekapitulacija po dokumentima,<br \/>Pregled prodaje po mjesecima,<br \/>Pregled nabave po mjesecima,<br \/>Koeficijent obrtaja robe,<br \/>Mar\u017ea po ra\u010dunima,<br \/>Mar\u017ea po stavkama,<br \/>Rekapitulacija prodaje po komercijalistima &#8211; sintetika,<br \/>Rekapitulacija prodaje po komercijalistima &#8211; analitika,<br \/>Rekapitulacija po komercijalistima i proizvo\u0111a\u010dima,<br \/>Rekapitulacija po komercijalistima i proizvo\u0111a\u010dima (uplate),<br \/>Rekapitulacija po komercijalistima i vrsti (grupi) proizvoda,<br \/>Rekapitulacija po komercijalistima i artiklima,<br \/>Rekapitulacija po na\u010dinu pla\u0107anja, <\/p>\n<p>[\/et_pb_accordion_item][et_pb_accordion_item title=&#8221;Knji\u017eenje u glavnu knjigu&#8221; icon_color=&#8221;#9E0039&#8243; use_icon_font_size=&#8221;on&#8221; icon_font_size=&#8221;20px&#8221; _builder_version=&#8221;4.19.4&#8243; _module_preset=&#8221;default&#8221; global_colors_info=&#8221;{}&#8221; open=&#8221;off&#8221;]<\/p>\n<p>Knjizenje URA u glavnu knjigu,<br \/>Knjizenje IRA u glavnu knjigu,<br \/>Knjizenje otpremnica u GK,<br \/>Knjizenje primki u GK,<br \/>Provjera knjizenja URA i IRA u gk.,<br \/>Knji\u017eenje u GK (profili),<br \/>Tipovi kontiranja,<br \/>Profili knjizenja,<\/p>\n<p>[\/et_pb_accordion_item][et_pb_accordion_item title=&#8221;Pomo\u0107ne tabele&#8221; icon_color=&#8221;#9E0039&#8243; use_icon_font_size=&#8221;on&#8221; icon_font_size=&#8221;20px&#8221; _builder_version=&#8221;4.19.4&#8243; _module_preset=&#8221;default&#8221; global_colors_info=&#8221;{}&#8221; open=&#8221;off&#8221;]<\/p>\n<p>Parametri programa,<br \/>Sifre skladista,<br \/>Porezne grupe,<br \/>PPO grupe,<br \/>Grupe roba,<br \/>Podgrupe roba,<br \/>Napomene,<br \/>Kadrovska,<br \/>Tecajna lista<\/p>\n<p>[\/et_pb_accordion_item][et_pb_accordion_item title=&#8221;Servis&#8221; icon_color=&#8221;#9E0039&#8243; use_icon_font_size=&#8221;on&#8221; icon_font_size=&#8221;20px&#8221; _builder_version=&#8221;4.19.4&#8243; _module_preset=&#8221;default&#8221; global_colors_info=&#8221;{}&#8221; open=&#8221;off&#8221;]<\/p>\n<p>Servis,<br \/>Djelatnici,<br \/>Kraj godine -brisanje podataka,<br \/>Odabir baza za izvoz<br \/>Automatski izvoz baza,<br \/>Automatski uvoz baza,<br \/>Provjera uvoz\/izvoz,<br \/>Dodavanje tabela u bazu,<br \/>Odvajanje tabela od baze,<br \/>Otvaranje nove godine<\/p>\n<p>[\/et_pb_accordion_item][et_pb_accordion_item title=&#8221;Razvojno&#8221; icon_color=&#8221;#9E0039&#8243; use_icon_font_size=&#8221;on&#8221; icon_font_size=&#8221;20px&#8221; _builder_version=&#8221;4.19.4&#8243; _module_preset=&#8221;default&#8221; global_colors_info=&#8221;{}&#8221; open=&#8221;off&#8221;]<\/p>\n<p>Dokument management,<br \/>Provjera duplih naziva artikala za MP skladiste,<br \/>Provjera relacije stavke racuna-skladiste,<br \/>Akcije,<br \/>Slanje medjuskladisnica,<br \/>Donos racuna iz prosle godine,<br \/>Lot brojevi,<br \/>Rabati i ugovorene cijene,<br \/>Ispravak knjige ira,<br \/>Izrada mjesecnih racuna,<br \/>Nalozi za dostavu,<br \/>Ispis artikala bez izlaza iz skladista,<br \/>Izmjena cijena za prodaju vecih kolicina,<\/p>\n<p>[\/et_pb_accordion_item][\/et_pb_accordion][\/et_pb_column][\/et_pb_row][\/et_pb_section]<\/p>\n","protected":false},"excerpt":{"rendered":"<p>Knjigovodstveni program RipNa\u0161 &#8216;najja\u010di&#8217; program.\u00a0 Uz njega vam trebaju jo\u0161 samo Glavna knjiga i Program za obra\u010dun pla\u0107a. Sadr\u017ei: Robno poslovanje Pra\u0107enje proizvodnje Knjiga URA\/IRA Obra\u010dun PDVa (ZP, PDV-S obrasci), Blagajni\u010dko poslovanje, e-ra\u010duni, evidencija i vo\u0111enje imovine i sitnog inventara poduze\u0107a. Integracija sa Woocommerce B2C i B2B i Magento web shop Neke funkcionalnosti programa RIP: [&hellip;]<\/p>\n","protected":false},"author":2,"featured_media":590,"parent":0,"menu_order":0,"comment_status":"closed","ping_status":"closed","template":"","meta":{"_et_pb_use_builder":"on","_et_pb_old_content":"<!-- wp:divi\/placeholder \/-->","_et_gb_content_width":"","footnotes":""},"yoast_head":"<!-- This site is optimized with the Yoast SEO Premium plugin v19.5 (Yoast SEO v23.5) - https:\/\/yoast.com\/wordpress\/plugins\/seo\/ -->\n<title>Program za veleprodaju - Dil-93 d.o.o.<\/title>\n<meta name=\"description\" content=\"Program za veleprodaju, robno poslovanje, sadr\u017ei sve \u0161to vam je potrebno za vo\u0111enje veleprodaje, knjigu URA, IRA, Obra\u010dun PDVa, ...\" \/>\n<meta name=\"robots\" content=\"index, follow, max-snippet:-1, max-image-preview:large, max-video-preview:-1\" \/>\n<link rel=\"canonical\" href=\"https:\/\/dilvps.eu\/dildivi\/program-za-veleprodaju\/\" \/>\n<meta property=\"og:locale\" content=\"hr_HR\" \/>\n<meta property=\"og:type\" content=\"article\" \/>\n<meta property=\"og:title\" content=\"Program za veleprodaju\" \/>\n<meta property=\"og:description\" content=\"Program za veleprodaju, robno poslovanje, sadr\u017ei sve \u0161to vam je potrebno za vo\u0111enje veleprodaje, knjigu URA, IRA, Obra\u010dun PDVa, ...\" \/>\n<meta property=\"og:url\" content=\"https:\/\/dilvps.eu\/dildivi\/program-za-veleprodaju\/\" \/>\n<meta property=\"og:site_name\" content=\"Dil-93 d.o.o.\" \/>\n<meta property=\"article:modified_time\" content=\"2022-12-30T17:02:36+00:00\" \/>\n<meta property=\"og:image\" content=\"https:\/\/dilvps.eu\/dildivi\/wp-content\/uploads\/2022\/03\/rip_box_featured-16-9.jpg\" \/>\n\t<meta property=\"og:image:width\" content=\"510\" \/>\n\t<meta property=\"og:image:height\" content=\"287\" \/>\n\t<meta property=\"og:image:type\" content=\"image\/jpeg\" \/>\n<meta name=\"twitter:card\" content=\"summary_large_image\" \/>\n<meta name=\"twitter:label1\" content=\"Procijenjeno vrijeme \u010ditanja\" \/>\n\t<meta name=\"twitter:data1\" content=\"3 minute\" \/>\n<script type=\"application\/ld+json\" class=\"yoast-schema-graph\">{\"@context\":\"https:\/\/schema.org\",\"@graph\":[{\"@type\":\"WebPage\",\"@id\":\"https:\/\/dilvps.eu\/dildivi\/program-za-veleprodaju\/\",\"url\":\"https:\/\/dilvps.eu\/dildivi\/program-za-veleprodaju\/\",\"name\":\"Program za veleprodaju - Dil-93 d.o.o.\",\"isPartOf\":{\"@id\":\"https:\/\/dilvps.eu\/dildivi\/#website\"},\"primaryImageOfPage\":{\"@id\":\"https:\/\/dilvps.eu\/dildivi\/program-za-veleprodaju\/#primaryimage\"},\"image\":{\"@id\":\"https:\/\/dilvps.eu\/dildivi\/program-za-veleprodaju\/#primaryimage\"},\"thumbnailUrl\":\"https:\/\/dilvps.eu\/dildivi\/wp-content\/uploads\/2022\/03\/rip_box_featured-16-9.jpg\",\"datePublished\":\"2022-03-28T18:03:07+00:00\",\"dateModified\":\"2022-12-30T17:02:36+00:00\",\"description\":\"Program za veleprodaju, robno poslovanje, sadr\u017ei sve \u0161to vam je potrebno za vo\u0111enje veleprodaje, knjigu URA, IRA, Obra\u010dun PDVa, ...\",\"breadcrumb\":{\"@id\":\"https:\/\/dilvps.eu\/dildivi\/program-za-veleprodaju\/#breadcrumb\"},\"inLanguage\":\"hr\",\"potentialAction\":[{\"@type\":\"ReadAction\",\"target\":[\"https:\/\/dilvps.eu\/dildivi\/program-za-veleprodaju\/\"]}]},{\"@type\":\"ImageObject\",\"inLanguage\":\"hr\",\"@id\":\"https:\/\/dilvps.eu\/dildivi\/program-za-veleprodaju\/#primaryimage\",\"url\":\"https:\/\/dilvps.eu\/dildivi\/wp-content\/uploads\/2022\/03\/rip_box_featured-16-9.jpg\",\"contentUrl\":\"https:\/\/dilvps.eu\/dildivi\/wp-content\/uploads\/2022\/03\/rip_box_featured-16-9.jpg\",\"width\":510,\"height\":287},{\"@type\":\"BreadcrumbList\",\"@id\":\"https:\/\/dilvps.eu\/dildivi\/program-za-veleprodaju\/#breadcrumb\",\"itemListElement\":[{\"@type\":\"ListItem\",\"position\":1,\"name\":\"Home\",\"item\":\"https:\/\/dilvps.eu\/dildivi\/\"},{\"@type\":\"ListItem\",\"position\":2,\"name\":\"Program za veleprodaju\"}]},{\"@type\":\"WebSite\",\"@id\":\"https:\/\/dilvps.eu\/dildivi\/#website\",\"url\":\"https:\/\/dilvps.eu\/dildivi\/\",\"name\":\"Dil-93 d.o.o.\",\"description\":\"Informati\u010dki in\u017einjering i usluge\",\"publisher\":{\"@id\":\"https:\/\/dilvps.eu\/dildivi\/#organization\"},\"potentialAction\":[{\"@type\":\"SearchAction\",\"target\":{\"@type\":\"EntryPoint\",\"urlTemplate\":\"https:\/\/dilvps.eu\/dildivi\/?s={search_term_string}\"},\"query-input\":{\"@type\":\"PropertyValueSpecification\",\"valueRequired\":true,\"valueName\":\"search_term_string\"}}],\"inLanguage\":\"hr\"},{\"@type\":\"Organization\",\"@id\":\"https:\/\/dilvps.eu\/dildivi\/#organization\",\"name\":\"Dil-93 d.o.o.\",\"url\":\"https:\/\/dilvps.eu\/dildivi\/\",\"logo\":{\"@type\":\"ImageObject\",\"inLanguage\":\"hr\",\"@id\":\"https:\/\/dilvps.eu\/dildivi\/#\/schema\/logo\/image\/\",\"url\":\"https:\/\/dilvps.eu\/dildivi\/wp-content\/uploads\/2022\/04\/dil_logo_stari_cisti_favicon.png\",\"contentUrl\":\"https:\/\/dilvps.eu\/dildivi\/wp-content\/uploads\/2022\/04\/dil_logo_stari_cisti_favicon.png\",\"width\":512,\"height\":512,\"caption\":\"Dil-93 d.o.o.\"},\"image\":{\"@id\":\"https:\/\/dilvps.eu\/dildivi\/#\/schema\/logo\/image\/\"}}]}<\/script>\n<!-- \/ Yoast SEO Premium plugin. -->","yoast_head_json":{"title":"Program za veleprodaju - Dil-93 d.o.o.","description":"Program za veleprodaju, robno poslovanje, sadr\u017ei sve \u0161to vam je potrebno za vo\u0111enje veleprodaje, knjigu URA, IRA, Obra\u010dun PDVa, ...","robots":{"index":"index","follow":"follow","max-snippet":"max-snippet:-1","max-image-preview":"max-image-preview:large","max-video-preview":"max-video-preview:-1"},"canonical":"https:\/\/dilvps.eu\/dildivi\/program-za-veleprodaju\/","og_locale":"hr_HR","og_type":"article","og_title":"Program za veleprodaju","og_description":"Program za veleprodaju, robno poslovanje, sadr\u017ei sve \u0161to vam je potrebno za vo\u0111enje veleprodaje, knjigu URA, IRA, Obra\u010dun PDVa, ...","og_url":"https:\/\/dilvps.eu\/dildivi\/program-za-veleprodaju\/","og_site_name":"Dil-93 d.o.o.","article_modified_time":"2022-12-30T17:02:36+00:00","og_image":[{"width":510,"height":287,"url":"https:\/\/dilvps.eu\/dildivi\/wp-content\/uploads\/2022\/03\/rip_box_featured-16-9.jpg","type":"image\/jpeg"}],"twitter_card":"summary_large_image","twitter_misc":{"Procijenjeno vrijeme \u010ditanja":"3 minute"},"schema":{"@context":"https:\/\/schema.org","@graph":[{"@type":"WebPage","@id":"https:\/\/dilvps.eu\/dildivi\/program-za-veleprodaju\/","url":"https:\/\/dilvps.eu\/dildivi\/program-za-veleprodaju\/","name":"Program za veleprodaju - Dil-93 d.o.o.","isPartOf":{"@id":"https:\/\/dilvps.eu\/dildivi\/#website"},"primaryImageOfPage":{"@id":"https:\/\/dilvps.eu\/dildivi\/program-za-veleprodaju\/#primaryimage"},"image":{"@id":"https:\/\/dilvps.eu\/dildivi\/program-za-veleprodaju\/#primaryimage"},"thumbnailUrl":"https:\/\/dilvps.eu\/dildivi\/wp-content\/uploads\/2022\/03\/rip_box_featured-16-9.jpg","datePublished":"2022-03-28T18:03:07+00:00","dateModified":"2022-12-30T17:02:36+00:00","description":"Program za veleprodaju, robno poslovanje, sadr\u017ei sve \u0161to vam je potrebno za vo\u0111enje veleprodaje, knjigu URA, IRA, Obra\u010dun PDVa, ...","breadcrumb":{"@id":"https:\/\/dilvps.eu\/dildivi\/program-za-veleprodaju\/#breadcrumb"},"inLanguage":"hr","potentialAction":[{"@type":"ReadAction","target":["https:\/\/dilvps.eu\/dildivi\/program-za-veleprodaju\/"]}]},{"@type":"ImageObject","inLanguage":"hr","@id":"https:\/\/dilvps.eu\/dildivi\/program-za-veleprodaju\/#primaryimage","url":"https:\/\/dilvps.eu\/dildivi\/wp-content\/uploads\/2022\/03\/rip_box_featured-16-9.jpg","contentUrl":"https:\/\/dilvps.eu\/dildivi\/wp-content\/uploads\/2022\/03\/rip_box_featured-16-9.jpg","width":510,"height":287},{"@type":"BreadcrumbList","@id":"https:\/\/dilvps.eu\/dildivi\/program-za-veleprodaju\/#breadcrumb","itemListElement":[{"@type":"ListItem","position":1,"name":"Home","item":"https:\/\/dilvps.eu\/dildivi\/"},{"@type":"ListItem","position":2,"name":"Program za veleprodaju"}]},{"@type":"WebSite","@id":"https:\/\/dilvps.eu\/dildivi\/#website","url":"https:\/\/dilvps.eu\/dildivi\/","name":"Dil-93 d.o.o.","description":"Informati\u010dki in\u017einjering i usluge","publisher":{"@id":"https:\/\/dilvps.eu\/dildivi\/#organization"},"potentialAction":[{"@type":"SearchAction","target":{"@type":"EntryPoint","urlTemplate":"https:\/\/dilvps.eu\/dildivi\/?s={search_term_string}"},"query-input":{"@type":"PropertyValueSpecification","valueRequired":true,"valueName":"search_term_string"}}],"inLanguage":"hr"},{"@type":"Organization","@id":"https:\/\/dilvps.eu\/dildivi\/#organization","name":"Dil-93 d.o.o.","url":"https:\/\/dilvps.eu\/dildivi\/","logo":{"@type":"ImageObject","inLanguage":"hr","@id":"https:\/\/dilvps.eu\/dildivi\/#\/schema\/logo\/image\/","url":"https:\/\/dilvps.eu\/dildivi\/wp-content\/uploads\/2022\/04\/dil_logo_stari_cisti_favicon.png","contentUrl":"https:\/\/dilvps.eu\/dildivi\/wp-content\/uploads\/2022\/04\/dil_logo_stari_cisti_favicon.png","width":512,"height":512,"caption":"Dil-93 d.o.o."},"image":{"@id":"https:\/\/dilvps.eu\/dildivi\/#\/schema\/logo\/image\/"}}]}},"_links":{"self":[{"href":"https:\/\/dilvps.eu\/dildivi\/wp-json\/wp\/v2\/pages\/43"}],"collection":[{"href":"https:\/\/dilvps.eu\/dildivi\/wp-json\/wp\/v2\/pages"}],"about":[{"href":"https:\/\/dilvps.eu\/dildivi\/wp-json\/wp\/v2\/types\/page"}],"author":[{"embeddable":true,"href":"https:\/\/dilvps.eu\/dildivi\/wp-json\/wp\/v2\/users\/2"}],"replies":[{"embeddable":true,"href":"https:\/\/dilvps.eu\/dildivi\/wp-json\/wp\/v2\/comments?post=43"}],"version-history":[{"count":0,"href":"https:\/\/dilvps.eu\/dildivi\/wp-json\/wp\/v2\/pages\/43\/revisions"}],"wp:featuredmedia":[{"embeddable":true,"href":"https:\/\/dilvps.eu\/dildivi\/wp-json\/wp\/v2\/media\/590"}],"wp:attachment":[{"href":"https:\/\/dilvps.eu\/dildivi\/wp-json\/wp\/v2\/media?parent=43"}],"curies":[{"name":"wp","href":"https:\/\/api.w.org\/{rel}","templated":true}]}}