{"id":34,"date":"2022-03-28T15:00:59","date_gmt":"2022-03-28T15:00:59","guid":{"rendered":"https:\/\/dilvps.eu\/dildivi\/?page_id=34"},"modified":"2022-06-26T20:13:45","modified_gmt":"2022-06-26T18:13:45","slug":"evidencija-godisnjih-odmora","status":"publish","type":"page","link":"https:\/\/dilvps.eu\/dildivi\/evidencija-godisnjih-odmora\/","title":{"rendered":"Evidencija godi\u0161njih odmora"},"content":{"rendered":"\n[et_pb_section fb_built=&#8221;1&#8243; admin_label=&#8221;section&#8221; _builder_version=&#8221;4.16.1&#8243; custom_padding=&#8221;25px||||false|false&#8221; global_colors_info=&#8221;{}&#8221;][et_pb_row column_structure=&#8221;1_2,1_2&#8243; _builder_version=&#8221;4.16.1&#8243; _module_preset=&#8221;default&#8221; custom_padding=&#8221;0px||0px||true|false&#8221; global_colors_info=&#8221;{}&#8221;][et_pb_column type=&#8221;1_2&#8243; _builder_version=&#8221;4.16.1&#8243; _module_preset=&#8221;default&#8221; custom_padding=&#8221;0px||||false|false&#8221; global_colors_info=&#8221;{}&#8221;][et_pb_slider show_arrows=&#8221;off&#8221; show_pagination=&#8221;off&#8221; _builder_version=&#8221;4.17.0&#8243; _module_preset=&#8221;default&#8221; custom_padding=&#8221;0px||||false|false&#8221; auto=&#8221;on&#8221; auto_speed=&#8221;3000&#8243; global_colors_info=&#8221;{}&#8221;][et_pb_slide image=&#8221;https:\/\/dilvps.eu\/dildivi\/wp-content\/uploads\/2022\/04\/EGO_box_625x500.jpg&#8221; _builder_version=&#8221;4.16.1&#8243; _module_preset=&#8221;default&#8221; background_enable_color=&#8221;off&#8221; global_colors_info=&#8221;{}&#8221; sticky_transition=&#8221;on&#8221;][\/et_pb_slide][et_pb_slide image=&#8221;https:\/\/dilvps.eu\/dildivi\/wp-content\/uploads\/2022\/04\/EGO_slika_slideshow_625x500.jpg&#8221; _builder_version=&#8221;4.16.1&#8243; _module_preset=&#8221;default&#8221; background_enable_color=&#8221;off&#8221; global_colors_info=&#8221;{}&#8221; sticky_transition=&#8221;on&#8221;][\/et_pb_slide][\/et_pb_slider][\/et_pb_column][et_pb_column type=&#8221;1_2&#8243; _builder_version=&#8221;4.16.1&#8243; _module_preset=&#8221;default&#8221; custom_padding=&#8221;43px||||false|false&#8221; global_colors_info=&#8221;{}&#8221;][et_pb_text _builder_version=&#8221;4.17.0&#8243; _module_preset=&#8221;default&#8221; header_3_font=&#8221;|||on|||||&#8221; header_3_text_color=&#8221;#595959&#8243; header_3_font_size=&#8221;20px&#8221; custom_margin=&#8221;||6px||false|false&#8221; global_colors_info=&#8221;{}&#8221;]<h1>Evidencija godi\u0161njih odmora i odluka o kori\u0161tenju godi\u0161njih odmora<\/h1>\n<h3>Web aplikacija<\/h3>[\/et_pb_text][et_pb_divider color=&#8221;#b5b5b5&#8243; _builder_version=&#8221;4.16.1&#8243; _module_preset=&#8221;default&#8221; custom_margin=&#8221;||0px||false|false&#8221; global_colors_info=&#8221;{}&#8221;][\/et_pb_divider][et_pb_text admin_label=&#8221;Text&#8221; _builder_version=&#8221;4.16.1&#8243; background_size=&#8221;initial&#8221; background_position=&#8221;top_left&#8221; background_repeat=&#8221;repeat&#8221; global_colors_info=&#8221;{}&#8221;]<h4><\/h4>\n<p>Web aplikacija Evidencija godi\u0161njih odmora slu\u017ei za predavanje zahtjeva te odobravanje\/odbijanje termina godi\u0161njih odmora.<\/p>\n<p>Evidencija zahtjeva, odobrenja i iskori\u0161tenosti godi\u0161njeg odmora mo\u017ee se pretvoriti u no\u0107nu moru ako nemate odgovaraju\u0107i alat. Iako se problematika \u010dini jednostavna tra\u017ei precizno definiran postupak na centralnom mjestu, da bi se postupci i evidencija godi\u0161njih odmora odvijali transparentno sa minimalno truda i vremena.<\/p>\n<p>Sa na\u0161om aplikacijom za Evidenciju godi\u0161njih odmora u oblaku dobivate maksimalno jednostavno i efikasno rje\u0161enje i automatski ispis odluka o kori\u0161tenju godi\u0161njeg odmora.<\/p>[\/et_pb_text][et_pb_button button_text=&#8221;Pogledaj demo&#8221; button_alignment=&#8221;right&#8221; disabled_on=&#8221;on|on|on&#8221; _builder_version=&#8221;4.16.1&#8243; _module_preset=&#8221;default&#8221; disabled=&#8221;on&#8221; global_colors_info=&#8221;{}&#8221;][\/et_pb_button][\/et_pb_column][\/et_pb_row][et_pb_row _builder_version=&#8221;4.16.1&#8243; _module_preset=&#8221;default&#8221; global_colors_info=&#8221;{}&#8221;][et_pb_column type=&#8221;4_4&#8243; _builder_version=&#8221;4.16.1&#8243; _module_preset=&#8221;default&#8221; global_colors_info=&#8221;{}&#8221;][et_pb_text _builder_version=&#8221;4.16.1&#8243; _module_preset=&#8221;default&#8221; global_colors_info=&#8221;{}&#8221;]<ul>\n\t<li>Grafi\u010dki prikaz preklapanja termina godi\u0161njih odmora dostupan djelatnicima i voditeljima<\/li>\n\t<li>Unaprijed definirane tekstove zahtjeva i odobrenja\/odbijanja sa automatskim slanjem na mail djelatnika koji tra\u017ei godi\u0161nji odmor i voditelju koji odobrava termin godi\u0161njeg odmora.<\/li>\n\t<li>Mogu\u0107nost unosa bolovanja za svakog djelatnika, \u0161to se tako\u0111er vidi na kalendaru i voditeljima je upozorenje da u tom terminu trebaju pa\u017eljivije odobravati godi\u0161nji odmor.<\/li>\n\t<li>Prikaz ugovorenih dana godi\u0161njeg odmora, donos starog godi\u0161njeg, broj iskori\u0161tenih dana, broj preostalih dana za svakog djelatnika<\/li>\n\t<li>Mati\u010dna evidencija radnika<\/li>\n\t<li>Podaci o iskori\u0161tenim terminima godi\u0161njih odmora uvoze se u <a href=\"https:\/\/dilvps.eu\/dildivi\/obracun-placa\/\">program za obra\u010dun pla\u0107a<\/a><\/li>\n\t<li>Mati\u010dna evidencija radnika mo\u017ee se uvesti iz programa za obra\u010dun pla\u0107a, nije potrebno upisivanje djelatnika u Evidenciju godi\u0161njih odmora.<\/li>\n\t<li>Ispis odluka o kori\u0161tenju godi\u0161njeg odmora<\/li>\n<\/ul>[\/et_pb_text][\/et_pb_column][\/et_pb_row][\/et_pb_section][et_pb_section fb_built=&#8221;1&#8243; _builder_version=&#8221;4.16.1&#8243; _module_preset=&#8221;default&#8221; background_enable_color=&#8221;off&#8221; custom_padding=&#8221;0px||0px|||&#8221; border_color_all=&#8221;#b5b5b5&#8243; global_colors_info=&#8221;{}&#8221;][et_pb_row _builder_version=&#8221;4.16.1&#8243; _module_preset=&#8221;default&#8221; global_colors_info=&#8221;{}&#8221;][et_pb_column type=&#8221;4_4&#8243; _builder_version=&#8221;4.16.1&#8243; _module_preset=&#8221;default&#8221; global_colors_info=&#8221;{}&#8221;][et_pb_text _builder_version=&#8221;4.16.1&#8243; _module_preset=&#8221;default&#8221; global_colors_info=&#8221;{}&#8221;]<h3>Tijek rada aplikacije:<\/h3>[\/et_pb_text][et_pb_slider arrows_custom_color=&#8221;#9E0039&#8243; dot_nav_custom_color=&#8221;#9E0039&#8243; _builder_version=&#8221;4.16.1&#8243; _module_preset=&#8221;default&#8221; header_font=&#8221;|800|||||||&#8221; header_text_align=&#8221;center&#8221; header_text_color=&#8221;#8e8e8e&#8221; body_font=&#8221;|||on|||||&#8221; body_text_color=&#8221;#5b5b5b&#8221; background_color=&#8221;#FFFFFF&#8221; animation_style=&#8221;fade&#8221; border_color_all=&#8221;#c4c4c4&#8243; global_colors_info=&#8221;{}&#8221;][et_pb_slide heading=&#8221;1.&#8221; image=&#8221;https:\/\/dilvps.eu\/dildivi\/wp-content\/uploads\/2022\/04\/EGO_-SLIDER_1_predaja-zahtjeva.jpg&#8221; arrows_custom_color=&#8221;#9E0039&#8243; _builder_version=&#8221;4.16.1&#8243; _module_preset=&#8221;default&#8221; header_font=&#8221;||||||||&#8221; body_font=&#8221;|||on|||||&#8221; body_letter_spacing=&#8221;2px&#8221; background_enable_color=&#8221;off&#8221; global_colors_info=&#8221;{}&#8221; sticky_transition=&#8221;on&#8221;]<p>Radnik postavlja zahtjev u aplikaciji.<\/p>[\/et_pb_slide][et_pb_slide heading=&#8221;2.&#8221; image=&#8221;https:\/\/dilvps.eu\/dildivi\/wp-content\/uploads\/2022\/04\/EGO_-SLIDER_2_ceka_odobrenje.jpg&#8221; arrows_custom_color=&#8221;#9E0039&#8243; _builder_version=&#8221;4.16.1&#8243; _module_preset=&#8221;default&#8221; header_font=&#8221;||||||||&#8221; body_font=&#8221;||||||||&#8221; body_letter_spacing=&#8221;2px&#8221; background_color=&#8221;#FFFFFF&#8221; background_enable_color=&#8221;on&#8221; global_colors_info=&#8221;{}&#8221; sticky_transition=&#8221;on&#8221;]<p>Voditelj zaprima zahtjev na mail te u aplikaciji odobrava \/ odbija zahtjev<\/p>[\/et_pb_slide][et_pb_slide heading=&#8221;3.&#8221; image=&#8221;https:\/\/dilvps.eu\/dildivi\/wp-content\/uploads\/2022\/04\/EGO_-SLIDER_3_status.jpg&#8221; arrows_custom_color=&#8221;#9E0039&#8243; _builder_version=&#8221;4.16.1&#8243; _module_preset=&#8221;default&#8221; header_font=&#8221;||||||||&#8221; body_font=&#8221;||||||||&#8221; body_letter_spacing=&#8221;2px&#8221; background_color=&#8221;#FFFFFF&#8221; background_enable_color=&#8221;on&#8221; global_colors_info=&#8221;{}&#8221; sticky_transition=&#8221;on&#8221;]<p>U aplikaciji se mijenja status iz &#8216;\u010ceka odobrenje&#8217; u &#8216;Odobreno&#8217; ili &#8216;Odbijeno&#8217; a djelatnik dobiva obavijest o promjeni statusa na mail.<\/p>[\/et_pb_slide][et_pb_slide heading=&#8221;4.&#8221; image=&#8221;https:\/\/dilvps.eu\/dildivi\/wp-content\/uploads\/2022\/04\/EGO_-SLIDER_4_kalendar.jpg&#8221; arrows_custom_color=&#8221;#9E0039&#8243; _builder_version=&#8221;4.16.1&#8243; _module_preset=&#8221;default&#8221; header_text_align=&#8221;center&#8221; body_font=&#8221;||||||||&#8221; background_color=&#8221;#FFFFFF&#8221; background_enable_color=&#8221;on&#8221; global_colors_info=&#8221;{}&#8221; sticky_transition=&#8221;on&#8221;]<p>Svi djelatnici na kalendaru u aplikaciji vide tko i kada ne\u0107e biti na poslu.<\/p>[\/et_pb_slide][\/et_pb_slider][\/et_pb_column][\/et_pb_row][\/et_pb_section][et_pb_section fb_built=&#8221;1&#8243; _builder_version=&#8221;4.16.1&#8243; _module_preset=&#8221;default&#8221; global_colors_info=&#8221;{}&#8221; disabled_on=&#8221;on|on|on&#8221; disabled=&#8221;on&#8221;][et_pb_row _builder_version=&#8221;4.16.1&#8243; _module_preset=&#8221;default&#8221; global_colors_info=&#8221;{}&#8221;][et_pb_column type=&#8221;4_4&#8243; _builder_version=&#8221;4.16.1&#8243; _module_preset=&#8221;default&#8221; global_colors_info=&#8221;{}&#8221;][et_pb_image src=&#8221;https:\/\/dilvps.eu\/dildivi\/wp-content\/uploads\/2022\/04\/tijek-rada-aplikacije_proba.jpg&#8221; title_text=&#8221;tijek-rada-aplikacije_proba&#8221; _builder_version=&#8221;4.16.1&#8243; _module_preset=&#8221;default&#8221; global_colors_info=&#8221;{}&#8221;][\/et_pb_image][\/et_pb_column][\/et_pb_row][et_pb_row column_structure=&#8221;1_5,1_5,1_5,1_5,1_5&#8243; disabled_on=&#8221;on|on|on&#8221; _builder_version=&#8221;4.16.0&#8243; _module_preset=&#8221;default&#8221; disabled=&#8221;on&#8221; global_colors_info=&#8221;{}&#8221;][et_pb_column type=&#8221;1_5&#8243; _builder_version=&#8221;4.16.0&#8243; _module_preset=&#8221;default&#8221; global_colors_info=&#8221;{}&#8221;][et_pb_image src=&#8221;https:\/\/dilvps.eu\/dildivi\/wp-content\/uploads\/2022\/04\/1-Lista-dogadaja-termina-za-godisnji-odmor_obradena.jpg&#8221; title_text=&#8221;1-Lista-dogadaja-termina-za-godisnji-odmor_obradena&#8221; show_in_lightbox=&#8221;on&#8221; _builder_version=&#8221;4.16.0&#8243; _module_preset=&#8221;default&#8221; global_colors_info=&#8221;{}&#8221;][\/et_pb_image][\/et_pb_column][et_pb_column type=&#8221;1_5&#8243; _builder_version=&#8221;4.16.0&#8243; _module_preset=&#8221;default&#8221; global_colors_info=&#8221;{}&#8221;][et_pb_image src=&#8221;https:\/\/dilvps.eu\/dildivi\/wp-content\/uploads\/2022\/04\/Izvjestaj-evidencija-godisnjih-odmora.jpg&#8221; title_text=&#8221;Lista dogadaja termina za godisnji odmor&#8221; _builder_version=&#8221;4.16.0&#8243; _module_preset=&#8221;default&#8221; global_colors_info=&#8221;{}&#8221;][\/et_pb_image][\/et_pb_column][et_pb_column type=&#8221;1_5&#8243; _builder_version=&#8221;4.16.0&#8243; _module_preset=&#8221;default&#8221; global_colors_info=&#8221;{}&#8221;][et_pb_image src=&#8221;https:\/\/dilvps.eu\/dildivi\/wp-content\/uploads\/2022\/04\/ekran-djelatnika-Evidencija-godisinjih-odmora.jpg&#8221; title_text=&#8221;Lista dogadaja termina za godisnji odmor&#8221; _builder_version=&#8221;4.16.0&#8243; _module_preset=&#8221;default&#8221; global_colors_info=&#8221;{}&#8221;][\/et_pb_image][\/et_pb_column][et_pb_column type=&#8221;1_5&#8243; _builder_version=&#8221;4.16.0&#8243; _module_preset=&#8221;default&#8221; global_colors_info=&#8221;{}&#8221;][et_pb_image src=&#8221;https:\/\/dilvps.eu\/dildivi\/wp-content\/uploads\/2022\/04\/djelatnik-ceka-odobrenje.jpg&#8221; title_text=&#8221;Lista dogadaja termina za godisnji odmor&#8221; _builder_version=&#8221;4.16.0&#8243; _module_preset=&#8221;default&#8221; global_colors_info=&#8221;{}&#8221;][\/et_pb_image][\/et_pb_column][et_pb_column type=&#8221;1_5&#8243; _builder_version=&#8221;4.16.0&#8243; _module_preset=&#8221;default&#8221; global_colors_info=&#8221;{}&#8221;][et_pb_image src=&#8221;https:\/\/dilvps.eu\/dildivi\/wp-content\/uploads\/2022\/04\/maticna-evidencija-evidencija-godisnjih-odmora.jpg&#8221; title_text=&#8221;Lista dogadaja termina za godisnji odmor&#8221; _builder_version=&#8221;4.16.0&#8243; _module_preset=&#8221;default&#8221; global_colors_info=&#8221;{}&#8221;][\/et_pb_image][\/et_pb_column][\/et_pb_row][\/et_pb_section]\n","protected":false},"excerpt":{"rendered":"<p>hrvoje xxx<\/p>\n","protected":false},"author":2,"featured_media":0,"parent":0,"menu_order":0,"comment_status":"closed","ping_status":"closed","template":"","meta":{"_et_pb_use_builder":"on","_et_pb_old_content":"<!-- wp:divi\/placeholder \/-->","_et_gb_content_width":"","footnotes":""},"yoast_head":"<!-- This site is optimized with the Yoast SEO Premium plugin v19.5 (Yoast SEO v23.5) - https:\/\/yoast.com\/wordpress\/plugins\/seo\/ -->\n<title>Evidencija godi\u0161njih odmora - Dil-93 d.o.o.<\/title>\n<meta name=\"description\" content=\"Evidencija godi\u0161njih odmora i odluka o kori\u0161tenju godi\u0161njih odmora, program u oblaku za efikasno i jednostavno vo\u0111enje svih potreba za G.O.\" \/>\n<meta name=\"robots\" content=\"index, follow, max-snippet:-1, max-image-preview:large, max-video-preview:-1\" \/>\n<link rel=\"canonical\" href=\"https:\/\/dilvps.eu\/dildivi\/evidencija-godisnjih-odmora\/\" \/>\n<meta property=\"og:locale\" content=\"hr_HR\" \/>\n<meta property=\"og:type\" content=\"article\" \/>\n<meta property=\"og:title\" content=\"Evidencija godi\u0161njih odmora\" \/>\n<meta property=\"og:description\" content=\"Evidencija godi\u0161njih odmora i odluka o kori\u0161tenju godi\u0161njih odmora, program u oblaku za efikasno i jednostavno vo\u0111enje svih potreba za G.O.\" \/>\n<meta property=\"og:url\" content=\"https:\/\/dilvps.eu\/dildivi\/evidencija-godisnjih-odmora\/\" \/>\n<meta property=\"og:site_name\" content=\"Dil-93 d.o.o.\" \/>\n<meta property=\"article:modified_time\" content=\"2022-06-26T18:13:45+00:00\" \/>\n<meta name=\"twitter:card\" content=\"summary_large_image\" \/>\n<meta name=\"twitter:label1\" content=\"Procijenjeno vrijeme \u010ditanja\" \/>\n\t<meta name=\"twitter:data1\" content=\"3 minute\" \/>\n<script type=\"application\/ld+json\" class=\"yoast-schema-graph\">{\"@context\":\"https:\/\/schema.org\",\"@graph\":[{\"@type\":\"WebPage\",\"@id\":\"https:\/\/dilvps.eu\/dildivi\/evidencija-godisnjih-odmora\/\",\"url\":\"https:\/\/dilvps.eu\/dildivi\/evidencija-godisnjih-odmora\/\",\"name\":\"Evidencija godi\u0161njih odmora - Dil-93 d.o.o.\",\"isPartOf\":{\"@id\":\"https:\/\/dilvps.eu\/dildivi\/#website\"},\"datePublished\":\"2022-03-28T15:00:59+00:00\",\"dateModified\":\"2022-06-26T18:13:45+00:00\",\"description\":\"Evidencija godi\u0161njih odmora i odluka o kori\u0161tenju godi\u0161njih odmora, program u oblaku za efikasno i jednostavno vo\u0111enje svih potreba za G.O.\",\"breadcrumb\":{\"@id\":\"https:\/\/dilvps.eu\/dildivi\/evidencija-godisnjih-odmora\/#breadcrumb\"},\"inLanguage\":\"hr\",\"potentialAction\":[{\"@type\":\"ReadAction\",\"target\":[\"https:\/\/dilvps.eu\/dildivi\/evidencija-godisnjih-odmora\/\"]}]},{\"@type\":\"BreadcrumbList\",\"@id\":\"https:\/\/dilvps.eu\/dildivi\/evidencija-godisnjih-odmora\/#breadcrumb\",\"itemListElement\":[{\"@type\":\"ListItem\",\"position\":1,\"name\":\"Home\",\"item\":\"https:\/\/dilvps.eu\/dildivi\/\"},{\"@type\":\"ListItem\",\"position\":2,\"name\":\"Evidencija godi\u0161njih odmora\"}]},{\"@type\":\"WebSite\",\"@id\":\"https:\/\/dilvps.eu\/dildivi\/#website\",\"url\":\"https:\/\/dilvps.eu\/dildivi\/\",\"name\":\"Dil-93 d.o.o.\",\"description\":\"Informati\u010dki in\u017einjering i usluge\",\"publisher\":{\"@id\":\"https:\/\/dilvps.eu\/dildivi\/#organization\"},\"potentialAction\":[{\"@type\":\"SearchAction\",\"target\":{\"@type\":\"EntryPoint\",\"urlTemplate\":\"https:\/\/dilvps.eu\/dildivi\/?s={search_term_string}\"},\"query-input\":{\"@type\":\"PropertyValueSpecification\",\"valueRequired\":true,\"valueName\":\"search_term_string\"}}],\"inLanguage\":\"hr\"},{\"@type\":\"Organization\",\"@id\":\"https:\/\/dilvps.eu\/dildivi\/#organization\",\"name\":\"Dil-93 d.o.o.\",\"url\":\"https:\/\/dilvps.eu\/dildivi\/\",\"logo\":{\"@type\":\"ImageObject\",\"inLanguage\":\"hr\",\"@id\":\"https:\/\/dilvps.eu\/dildivi\/#\/schema\/logo\/image\/\",\"url\":\"https:\/\/dilvps.eu\/dildivi\/wp-content\/uploads\/2022\/04\/dil_logo_stari_cisti_favicon.png\",\"contentUrl\":\"https:\/\/dilvps.eu\/dildivi\/wp-content\/uploads\/2022\/04\/dil_logo_stari_cisti_favicon.png\",\"width\":512,\"height\":512,\"caption\":\"Dil-93 d.o.o.\"},\"image\":{\"@id\":\"https:\/\/dilvps.eu\/dildivi\/#\/schema\/logo\/image\/\"}}]}<\/script>\n<!-- \/ Yoast SEO Premium plugin. -->","yoast_head_json":{"title":"Evidencija godi\u0161njih odmora - Dil-93 d.o.o.","description":"Evidencija godi\u0161njih odmora i odluka o kori\u0161tenju godi\u0161njih odmora, program u oblaku za efikasno i jednostavno vo\u0111enje svih potreba za G.O.","robots":{"index":"index","follow":"follow","max-snippet":"max-snippet:-1","max-image-preview":"max-image-preview:large","max-video-preview":"max-video-preview:-1"},"canonical":"https:\/\/dilvps.eu\/dildivi\/evidencija-godisnjih-odmora\/","og_locale":"hr_HR","og_type":"article","og_title":"Evidencija godi\u0161njih odmora","og_description":"Evidencija godi\u0161njih odmora i odluka o kori\u0161tenju godi\u0161njih odmora, program u oblaku za efikasno i jednostavno vo\u0111enje svih potreba za G.O.","og_url":"https:\/\/dilvps.eu\/dildivi\/evidencija-godisnjih-odmora\/","og_site_name":"Dil-93 d.o.o.","article_modified_time":"2022-06-26T18:13:45+00:00","twitter_card":"summary_large_image","twitter_misc":{"Procijenjeno vrijeme \u010ditanja":"3 minute"},"schema":{"@context":"https:\/\/schema.org","@graph":[{"@type":"WebPage","@id":"https:\/\/dilvps.eu\/dildivi\/evidencija-godisnjih-odmora\/","url":"https:\/\/dilvps.eu\/dildivi\/evidencija-godisnjih-odmora\/","name":"Evidencija godi\u0161njih odmora - Dil-93 d.o.o.","isPartOf":{"@id":"https:\/\/dilvps.eu\/dildivi\/#website"},"datePublished":"2022-03-28T15:00:59+00:00","dateModified":"2022-06-26T18:13:45+00:00","description":"Evidencija godi\u0161njih odmora i odluka o kori\u0161tenju godi\u0161njih odmora, program u oblaku za efikasno i jednostavno vo\u0111enje svih potreba za G.O.","breadcrumb":{"@id":"https:\/\/dilvps.eu\/dildivi\/evidencija-godisnjih-odmora\/#breadcrumb"},"inLanguage":"hr","potentialAction":[{"@type":"ReadAction","target":["https:\/\/dilvps.eu\/dildivi\/evidencija-godisnjih-odmora\/"]}]},{"@type":"BreadcrumbList","@id":"https:\/\/dilvps.eu\/dildivi\/evidencija-godisnjih-odmora\/#breadcrumb","itemListElement":[{"@type":"ListItem","position":1,"name":"Home","item":"https:\/\/dilvps.eu\/dildivi\/"},{"@type":"ListItem","position":2,"name":"Evidencija godi\u0161njih odmora"}]},{"@type":"WebSite","@id":"https:\/\/dilvps.eu\/dildivi\/#website","url":"https:\/\/dilvps.eu\/dildivi\/","name":"Dil-93 d.o.o.","description":"Informati\u010dki in\u017einjering i usluge","publisher":{"@id":"https:\/\/dilvps.eu\/dildivi\/#organization"},"potentialAction":[{"@type":"SearchAction","target":{"@type":"EntryPoint","urlTemplate":"https:\/\/dilvps.eu\/dildivi\/?s={search_term_string}"},"query-input":{"@type":"PropertyValueSpecification","valueRequired":true,"valueName":"search_term_string"}}],"inLanguage":"hr"},{"@type":"Organization","@id":"https:\/\/dilvps.eu\/dildivi\/#organization","name":"Dil-93 d.o.o.","url":"https:\/\/dilvps.eu\/dildivi\/","logo":{"@type":"ImageObject","inLanguage":"hr","@id":"https:\/\/dilvps.eu\/dildivi\/#\/schema\/logo\/image\/","url":"https:\/\/dilvps.eu\/dildivi\/wp-content\/uploads\/2022\/04\/dil_logo_stari_cisti_favicon.png","contentUrl":"https:\/\/dilvps.eu\/dildivi\/wp-content\/uploads\/2022\/04\/dil_logo_stari_cisti_favicon.png","width":512,"height":512,"caption":"Dil-93 d.o.o."},"image":{"@id":"https:\/\/dilvps.eu\/dildivi\/#\/schema\/logo\/image\/"}}]}},"_links":{"self":[{"href":"https:\/\/dilvps.eu\/dildivi\/wp-json\/wp\/v2\/pages\/34"}],"collection":[{"href":"https:\/\/dilvps.eu\/dildivi\/wp-json\/wp\/v2\/pages"}],"about":[{"href":"https:\/\/dilvps.eu\/dildivi\/wp-json\/wp\/v2\/types\/page"}],"author":[{"embeddable":true,"href":"https:\/\/dilvps.eu\/dildivi\/wp-json\/wp\/v2\/users\/2"}],"replies":[{"embeddable":true,"href":"https:\/\/dilvps.eu\/dildivi\/wp-json\/wp\/v2\/comments?post=34"}],"version-history":[{"count":0,"href":"https:\/\/dilvps.eu\/dildivi\/wp-json\/wp\/v2\/pages\/34\/revisions"}],"wp:attachment":[{"href":"https:\/\/dilvps.eu\/dildivi\/wp-json\/wp\/v2\/media?parent=34"}],"curies":[{"name":"wp","href":"https:\/\/api.w.org\/{rel}","templated":true}]}}