{"id":3,"date":"2022-03-28T13:26:11","date_gmt":"2022-03-28T13:26:11","guid":{"rendered":"https:\/\/dilvps.eu\/dildivi\/?page_id=3"},"modified":"2022-04-06T08:46:10","modified_gmt":"2022-04-06T08:46:10","slug":"privatnost-i-kolacici","status":"publish","type":"page","link":"https:\/\/dilvps.eu\/dildivi\/privatnost-i-kolacici\/","title":{"rendered":"Privatnost i Kola\u010di\u0107i"},"content":{"rendered":"<p>[et_pb_section fb_built=&#8221;1&#8243; admin_label=&#8221;section&#8221; _builder_version=&#8221;4.16&#8243; global_colors_info=&#8221;{}&#8221;][et_pb_row admin_label=&#8221;row&#8221; _builder_version=&#8221;4.16&#8243; background_size=&#8221;initial&#8221; background_position=&#8221;top_left&#8221; background_repeat=&#8221;repeat&#8221; global_colors_info=&#8221;{}&#8221;][et_pb_column type=&#8221;4_4&#8243; _builder_version=&#8221;4.16&#8243; custom_padding=&#8221;|||&#8221; global_colors_info=&#8221;{}&#8221; custom_padding__hover=&#8221;|||&#8221;][et_pb_text admin_label=&#8221;Text&#8221; _builder_version=&#8221;4.16.0&#8243; background_size=&#8221;initial&#8221; background_position=&#8221;top_left&#8221; background_repeat=&#8221;repeat&#8221; hover_enabled=&#8221;0&#8243; global_colors_info=&#8221;{}&#8221; sticky_enabled=&#8221;0&#8243;]<\/p>\n<h2>Pravila privatnosti<br \/>GDPR<\/h2>\n<p>Ovim dokumentom opisano je kako DIL-93 d.o.o. , Ra\u0161ka 22b, 10000 Zagreb, OIB: 42442121890 obra\u0111uje osobne podatke.<\/p>\n<p>Politika privatnosti se primjenjuje na sve osobne podatke korisnika koje prikupljamo i obra\u0111ujemo.<\/p>\n<p>Kontaktni podaci prikupljeni na na\u0161im web stranicama ne\u0107e biti javno objavljeni niti \u0107e koristiti za bilo \u0161to drugo, osim za slanje odgovora na va\u0161 upit!<\/p>\n<p>Svoje osobne podatke u gore navedene svrhe dajete dobrovoljno \u0161to potvr\u0111ujete daju\u0107i jasnu i nedvosmislenu privolu.<\/p>\n<p>Navedeni podaci su nam nu\u017eni kako bi se ispunile svrhe u koju se prikupljaju i ne\u0107e biti kori\u0161teni ni u koju drugu svrhu bez isho\u0111enja va\u0161e izri\u010dite privole. Slijedom navedenog, ako uskratite tra\u017eene osobne podatke, DIL-93 d.o.o. ne\u0107e mo\u0107i postupiti po tom zahtjevu.<\/p>\n<p>Obavje\u0161tavamo vas da u svakom trenutku mo\u017eete povu\u0107i privolu na obradu va\u0161ih osobnih podataka bez posljedica te da \u0107e va\u0161em zahtjevu biti udovoljeno u najkra\u0107em mogu\u0107em roku.<\/p>\n<p>Nakon povla\u010denja va\u0161e privole va\u0161i osobni podaci vi\u0161e ne\u0107e biti obra\u0111ivani te \u0107e u skladu s internim aktom DIL-93 d.o.o. biti brisani ili uni\u0161teni na siguran na\u010din.<\/p>\n<p>Va\u0161i osobni podaci ne\u0107e se proslje\u0111ivati tre\u0107im osobama izvan DIL-93 d.o.o. U slu\u010daju davanja va\u0161ih osobnih podataka na kori\u0161tenje tre\u0107im osobama, DIL-93 d.o.o. \u0107e vas o tome prethodno informirati u skladu s va\u017ee\u0107im propisima o za\u0161titi osobnih podataka.<\/p>\n<p>Va\u0161i osobni podaci ne\u0107e se proslje\u0111ivati tre\u0107im zemljama ili me\u0111unarodnim organizacijama.<br \/>DIL-93 d.o.o. \u0107e va\u0161e osobne podatke obra\u0111ivati u skladu s opisanom svrhom, u razdoblju u kojem je obrada tih podataka nu\u017ena radi postizanja svrhe u koju su prikupljeni, a najdu\u017ee u roku odre\u0111enom internim aktom kojim se ure\u0111uje obrada i pohrana tih podataka.<\/p>\n<p>Osobne podatke koje prikupimo o vama \u010duvamo u sigurnom okru\u017eenju. Va\u0161i osobni podaci su za\u0161ti\u0107eni od neovla\u0161tenog pristupa, otkrivanja, uporabe, izmjena ili uni\u0161tenja od strane bilo koje organizacije ili pojedinca.<\/p>\n<p>Obra\u0111eni podaci pohranjuju se u na\u0161im prostorijama i IT sustavima, ali ponekad podatke pohranjujemo na servere na\u0161ih pouzdanih davatelja usluga (trusted service provider).<\/p>\n<p>Osigurat \u0107emo da se osobni podaci dr\u017ee na sigurnom mjestu (koje uklju\u010duje razumnu administrativnu, tehni\u010dku i fizi\u010dku za\u0161titu kako bi se onemogu\u0107ilo neovla\u0161teno kori\u0161tenje, pristup, razotkrivanje, kopiranje ili izmjena osobnih podataka), kojem mogu pristupiti samo ovla\u0161tene osobe.<\/p>\n<p>Za sva pitanja i informacije vezane uz ostvarivanje va\u0161ih prava na za\u0161titu osobnih podataka, slobodno se obratite na e-adresu info@dilvps.eu<\/p>\n<h2><\/h2>\n<h2>Kori\u0161tenje kola\u010di\u0107a<\/h2>\n<p>Ova web stranica koristi kola\u010di\u0107e kako bi pobolj\u0161ala va\u0161e iskustvo dok se kre\u0107ete kroz web stranicu.<\/p>\n<p>Od toga, kola\u010di\u0107i koji su kategorizirani prema potrebi pohranjuju se na va\u0161em pregledniku jer su neophodni za rad osnovnih funkcionalnosti web stranice.<\/p>\n<p>Tako\u0111er koristimo kola\u010di\u0107e tre\u0107ih strana koji nam poma\u017eu analizirati i razumjeti kako koristite ovu web stranicu. Ovi kola\u010di\u0107i bit \u0107e pohranjeni u va\u0161em pregledniku samo uz va\u0161 pristanak.<\/p>\n<p>Tako\u0111er imate mogu\u0107nost isklju\u010diti te kola\u010di\u0107e.<\/p>\n<p>Ali odustajanje od nekih od ovih kola\u010di\u0107a mo\u017ee utjecati na va\u0161e iskustvo pregledavanja.<\/p>\n<p>[\/et_pb_text][\/et_pb_column][\/et_pb_row][\/et_pb_section]<\/p>\n","protected":false},"excerpt":{"rendered":"<p>Pravila privatnostiGDPR Ovim dokumentom opisano je kako DIL-93 d.o.o. , Ra\u0161ka 22b, 10000 Zagreb, OIB: 42442121890 obra\u0111uje osobne podatke. Politika privatnosti se primjenjuje na sve osobne podatke korisnika koje prikupljamo i obra\u0111ujemo. Kontaktni podaci prikupljeni na na\u0161im web stranicama ne\u0107e biti javno objavljeni niti \u0107e koristiti za bilo \u0161to drugo, osim za slanje odgovora na [&hellip;]<\/p>\n","protected":false},"author":1,"featured_media":0,"parent":0,"menu_order":0,"comment_status":"closed","ping_status":"open","template":"","meta":{"_et_pb_use_builder":"on","_et_pb_old_content":"<!-- wp:heading -->\n<h2>Who we are<\/h2>\n<!-- \/wp:heading -->\n\n<!-- wp:paragraph -->\n<p><strong class=\"privacy-policy-tutorial\">Suggested text: <\/strong>Our website address is: https:\/\/dilvps.eu\/dildivi.<\/p>\n<!-- \/wp:paragraph -->\n\n<!-- wp:heading -->\n<h2>Comments<\/h2>\n<!-- \/wp:heading -->\n\n<!-- wp:paragraph -->\n<p><strong class=\"privacy-policy-tutorial\">Suggested text: <\/strong>When visitors leave comments on the site we collect the data shown in the comments form, and also the visitor\u2019s IP address and browser user agent string to help spam detection.<\/p>\n<!-- \/wp:paragraph -->\n\n<!-- wp:paragraph -->\n<p>An anonymized string created from your email address (also called a hash) may be provided to the Gravatar service to see if you are using it. The Gravatar service privacy policy is available here: https:\/\/automattic.com\/privacy\/. After approval of your comment, your profile picture is visible to the public in the context of your comment.<\/p>\n<!-- \/wp:paragraph -->\n\n<!-- wp:heading -->\n<h2>Media<\/h2>\n<!-- \/wp:heading -->\n\n<!-- wp:paragraph -->\n<p><strong class=\"privacy-policy-tutorial\">Suggested text: <\/strong>If you upload images to the website, you should avoid uploading images with embedded location data (EXIF GPS) included. Visitors to the website can download and extract any location data from images on the website.<\/p>\n<!-- \/wp:paragraph -->\n\n<!-- wp:heading -->\n<h2>Cookies<\/h2>\n<!-- \/wp:heading -->\n\n<!-- wp:paragraph -->\n<p><strong class=\"privacy-policy-tutorial\">Suggested text: <\/strong>If you leave a comment on our site you may opt-in to saving your name, email address and website in cookies. These are for your convenience so that you do not have to fill in your details again when you leave another comment. These cookies will last for one year.<\/p>\n<!-- \/wp:paragraph -->\n\n<!-- wp:paragraph -->\n<p>If you visit our login page, we will set a temporary cookie to determine if your browser accepts cookies. This cookie contains no personal data and is discarded when you close your browser.<\/p>\n<!-- \/wp:paragraph -->\n\n<!-- wp:paragraph -->\n<p>When you log in, we will also set up several cookies to save your login information and your screen display choices. Login cookies last for two days, and screen options cookies last for a year. If you select \"Remember Me\", your login will persist for two weeks. If you log out of your account, the login cookies will be removed.<\/p>\n<!-- \/wp:paragraph -->\n\n<!-- wp:paragraph -->\n<p>If you edit or publish an article, an additional cookie will be saved in your browser. This cookie includes no personal data and simply indicates the post ID of the article you just edited. It expires after 1 day.<\/p>\n<!-- \/wp:paragraph -->\n\n<!-- wp:heading -->\n<h2>Embedded content from other websites<\/h2>\n<!-- \/wp:heading -->\n\n<!-- wp:paragraph -->\n<p><strong class=\"privacy-policy-tutorial\">Suggested text: <\/strong>Articles on this site may include embedded content (e.g. videos, images, articles, etc.). Embedded content from other websites behaves in the exact same way as if the visitor has visited the other website.<\/p>\n<!-- \/wp:paragraph -->\n\n<!-- wp:paragraph -->\n<p>These websites may collect data about you, use cookies, embed additional third-party tracking, and monitor your interaction with that embedded content, including tracking your interaction with the embedded content if you have an account and are logged in to that website.<\/p>\n<!-- \/wp:paragraph -->\n\n<!-- wp:heading -->\n<h2>Who we share your data with<\/h2>\n<!-- \/wp:heading -->\n\n<!-- wp:paragraph -->\n<p><strong class=\"privacy-policy-tutorial\">Suggested text: <\/strong>If you request a password reset, your IP address will be included in the reset email.<\/p>\n<!-- \/wp:paragraph -->\n\n<!-- wp:heading -->\n<h2>How long we retain your data<\/h2>\n<!-- \/wp:heading -->\n\n<!-- wp:paragraph -->\n<p><strong class=\"privacy-policy-tutorial\">Suggested text: <\/strong>If you leave a comment, the comment and its metadata are retained indefinitely. This is so we can recognize and approve any follow-up comments automatically instead of holding them in a moderation queue.<\/p>\n<!-- \/wp:paragraph -->\n\n<!-- wp:paragraph -->\n<p>For users that register on our website (if any), we also store the personal information they provide in their user profile. All users can see, edit, or delete their personal information at any time (except they cannot change their username). Website administrators can also see and edit that information.<\/p>\n<!-- \/wp:paragraph -->\n\n<!-- wp:heading -->\n<h2>What rights you have over your data<\/h2>\n<!-- \/wp:heading -->\n\n<!-- wp:paragraph -->\n<p><strong class=\"privacy-policy-tutorial\">Suggested text: <\/strong>If you have an account on this site, or have left comments, you can request to receive an exported file of the personal data we hold about you, including any data you have provided to us. You can also request that we erase any personal data we hold about you. This does not include any data we are obliged to keep for administrative, legal, or security purposes.<\/p>\n<!-- \/wp:paragraph -->\n\n<!-- wp:heading -->\n<h2>Where we send your data<\/h2>\n<!-- \/wp:heading -->\n\n<!-- wp:paragraph -->\n<p><strong class=\"privacy-policy-tutorial\">Suggested text: <\/strong>Visitor comments may be checked through an automated spam detection service.<\/p>\n<!-- \/wp:paragraph -->","_et_gb_content_width":"","footnotes":""},"yoast_head":"<!-- This site is optimized with the Yoast SEO Premium plugin v19.5 (Yoast SEO v23.5) - https:\/\/yoast.com\/wordpress\/plugins\/seo\/ -->\n<title>Privatnost i Kola\u010di\u0107i - Dil-93 d.o.o.<\/title>\n<meta name=\"robots\" content=\"index, follow, max-snippet:-1, max-image-preview:large, max-video-preview:-1\" \/>\n<link rel=\"canonical\" href=\"https:\/\/dilvps.eu\/dildivi\/privatnost-i-kolacici\/\" \/>\n<meta property=\"og:locale\" content=\"hr_HR\" \/>\n<meta property=\"og:type\" content=\"article\" \/>\n<meta property=\"og:title\" content=\"Privatnost i Kola\u010di\u0107i\" \/>\n<meta property=\"og:description\" content=\"Pravila privatnostiGDPR Ovim dokumentom opisano je kako DIL-93 d.o.o. , Ra\u0161ka 22b, 10000 Zagreb, OIB: 42442121890 obra\u0111uje osobne podatke. Politika privatnosti se primjenjuje na sve osobne podatke korisnika koje prikupljamo i obra\u0111ujemo. Kontaktni podaci prikupljeni na na\u0161im web stranicama ne\u0107e biti javno objavljeni niti \u0107e koristiti za bilo \u0161to drugo, osim za slanje odgovora na [&hellip;]\" \/>\n<meta property=\"og:url\" content=\"https:\/\/dilvps.eu\/dildivi\/privatnost-i-kolacici\/\" \/>\n<meta property=\"og:site_name\" content=\"Dil-93 d.o.o.\" \/>\n<meta property=\"article:modified_time\" content=\"2022-04-06T08:46:10+00:00\" \/>\n<meta name=\"twitter:card\" content=\"summary_large_image\" \/>\n<meta name=\"twitter:label1\" content=\"Procijenjeno vrijeme \u010ditanja\" \/>\n\t<meta name=\"twitter:data1\" content=\"3 minute\" \/>\n<script type=\"application\/ld+json\" class=\"yoast-schema-graph\">{\"@context\":\"https:\/\/schema.org\",\"@graph\":[{\"@type\":\"WebPage\",\"@id\":\"https:\/\/dilvps.eu\/dildivi\/privatnost-i-kolacici\/\",\"url\":\"https:\/\/dilvps.eu\/dildivi\/privatnost-i-kolacici\/\",\"name\":\"Privatnost i Kola\u010di\u0107i - Dil-93 d.o.o.\",\"isPartOf\":{\"@id\":\"https:\/\/dilvps.eu\/dildivi\/#website\"},\"datePublished\":\"2022-03-28T13:26:11+00:00\",\"dateModified\":\"2022-04-06T08:46:10+00:00\",\"breadcrumb\":{\"@id\":\"https:\/\/dilvps.eu\/dildivi\/privatnost-i-kolacici\/#breadcrumb\"},\"inLanguage\":\"hr\",\"potentialAction\":[{\"@type\":\"ReadAction\",\"target\":[\"https:\/\/dilvps.eu\/dildivi\/privatnost-i-kolacici\/\"]}]},{\"@type\":\"BreadcrumbList\",\"@id\":\"https:\/\/dilvps.eu\/dildivi\/privatnost-i-kolacici\/#breadcrumb\",\"itemListElement\":[{\"@type\":\"ListItem\",\"position\":1,\"name\":\"Home\",\"item\":\"https:\/\/dilvps.eu\/dildivi\/\"},{\"@type\":\"ListItem\",\"position\":2,\"name\":\"Privatnost i Kola\u010di\u0107i\"}]},{\"@type\":\"WebSite\",\"@id\":\"https:\/\/dilvps.eu\/dildivi\/#website\",\"url\":\"https:\/\/dilvps.eu\/dildivi\/\",\"name\":\"Dil-93 d.o.o.\",\"description\":\"Informati\u010dki in\u017einjering i usluge\",\"publisher\":{\"@id\":\"https:\/\/dilvps.eu\/dildivi\/#organization\"},\"potentialAction\":[{\"@type\":\"SearchAction\",\"target\":{\"@type\":\"EntryPoint\",\"urlTemplate\":\"https:\/\/dilvps.eu\/dildivi\/?s={search_term_string}\"},\"query-input\":{\"@type\":\"PropertyValueSpecification\",\"valueRequired\":true,\"valueName\":\"search_term_string\"}}],\"inLanguage\":\"hr\"},{\"@type\":\"Organization\",\"@id\":\"https:\/\/dilvps.eu\/dildivi\/#organization\",\"name\":\"Dil-93 d.o.o.\",\"url\":\"https:\/\/dilvps.eu\/dildivi\/\",\"logo\":{\"@type\":\"ImageObject\",\"inLanguage\":\"hr\",\"@id\":\"https:\/\/dilvps.eu\/dildivi\/#\/schema\/logo\/image\/\",\"url\":\"https:\/\/dilvps.eu\/dildivi\/wp-content\/uploads\/2022\/04\/dil_logo_stari_cisti_favicon.png\",\"contentUrl\":\"https:\/\/dilvps.eu\/dildivi\/wp-content\/uploads\/2022\/04\/dil_logo_stari_cisti_favicon.png\",\"width\":512,\"height\":512,\"caption\":\"Dil-93 d.o.o.\"},\"image\":{\"@id\":\"https:\/\/dilvps.eu\/dildivi\/#\/schema\/logo\/image\/\"}}]}<\/script>\n<!-- \/ Yoast SEO Premium plugin. -->","yoast_head_json":{"title":"Privatnost i Kola\u010di\u0107i - Dil-93 d.o.o.","robots":{"index":"index","follow":"follow","max-snippet":"max-snippet:-1","max-image-preview":"max-image-preview:large","max-video-preview":"max-video-preview:-1"},"canonical":"https:\/\/dilvps.eu\/dildivi\/privatnost-i-kolacici\/","og_locale":"hr_HR","og_type":"article","og_title":"Privatnost i Kola\u010di\u0107i","og_description":"Pravila privatnostiGDPR Ovim dokumentom opisano je kako DIL-93 d.o.o. , Ra\u0161ka 22b, 10000 Zagreb, OIB: 42442121890 obra\u0111uje osobne podatke. Politika privatnosti se primjenjuje na sve osobne podatke korisnika koje prikupljamo i obra\u0111ujemo. Kontaktni podaci prikupljeni na na\u0161im web stranicama ne\u0107e biti javno objavljeni niti \u0107e koristiti za bilo \u0161to drugo, osim za slanje odgovora na [&hellip;]","og_url":"https:\/\/dilvps.eu\/dildivi\/privatnost-i-kolacici\/","og_site_name":"Dil-93 d.o.o.","article_modified_time":"2022-04-06T08:46:10+00:00","twitter_card":"summary_large_image","twitter_misc":{"Procijenjeno vrijeme \u010ditanja":"3 minute"},"schema":{"@context":"https:\/\/schema.org","@graph":[{"@type":"WebPage","@id":"https:\/\/dilvps.eu\/dildivi\/privatnost-i-kolacici\/","url":"https:\/\/dilvps.eu\/dildivi\/privatnost-i-kolacici\/","name":"Privatnost i Kola\u010di\u0107i - Dil-93 d.o.o.","isPartOf":{"@id":"https:\/\/dilvps.eu\/dildivi\/#website"},"datePublished":"2022-03-28T13:26:11+00:00","dateModified":"2022-04-06T08:46:10+00:00","breadcrumb":{"@id":"https:\/\/dilvps.eu\/dildivi\/privatnost-i-kolacici\/#breadcrumb"},"inLanguage":"hr","potentialAction":[{"@type":"ReadAction","target":["https:\/\/dilvps.eu\/dildivi\/privatnost-i-kolacici\/"]}]},{"@type":"BreadcrumbList","@id":"https:\/\/dilvps.eu\/dildivi\/privatnost-i-kolacici\/#breadcrumb","itemListElement":[{"@type":"ListItem","position":1,"name":"Home","item":"https:\/\/dilvps.eu\/dildivi\/"},{"@type":"ListItem","position":2,"name":"Privatnost i Kola\u010di\u0107i"}]},{"@type":"WebSite","@id":"https:\/\/dilvps.eu\/dildivi\/#website","url":"https:\/\/dilvps.eu\/dildivi\/","name":"Dil-93 d.o.o.","description":"Informati\u010dki in\u017einjering i usluge","publisher":{"@id":"https:\/\/dilvps.eu\/dildivi\/#organization"},"potentialAction":[{"@type":"SearchAction","target":{"@type":"EntryPoint","urlTemplate":"https:\/\/dilvps.eu\/dildivi\/?s={search_term_string}"},"query-input":{"@type":"PropertyValueSpecification","valueRequired":true,"valueName":"search_term_string"}}],"inLanguage":"hr"},{"@type":"Organization","@id":"https:\/\/dilvps.eu\/dildivi\/#organization","name":"Dil-93 d.o.o.","url":"https:\/\/dilvps.eu\/dildivi\/","logo":{"@type":"ImageObject","inLanguage":"hr","@id":"https:\/\/dilvps.eu\/dildivi\/#\/schema\/logo\/image\/","url":"https:\/\/dilvps.eu\/dildivi\/wp-content\/uploads\/2022\/04\/dil_logo_stari_cisti_favicon.png","contentUrl":"https:\/\/dilvps.eu\/dildivi\/wp-content\/uploads\/2022\/04\/dil_logo_stari_cisti_favicon.png","width":512,"height":512,"caption":"Dil-93 d.o.o."},"image":{"@id":"https:\/\/dilvps.eu\/dildivi\/#\/schema\/logo\/image\/"}}]}},"_links":{"self":[{"href":"https:\/\/dilvps.eu\/dildivi\/wp-json\/wp\/v2\/pages\/3"}],"collection":[{"href":"https:\/\/dilvps.eu\/dildivi\/wp-json\/wp\/v2\/pages"}],"about":[{"href":"https:\/\/dilvps.eu\/dildivi\/wp-json\/wp\/v2\/types\/page"}],"author":[{"embeddable":true,"href":"https:\/\/dilvps.eu\/dildivi\/wp-json\/wp\/v2\/users\/1"}],"replies":[{"embeddable":true,"href":"https:\/\/dilvps.eu\/dildivi\/wp-json\/wp\/v2\/comments?post=3"}],"version-history":[{"count":0,"href":"https:\/\/dilvps.eu\/dildivi\/wp-json\/wp\/v2\/pages\/3\/revisions"}],"wp:attachment":[{"href":"https:\/\/dilvps.eu\/dildivi\/wp-json\/wp\/v2\/media?parent=3"}],"curies":[{"name":"wp","href":"https:\/\/api.w.org\/{rel}","templated":true}]}}