{"id":14,"date":"2022-03-28T14:35:09","date_gmt":"2022-03-28T14:35:09","guid":{"rendered":"https:\/\/dilvps.eu\/dildivi\/?page_id=14"},"modified":"2022-04-28T22:08:57","modified_gmt":"2022-04-28T20:08:57","slug":"evidencija-radnog-vremena-plan-rada","status":"publish","type":"page","link":"https:\/\/dilvps.eu\/dildivi\/evidencija-radnog-vremena-plan-rada\/","title":{"rendered":"Evidencija radnog vremena i plan rada"},"content":{"rendered":"<p>[et_pb_section fb_built=&#8221;1&#8243; admin_label=&#8221;section&#8221; _builder_version=&#8221;4.16.0&#8243; custom_padding=&#8221;0px||||false|false&#8221; global_colors_info=&#8221;{}&#8221;][et_pb_row column_structure=&#8221;1_2,1_2&#8243; _builder_version=&#8221;4.17.3&#8243; _module_preset=&#8221;default&#8221; hover_enabled=&#8221;0&#8243; global_colors_info=&#8221;{}&#8221; sticky_enabled=&#8221;0&#8243;][et_pb_column type=&#8221;1_2&#8243; _builder_version=&#8221;4.16.1&#8243; _module_preset=&#8221;default&#8221; global_colors_info=&#8221;{}&#8221;][et_pb_slider show_arrows=&#8221;off&#8221; show_pagination=&#8221;off&#8221; _builder_version=&#8221;4.17.3&#8243; _module_preset=&#8221;default&#8221; custom_margin=&#8221;0px||0px||true|false&#8221; auto=&#8221;on&#8221; hover_enabled=&#8221;0&#8243; global_colors_info=&#8221;{}&#8221; sticky_enabled=&#8221;0&#8243; custom_padding=&#8221;||0px||false|false&#8221;][et_pb_slide image=&#8221;https:\/\/dilvps.eu\/dildivi\/wp-content\/uploads\/2022\/04\/shutterstock_1897399699-scaled.jpg&#8221; _builder_version=&#8221;4.17.3&#8243; _module_preset=&#8221;default&#8221; background_enable_color=&#8221;off&#8221; hover_enabled=&#8221;0&#8243; global_colors_info=&#8221;{}&#8221; sticky_transition=&#8221;on&#8221; sticky_enabled=&#8221;0&#8243;][\/et_pb_slide][et_pb_slide image=&#8221;https:\/\/dilvps.eu\/dildivi\/wp-content\/uploads\/2022\/04\/ERV_box_625x500.jpg&#8221; _builder_version=&#8221;4.17.3&#8243; _module_preset=&#8221;default&#8221; background_enable_color=&#8221;off&#8221; hover_enabled=&#8221;0&#8243; global_colors_info=&#8221;{}&#8221; sticky_transition=&#8221;on&#8221; sticky_enabled=&#8221;0&#8243;][\/et_pb_slide][\/et_pb_slider][\/et_pb_column][et_pb_column type=&#8221;1_2&#8243; _builder_version=&#8221;4.16.1&#8243; _module_preset=&#8221;default&#8221; global_colors_info=&#8221;{}&#8221;][et_pb_text admin_label=&#8221;Text&#8221; _builder_version=&#8221;4.17.3&#8243; global_colors_info=&#8221;{}&#8221; sticky_enabled=&#8221;0&#8243; header_3_text_color=&#8221;#595959&#8243; header_3_font=&#8221;|||on|||||&#8221; header_3_font_size=&#8221;20px&#8221; custom_margin=&#8221;44px||6px||false|false&#8221; hover_enabled=&#8221;0&#8243;]<\/p>\n<h1>Web aplikacija Evidencija radnog vremena\u00a0 i plan rada<\/h1>\n<h3>WEB APLIKACIJA<\/h3>\n<p>[\/et_pb_text][et_pb_divider _builder_version=&#8221;4.17.3&#8243; _module_preset=&#8221;default&#8221; sticky_enabled=&#8221;0&#8243; color=&#8221;#b5b5b5&#8243; custom_margin=&#8221;||0px||false|false&#8221;][\/et_pb_divider][et_pb_text _builder_version=&#8221;4.17.3&#8243; _module_preset=&#8221;default&#8221; hover_enabled=&#8221;0&#8243; sticky_enabled=&#8221;0&#8243;]Pomo\u0107u aplikacije u oblaku Evidencija radnog vremena i plan rada mo\u017eete pregledno i brzo organizirati rad osoblja po smjenama i poslovnicama.<\/p>\n<p>Ako na kraju mjeseca nije bilo promjena i iznimki u odnosu na plan rada (prekovremeni, bolovanja,&#8230;) plan rada se mo\u017ee u\u010ditati u Evidenciju radnog vremena i prilo\u017eiti uz obra\u010dun pla\u0107a.<br \/>\n[\/et_pb_text][\/et_pb_column][\/et_pb_row][et_pb_row column_structure=&#8221;1_5,1_5,1_5,1_5,1_5&#8243; _builder_version=&#8221;4.16.0&#8243; _module_preset=&#8221;default&#8221; global_colors_info=&#8221;{}&#8221;][et_pb_column type=&#8221;1_5&#8243; _builder_version=&#8221;4.16.0&#8243; _module_preset=&#8221;default&#8221; global_colors_info=&#8221;{}&#8221;][et_pb_image src=&#8221;https:\/\/dilvps.eu\/dildivi\/wp-content\/uploads\/2022\/04\/1-Lista-dogadaja-termina-za-godisnji-odmor_obradena.jpg&#8221; title_text=&#8221;1-Lista-dogadaja-termina-za-godisnji-odmor_obradena&#8221; show_in_lightbox=&#8221;on&#8221; _builder_version=&#8221;4.16.0&#8243; _module_preset=&#8221;default&#8221; global_colors_info=&#8221;{}&#8221;][\/et_pb_image][\/et_pb_column][et_pb_column type=&#8221;1_5&#8243; _builder_version=&#8221;4.16.0&#8243; _module_preset=&#8221;default&#8221; global_colors_info=&#8221;{}&#8221;][et_pb_image src=&#8221;https:\/\/dilvps.eu\/dildivi\/wp-content\/uploads\/2022\/04\/Izvjestaj-evidencija-godisnjih-odmora.jpg&#8221; title_text=&#8221;Lista dogadaja termina za godisnji odmor&#8221; _builder_version=&#8221;4.16.0&#8243; _module_preset=&#8221;default&#8221; global_colors_info=&#8221;{}&#8221;][\/et_pb_image][\/et_pb_column][et_pb_column type=&#8221;1_5&#8243; _builder_version=&#8221;4.16.0&#8243; _module_preset=&#8221;default&#8221; global_colors_info=&#8221;{}&#8221;][et_pb_image src=&#8221;https:\/\/dilvps.eu\/dildivi\/wp-content\/uploads\/2022\/04\/ekran-djelatnika-Evidencija-godisinjih-odmora.jpg&#8221; title_text=&#8221;Lista dogadaja termina za godisnji odmor&#8221; _builder_version=&#8221;4.16.0&#8243; _module_preset=&#8221;default&#8221; global_colors_info=&#8221;{}&#8221;][\/et_pb_image][\/et_pb_column][et_pb_column type=&#8221;1_5&#8243; _builder_version=&#8221;4.16.0&#8243; _module_preset=&#8221;default&#8221; global_colors_info=&#8221;{}&#8221;][et_pb_image src=&#8221;https:\/\/dilvps.eu\/dildivi\/wp-content\/uploads\/2022\/04\/djelatnik-ceka-odobrenje.jpg&#8221; title_text=&#8221;Lista dogadaja termina za godisnji odmor&#8221; _builder_version=&#8221;4.16.0&#8243; _module_preset=&#8221;default&#8221; global_colors_info=&#8221;{}&#8221;][\/et_pb_image][\/et_pb_column][et_pb_column type=&#8221;1_5&#8243; _builder_version=&#8221;4.16.0&#8243; _module_preset=&#8221;default&#8221; global_colors_info=&#8221;{}&#8221;][et_pb_image src=&#8221;https:\/\/dilvps.eu\/dildivi\/wp-content\/uploads\/2022\/04\/maticna-evidencija-evidencija-godisnjih-odmora.jpg&#8221; title_text=&#8221;Lista dogadaja termina za godisnji odmor&#8221; _builder_version=&#8221;4.16.0&#8243; _module_preset=&#8221;default&#8221; global_colors_info=&#8221;{}&#8221;][\/et_pb_image][\/et_pb_column][\/et_pb_row][\/et_pb_section]<\/p>\n","protected":false},"excerpt":{"rendered":"<p>Web aplikacija Evidencija radnog vremena\u00a0 i plan rada WEB APLIKACIJAPomo\u0107u aplikacije u oblaku Evidencija radnog vremena i plan rada mo\u017eete pregledno i brzo organizirati rad osoblja po smjenama i poslovnicama. Ako na kraju mjeseca nije bilo promjena i iznimki u odnosu na plan rada (prekovremeni, bolovanja,&#8230;) plan rada se mo\u017ee u\u010ditati u Evidenciju radnog vremena [&hellip;]<\/p>\n","protected":false},"author":2,"featured_media":1109,"parent":0,"menu_order":0,"comment_status":"closed","ping_status":"closed","template":"","meta":{"_et_pb_use_builder":"on","_et_pb_old_content":"","_et_gb_content_width":"","footnotes":""},"yoast_head":"<!-- This site is optimized with the Yoast SEO Premium plugin v19.5 (Yoast SEO v23.5) - https:\/\/yoast.com\/wordpress\/plugins\/seo\/ -->\n<title>Evidencija radnog vremena i plan rada - Dil-93 d.o.o.<\/title>\n<meta name=\"description\" content=\"Evidencija radnog vremena i plan rada, program u oblaku za za efikasnu evidenciju i jednostavno planiranje rada u vi\u0161e poslovnica i smjena.\" \/>\n<meta name=\"robots\" content=\"index, follow, max-snippet:-1, max-image-preview:large, max-video-preview:-1\" \/>\n<link rel=\"canonical\" href=\"https:\/\/dilvps.eu\/dildivi\/evidencija-radnog-vremena-plan-rada\/\" \/>\n<meta property=\"og:locale\" content=\"hr_HR\" \/>\n<meta property=\"og:type\" content=\"article\" \/>\n<meta property=\"og:title\" content=\"Evidencija radnog vremena i plan rada\" \/>\n<meta property=\"og:description\" content=\"Evidencija radnog vremena i plan rada, program u oblaku za za efikasnu evidenciju i jednostavno planiranje rada u vi\u0161e poslovnica i smjena.\" \/>\n<meta property=\"og:url\" content=\"https:\/\/dilvps.eu\/dildivi\/evidencija-radnog-vremena-plan-rada\/\" \/>\n<meta property=\"og:site_name\" content=\"Dil-93 d.o.o.\" \/>\n<meta property=\"article:modified_time\" content=\"2022-04-28T20:08:57+00:00\" \/>\n<meta property=\"og:image\" content=\"https:\/\/dilvps.eu\/dildivi\/wp-content\/uploads\/2022\/04\/ERV_box_featured-16-9.jpg\" \/>\n\t<meta property=\"og:image:width\" content=\"510\" \/>\n\t<meta property=\"og:image:height\" content=\"287\" \/>\n\t<meta property=\"og:image:type\" content=\"image\/jpeg\" \/>\n<meta name=\"twitter:card\" content=\"summary_large_image\" \/>\n<meta name=\"twitter:label1\" content=\"Procijenjeno vrijeme \u010ditanja\" \/>\n\t<meta name=\"twitter:data1\" content=\"2 minute\" \/>\n<script type=\"application\/ld+json\" class=\"yoast-schema-graph\">{\"@context\":\"https:\/\/schema.org\",\"@graph\":[{\"@type\":\"WebPage\",\"@id\":\"https:\/\/dilvps.eu\/dildivi\/evidencija-radnog-vremena-plan-rada\/\",\"url\":\"https:\/\/dilvps.eu\/dildivi\/evidencija-radnog-vremena-plan-rada\/\",\"name\":\"Evidencija radnog vremena i plan rada - Dil-93 d.o.o.\",\"isPartOf\":{\"@id\":\"https:\/\/dilvps.eu\/dildivi\/#website\"},\"primaryImageOfPage\":{\"@id\":\"https:\/\/dilvps.eu\/dildivi\/evidencija-radnog-vremena-plan-rada\/#primaryimage\"},\"image\":{\"@id\":\"https:\/\/dilvps.eu\/dildivi\/evidencija-radnog-vremena-plan-rada\/#primaryimage\"},\"thumbnailUrl\":\"https:\/\/dilvps.eu\/dildivi\/wp-content\/uploads\/2022\/04\/ERV_box_featured-16-9.jpg\",\"datePublished\":\"2022-03-28T14:35:09+00:00\",\"dateModified\":\"2022-04-28T20:08:57+00:00\",\"description\":\"Evidencija radnog vremena i plan rada, program u oblaku za za efikasnu evidenciju i jednostavno planiranje rada u vi\u0161e poslovnica i smjena.\",\"breadcrumb\":{\"@id\":\"https:\/\/dilvps.eu\/dildivi\/evidencija-radnog-vremena-plan-rada\/#breadcrumb\"},\"inLanguage\":\"hr\",\"potentialAction\":[{\"@type\":\"ReadAction\",\"target\":[\"https:\/\/dilvps.eu\/dildivi\/evidencija-radnog-vremena-plan-rada\/\"]}]},{\"@type\":\"ImageObject\",\"inLanguage\":\"hr\",\"@id\":\"https:\/\/dilvps.eu\/dildivi\/evidencija-radnog-vremena-plan-rada\/#primaryimage\",\"url\":\"https:\/\/dilvps.eu\/dildivi\/wp-content\/uploads\/2022\/04\/ERV_box_featured-16-9.jpg\",\"contentUrl\":\"https:\/\/dilvps.eu\/dildivi\/wp-content\/uploads\/2022\/04\/ERV_box_featured-16-9.jpg\",\"width\":510,\"height\":287},{\"@type\":\"BreadcrumbList\",\"@id\":\"https:\/\/dilvps.eu\/dildivi\/evidencija-radnog-vremena-plan-rada\/#breadcrumb\",\"itemListElement\":[{\"@type\":\"ListItem\",\"position\":1,\"name\":\"Home\",\"item\":\"https:\/\/dilvps.eu\/dildivi\/\"},{\"@type\":\"ListItem\",\"position\":2,\"name\":\"Evidencija radnog vremena i plan rada\"}]},{\"@type\":\"WebSite\",\"@id\":\"https:\/\/dilvps.eu\/dildivi\/#website\",\"url\":\"https:\/\/dilvps.eu\/dildivi\/\",\"name\":\"Dil-93 d.o.o.\",\"description\":\"Informati\u010dki in\u017einjering i usluge\",\"publisher\":{\"@id\":\"https:\/\/dilvps.eu\/dildivi\/#organization\"},\"potentialAction\":[{\"@type\":\"SearchAction\",\"target\":{\"@type\":\"EntryPoint\",\"urlTemplate\":\"https:\/\/dilvps.eu\/dildivi\/?s={search_term_string}\"},\"query-input\":{\"@type\":\"PropertyValueSpecification\",\"valueRequired\":true,\"valueName\":\"search_term_string\"}}],\"inLanguage\":\"hr\"},{\"@type\":\"Organization\",\"@id\":\"https:\/\/dilvps.eu\/dildivi\/#organization\",\"name\":\"Dil-93 d.o.o.\",\"url\":\"https:\/\/dilvps.eu\/dildivi\/\",\"logo\":{\"@type\":\"ImageObject\",\"inLanguage\":\"hr\",\"@id\":\"https:\/\/dilvps.eu\/dildivi\/#\/schema\/logo\/image\/\",\"url\":\"https:\/\/dilvps.eu\/dildivi\/wp-content\/uploads\/2022\/04\/dil_logo_stari_cisti_favicon.png\",\"contentUrl\":\"https:\/\/dilvps.eu\/dildivi\/wp-content\/uploads\/2022\/04\/dil_logo_stari_cisti_favicon.png\",\"width\":512,\"height\":512,\"caption\":\"Dil-93 d.o.o.\"},\"image\":{\"@id\":\"https:\/\/dilvps.eu\/dildivi\/#\/schema\/logo\/image\/\"}}]}<\/script>\n<!-- \/ Yoast SEO Premium plugin. -->","yoast_head_json":{"title":"Evidencija radnog vremena i plan rada - Dil-93 d.o.o.","description":"Evidencija radnog vremena i plan rada, program u oblaku za za efikasnu evidenciju i jednostavno planiranje rada u vi\u0161e poslovnica i smjena.","robots":{"index":"index","follow":"follow","max-snippet":"max-snippet:-1","max-image-preview":"max-image-preview:large","max-video-preview":"max-video-preview:-1"},"canonical":"https:\/\/dilvps.eu\/dildivi\/evidencija-radnog-vremena-plan-rada\/","og_locale":"hr_HR","og_type":"article","og_title":"Evidencija radnog vremena i plan rada","og_description":"Evidencija radnog vremena i plan rada, program u oblaku za za efikasnu evidenciju i jednostavno planiranje rada u vi\u0161e poslovnica i smjena.","og_url":"https:\/\/dilvps.eu\/dildivi\/evidencija-radnog-vremena-plan-rada\/","og_site_name":"Dil-93 d.o.o.","article_modified_time":"2022-04-28T20:08:57+00:00","og_image":[{"width":510,"height":287,"url":"https:\/\/dilvps.eu\/dildivi\/wp-content\/uploads\/2022\/04\/ERV_box_featured-16-9.jpg","type":"image\/jpeg"}],"twitter_card":"summary_large_image","twitter_misc":{"Procijenjeno vrijeme \u010ditanja":"2 minute"},"schema":{"@context":"https:\/\/schema.org","@graph":[{"@type":"WebPage","@id":"https:\/\/dilvps.eu\/dildivi\/evidencija-radnog-vremena-plan-rada\/","url":"https:\/\/dilvps.eu\/dildivi\/evidencija-radnog-vremena-plan-rada\/","name":"Evidencija radnog vremena i plan rada - Dil-93 d.o.o.","isPartOf":{"@id":"https:\/\/dilvps.eu\/dildivi\/#website"},"primaryImageOfPage":{"@id":"https:\/\/dilvps.eu\/dildivi\/evidencija-radnog-vremena-plan-rada\/#primaryimage"},"image":{"@id":"https:\/\/dilvps.eu\/dildivi\/evidencija-radnog-vremena-plan-rada\/#primaryimage"},"thumbnailUrl":"https:\/\/dilvps.eu\/dildivi\/wp-content\/uploads\/2022\/04\/ERV_box_featured-16-9.jpg","datePublished":"2022-03-28T14:35:09+00:00","dateModified":"2022-04-28T20:08:57+00:00","description":"Evidencija radnog vremena i plan rada, program u oblaku za za efikasnu evidenciju i jednostavno planiranje rada u vi\u0161e poslovnica i smjena.","breadcrumb":{"@id":"https:\/\/dilvps.eu\/dildivi\/evidencija-radnog-vremena-plan-rada\/#breadcrumb"},"inLanguage":"hr","potentialAction":[{"@type":"ReadAction","target":["https:\/\/dilvps.eu\/dildivi\/evidencija-radnog-vremena-plan-rada\/"]}]},{"@type":"ImageObject","inLanguage":"hr","@id":"https:\/\/dilvps.eu\/dildivi\/evidencija-radnog-vremena-plan-rada\/#primaryimage","url":"https:\/\/dilvps.eu\/dildivi\/wp-content\/uploads\/2022\/04\/ERV_box_featured-16-9.jpg","contentUrl":"https:\/\/dilvps.eu\/dildivi\/wp-content\/uploads\/2022\/04\/ERV_box_featured-16-9.jpg","width":510,"height":287},{"@type":"BreadcrumbList","@id":"https:\/\/dilvps.eu\/dildivi\/evidencija-radnog-vremena-plan-rada\/#breadcrumb","itemListElement":[{"@type":"ListItem","position":1,"name":"Home","item":"https:\/\/dilvps.eu\/dildivi\/"},{"@type":"ListItem","position":2,"name":"Evidencija radnog vremena i plan rada"}]},{"@type":"WebSite","@id":"https:\/\/dilvps.eu\/dildivi\/#website","url":"https:\/\/dilvps.eu\/dildivi\/","name":"Dil-93 d.o.o.","description":"Informati\u010dki in\u017einjering i usluge","publisher":{"@id":"https:\/\/dilvps.eu\/dildivi\/#organization"},"potentialAction":[{"@type":"SearchAction","target":{"@type":"EntryPoint","urlTemplate":"https:\/\/dilvps.eu\/dildivi\/?s={search_term_string}"},"query-input":{"@type":"PropertyValueSpecification","valueRequired":true,"valueName":"search_term_string"}}],"inLanguage":"hr"},{"@type":"Organization","@id":"https:\/\/dilvps.eu\/dildivi\/#organization","name":"Dil-93 d.o.o.","url":"https:\/\/dilvps.eu\/dildivi\/","logo":{"@type":"ImageObject","inLanguage":"hr","@id":"https:\/\/dilvps.eu\/dildivi\/#\/schema\/logo\/image\/","url":"https:\/\/dilvps.eu\/dildivi\/wp-content\/uploads\/2022\/04\/dil_logo_stari_cisti_favicon.png","contentUrl":"https:\/\/dilvps.eu\/dildivi\/wp-content\/uploads\/2022\/04\/dil_logo_stari_cisti_favicon.png","width":512,"height":512,"caption":"Dil-93 d.o.o."},"image":{"@id":"https:\/\/dilvps.eu\/dildivi\/#\/schema\/logo\/image\/"}}]}},"_links":{"self":[{"href":"https:\/\/dilvps.eu\/dildivi\/wp-json\/wp\/v2\/pages\/14"}],"collection":[{"href":"https:\/\/dilvps.eu\/dildivi\/wp-json\/wp\/v2\/pages"}],"about":[{"href":"https:\/\/dilvps.eu\/dildivi\/wp-json\/wp\/v2\/types\/page"}],"author":[{"embeddable":true,"href":"https:\/\/dilvps.eu\/dildivi\/wp-json\/wp\/v2\/users\/2"}],"replies":[{"embeddable":true,"href":"https:\/\/dilvps.eu\/dildivi\/wp-json\/wp\/v2\/comments?post=14"}],"version-history":[{"count":0,"href":"https:\/\/dilvps.eu\/dildivi\/wp-json\/wp\/v2\/pages\/14\/revisions"}],"wp:featuredmedia":[{"embeddable":true,"href":"https:\/\/dilvps.eu\/dildivi\/wp-json\/wp\/v2\/media\/1109"}],"wp:attachment":[{"href":"https:\/\/dilvps.eu\/dildivi\/wp-json\/wp\/v2\/media?parent=14"}],"curies":[{"name":"wp","href":"https:\/\/api.w.org\/{rel}","templated":true}]}}