{"id":11,"date":"2022-03-28T14:34:53","date_gmt":"2022-03-28T14:34:53","guid":{"rendered":"https:\/\/dilvps.eu\/dildivi\/?page_id=11"},"modified":"2022-09-19T12:38:51","modified_gmt":"2022-09-19T10:38:51","slug":"izrada-web-stranica","status":"publish","type":"page","link":"https:\/\/dilvps.eu\/dildivi\/izrada-web-stranica\/","title":{"rendered":"Izrada web stranica"},"content":{"rendered":"\n[et_pb_section fb_built=&#8221;1&#8243; _builder_version=&#8221;4.16.0&#8243; _module_preset=&#8221;default&#8221; custom_padding=&#8221;30px||||false|false&#8221; global_colors_info=&#8221;{}&#8221;][et_pb_row _builder_version=&#8221;4.16.0&#8243; _module_preset=&#8221;default&#8221; global_colors_info=&#8221;{}&#8221;][et_pb_column type=&#8221;4_4&#8243; _builder_version=&#8221;4.16.0&#8243; _module_preset=&#8221;default&#8221; global_colors_info=&#8221;{}&#8221;][et_pb_text ol_item_indent=&#8221;15px&#8221; _builder_version=&#8221;4.17.3&#8243; _module_preset=&#8221;default&#8221; header_2_line_height=&#8221;1.7em&#8221; global_colors_info=&#8221;{}&#8221;]<h1>IZRADA WEB STRANICA<\/h1><br\/>\nIzrada web stranica u poznatom CMS sustavu pomo\u0107u kojeg \u0107emo prezentirati Va\u0161u tvrtku na web mjestu, koje \u0107e na kraju Vama postati jedan od najja\u010dih alata u Va\u0161em poslovanju. Kod izrade web stranica, izuzetnu pa\u017enju pridodajemo brzini u\u010ditavanja i jednostavno\u0161\u0107u kori\u0161tenja korisni\u010dkog su\u010delja.\n\nOvisno o va\u0161im potrebama mo\u017eemo vam ponuditi 2 tipa izrade internet stranica.\n<ol>\n\t<li>Prvi i jeftiniji izbor su unaprijed dizajnirani predlo\u0161ci. Podizanje takvog tipa stranice ne iziskuje puno vremena sa na\u0161e strane, pa sama izrada takvog tipa stranica ko\u0161ta puno manje.<\/li>\n\t<li>Izrada originalne web stranice, nije template, nije kopija. Puno misli i sati vremena ulo\u017eiti \u0107emo u originalan dizajn i optimizaciju korisni\u010dkog iskustva da bi Va\u0161oj tvrtci pru\u017eili mogu\u0107nost da bude druga\u010dija i privla\u010dnija od konkurencije.<\/li>\n<\/ol>\nStranice \u0107emo izraditi po va\u0161im potrebama i postaviti na web hosting u skladu sa tehni\u010dkim potrebama ovisno o kompleksnosti projekta.\n\nKada je izrada internet stranice zavr\u0161ena predajemo klju\u010deve u Va\u0161e ruke. Dalje Vi imate mogu\u010dnost ure\u0111ivanja i odr\u017eavanja sami uz pomo\u0107 na\u0161ih alata za izradu stranica za koje nije potrebno znanje programiranja. Naravno na\u0161a pomo\u0107 je samo jedan telefonski poziv udaljena , rado \u0107emo Vam pomo\u0107i sa svim daljnjim doradama ovisno o potrebi osobno ili vam pru\u017eiti osposobljavanje preko udaljene podr\u0161ke.\n\nImamo preko 30 godina iskustva u informati\u010dkom in\u017einjeringu, obratite nam se s povjerenjem.[\/et_pb_text][et_pb_text _builder_version=&#8221;4.16.0&#8243; _module_preset=&#8221;default&#8221; global_colors_info=&#8221;{}&#8221;]<h4>Dil-93 <span style=\"color: #363636;\">W<\/span>eb <span style=\"color: #333300;\">S<\/span>tudio<\/h4>[\/et_pb_text][\/et_pb_column][\/et_pb_row][et_pb_row column_structure=&#8221;3_4,1_4&#8243; _builder_version=&#8221;4.16.0&#8243; _module_preset=&#8221;default&#8221; background_color=&#8221;#f9f9f9&#8243; custom_margin=&#8221;40px||40px||true|false&#8221; custom_padding=&#8221;20px|20px|20px|20px|true|true&#8221; border_width_all=&#8221;1px&#8221; border_color_all=&#8221;#e0e0e0&#8243; global_module=&#8221;438&#8243; saved_tabs=&#8221;all&#8221; global_colors_info=&#8221;{}&#8221;][et_pb_column type=&#8221;3_4&#8243; _builder_version=&#8221;4.16.0&#8243; _module_preset=&#8221;default&#8221; global_colors_info=&#8221;{}&#8221;][et_pb_text _builder_version=&#8221;4.16&#8243; _module_preset=&#8221;default&#8221; border_width_bottom=&#8221;1px&#8221; border_color_bottom=&#8221;#d6d6d6&#8243; global_colors_info=&#8221;{}&#8221;]<h2>Cijene<\/h2>[\/et_pb_text][et_pb_text _builder_version=&#8221;4.17.6&#8243; _module_preset=&#8221;default&#8221; hover_enabled=&#8221;0&#8243; global_colors_info=&#8221;{}&#8221; sticky_enabled=&#8221;0&#8243;]<p>Cijene <a href=\"https:\/\/dilvps.eu\/dildivi\/izrada-web-stranica\/\" target=\"_blank\" rel=\"noopener\">izrade web stranica<\/a> kompleksna su materija.\u00a0 Zaklju\u010dna cijena izrade web stranice i <a href=\"https:\/\/dilvps.eu\/dildivi\/izrada-web-shopa\/\" target=\"_blank\" rel=\"noopener\">izrade web trgovine<\/a>\u00a0 formira se nakon dogovora o projektu.<\/p>\n<p>\u0160to nije uklju\u010deno u cijenu?<\/p>\n<ul>\n<li>Izrada fotografija<\/li>\n<li>Pisanje sadr\u017eaja<\/li>\n<li>SEO<\/li>\n<\/ul>[\/et_pb_text][\/et_pb_column][et_pb_column type=&#8221;1_4&#8243; _builder_version=&#8221;4.16.0&#8243; _module_preset=&#8221;default&#8221; global_colors_info=&#8221;{}&#8221;][et_pb_image src=&#8221;https:\/\/dilvps.eu\/dildivi\/wp-content\/uploads\/2022\/03\/cijena_s_oliver.png&#8221; title_text=&#8221;cijena_s_oliver&#8221; align=&#8221;right&#8221; _builder_version=&#8221;4.16.0&#8243; _module_preset=&#8221;default&#8221; custom_padding=&#8221;25px||||false|false&#8221; global_colors_info=&#8221;{}&#8221;][\/et_pb_image][\/et_pb_column][\/et_pb_row][et_pb_row _builder_version=&#8221;4.16&#8243; _module_preset=&#8221;default&#8221; global_colors_info=&#8221;{}&#8221;][et_pb_column type=&#8221;4_4&#8243; _builder_version=&#8221;4.16&#8243; _module_preset=&#8221;default&#8221; global_colors_info=&#8221;{}&#8221;][et_pb_text _builder_version=&#8221;4.16&#8243; _module_preset=&#8221;default&#8221; global_colors_info=&#8221;{}&#8221;]<h2>ZADNJI PROJEKTI:<\/h2>[\/et_pb_text][\/et_pb_column][\/et_pb_row][et_pb_row column_structure=&#8221;1_3,1_3,1_3&#8243; use_custom_gutter=&#8221;on&#8221; gutter_width=&#8221;1&#8243; make_equal=&#8221;on&#8221; _builder_version=&#8221;4.16.0&#8243; _module_preset=&#8221;default&#8221; custom_padding=&#8221;0px|0px|0px|0px|true|true&#8221; global_module=&#8221;375&#8243; saved_tabs=&#8221;all&#8221; global_colors_info=&#8221;{}&#8221;][et_pb_column type=&#8221;1_3&#8243; _builder_version=&#8221;4.16&#8243; _module_preset=&#8221;default&#8221; background_color=&#8221;#9E0039&#8243; custom_padding=&#8221;25px|25px|25px|25px|true|true&#8221; global_colors_info=&#8221;{}&#8221;][et_pb_text _builder_version=&#8221;4.16&#8243; _module_preset=&#8221;default&#8221; header_4_text_align=&#8221;center&#8221; header_4_text_color=&#8221;#FFFFFA&#8221; header_4_font_size=&#8221;28px&#8221; global_colors_info=&#8221;{}&#8221;]<h4>D CONCEPT<\/h4>[\/et_pb_text][et_pb_text _builder_version=&#8221;4.16&#8243; _module_preset=&#8221;default&#8221; header_5_text_align=&#8221;center&#8221; header_5_text_color=&#8221;#FFFFFA&#8221; global_colors_info=&#8221;{}&#8221;]<h5>WEB DIZAJN<\/h5>[\/et_pb_text][et_pb_divider color=&#8221;rgba(255,255,250,0.36)&#8221; _builder_version=&#8221;4.16&#8243; _module_preset=&#8221;default&#8221; global_colors_info=&#8221;{}&#8221;][\/et_pb_divider][et_pb_text _builder_version=&#8221;4.16&#8243; _module_preset=&#8221;default&#8221; background_layout=&#8221;dark&#8221; global_colors_info=&#8221;{}&#8221;]<p>Odradili smo jo\u0161 jedan posao. Moderan i \u010dist dizajn, super brzo u\u010ditavanje , jednostavan za kori\u0161tenje. <\/p>[\/et_pb_text][et_pb_button button_url=&#8221;https:\/\/d-concept.eu\/&#8221; url_new_window=&#8221;on&#8221; button_text=&#8221;Posjeti D CONCEPT&#8221; button_alignment=&#8221;center&#8221; _builder_version=&#8221;4.16.0&#8243; _module_preset=&#8221;default&#8221; custom_button=&#8221;on&#8221; button_text_size=&#8221;15px&#8221; button_bg_color=&#8221;rgba(255,255,255,0)&#8221; button_border_width=&#8221;1px&#8221; button_border_color=&#8221;#FFFFFA&#8221; button_icon=&#8221;&#x45;||divi||400&#8243; button_icon_color=&#8221;#FFFFFA&#8221; custom_margin=&#8221;52px||||false|false&#8221; global_colors_info=&#8221;{}&#8221;][\/et_pb_button][\/et_pb_column][et_pb_column type=&#8221;1_3&#8243; _builder_version=&#8221;4.16&#8243; _module_preset=&#8221;default&#8221; background_color=&#8221;#657ED4&#8243; custom_padding=&#8221;25px|25px|25px|25px|true|true&#8221; global_colors_info=&#8221;{}&#8221;][et_pb_text _builder_version=&#8221;4.16&#8243; _module_preset=&#8221;default&#8221; header_4_text_align=&#8221;center&#8221; header_4_text_color=&#8221;#FFFFFA&#8221; header_4_font_size=&#8221;28px&#8221; global_colors_info=&#8221;{}&#8221;]<h4>D STORE<\/h4>[\/et_pb_text][et_pb_text _builder_version=&#8221;4.17.4&#8243; _module_preset=&#8221;default&#8221; header_3_text_align=&#8221;center&#8221; header_3_text_color=&#8221;#FFFFFA&#8221; header_3_font_size=&#8221;16px&#8221; header_5_text_align=&#8221;center&#8221; header_5_text_color=&#8221;#FFFFFA&#8221; global_colors_info=&#8221;{}&#8221;]<h3>IZRADA WEB SHOPa<\/h3>[\/et_pb_text][et_pb_divider color=&#8221;rgba(255,255,250,0.36)&#8221; _builder_version=&#8221;4.16&#8243; _module_preset=&#8221;default&#8221; global_colors_info=&#8221;{}&#8221;][\/et_pb_divider][et_pb_text _builder_version=&#8221;4.16&#8243; _module_preset=&#8221;default&#8221; background_layout=&#8221;dark&#8221; global_colors_info=&#8221;{}&#8221;]<p>Odradili smo jo\u0161 jedan posao. Moderan i \u010dist dizajn, super brzo u\u010ditavanje , jednostavan za kori\u0161tenje. <\/p>[\/et_pb_text][et_pb_button button_url=&#8221;https:\/\/dstore.eu&#8221; url_new_window=&#8221;on&#8221; button_text=&#8221;Posjeti D Store&#8221; button_alignment=&#8221;center&#8221; _builder_version=&#8221;4.16.0&#8243; _module_preset=&#8221;default&#8221; custom_button=&#8221;on&#8221; button_text_size=&#8221;15px&#8221; button_bg_color=&#8221;rgba(255,255,255,0)&#8221; button_border_width=&#8221;1px&#8221; button_border_color=&#8221;#FFFFFA&#8221; button_icon=&#8221;&#x45;||divi||400&#8243; button_icon_color=&#8221;#FFFFFA&#8221; custom_margin=&#8221;52px||||false|false&#8221; global_colors_info=&#8221;{}&#8221;][\/et_pb_button][\/et_pb_column][et_pb_column type=&#8221;1_3&#8243; _builder_version=&#8221;4.16&#8243; _module_preset=&#8221;default&#8221; background_color=&#8221;#EB6534&#8243; custom_padding=&#8221;25px|25px|25px|25px|true|true&#8221; global_colors_info=&#8221;{}&#8221;][et_pb_text _builder_version=&#8221;4.16&#8243; _module_preset=&#8221;default&#8221; header_4_text_align=&#8221;center&#8221; header_4_text_color=&#8221;#FFFFFA&#8221; header_4_font_size=&#8221;28px&#8221; global_colors_info=&#8221;{}&#8221;]<h4>IVI\u010cEK<\/h4>[\/et_pb_text][et_pb_text _builder_version=&#8221;4.17.4&#8243; _module_preset=&#8221;default&#8221; header_2_text_align=&#8221;center&#8221; header_2_text_color=&#8221;#FFFFFA&#8221; header_2_font_size=&#8221;16px&#8221; header_5_text_align=&#8221;center&#8221; header_5_text_color=&#8221;#FFFFFA&#8221; global_colors_info=&#8221;{}&#8221;]<h2>IZRADA WEB SHOPa<\/h2>[\/et_pb_text][et_pb_divider color=&#8221;rgba(255,255,250,0.36)&#8221; _builder_version=&#8221;4.16&#8243; _module_preset=&#8221;default&#8221; global_colors_info=&#8221;{}&#8221;][\/et_pb_divider][et_pb_text _builder_version=&#8221;4.16&#8243; _module_preset=&#8221;default&#8221; background_layout=&#8221;dark&#8221; global_colors_info=&#8221;{}&#8221;]<p>Odradili smo jo\u0161 jedan posao. Moderan i \u010dist dizajn, super brzo u\u010ditavanje , jednostavan za kori\u0161tenje.<\/p>[\/et_pb_text][et_pb_button button_url=&#8221;https:\/\/ivicek.hr&#8221; url_new_window=&#8221;on&#8221; button_text=&#8221;Posjeti IVI\u010cEK&#8221; button_alignment=&#8221;center&#8221; _builder_version=&#8221;4.16.0&#8243; _module_preset=&#8221;default&#8221; custom_button=&#8221;on&#8221; button_text_size=&#8221;15px&#8221; button_bg_color=&#8221;rgba(255,255,255,0)&#8221; button_border_width=&#8221;1px&#8221; button_border_color=&#8221;#FFFFFA&#8221; button_icon=&#8221;&#x45;||divi||400&#8243; button_icon_color=&#8221;#FFFFFA&#8221; custom_margin=&#8221;52px||||false|false&#8221; global_colors_info=&#8221;{}&#8221;][\/et_pb_button][\/et_pb_column][\/et_pb_row][et_pb_row _builder_version=&#8221;4.16.0&#8243; _module_preset=&#8221;default&#8221; global_colors_info=&#8221;{}&#8221;][et_pb_column type=&#8221;4_4&#8243; _builder_version=&#8221;4.16.0&#8243; _module_preset=&#8221;default&#8221; global_colors_info=&#8221;{}&#8221;][et_pb_text _builder_version=&#8221;4.16.0&#8243; _module_preset=&#8221;default&#8221; global_colors_info=&#8221;{}&#8221;]<p>* Najnoviji projekti koje smo odradili, pogledajte.<\/p>[\/et_pb_text][\/et_pb_column][\/et_pb_row][\/et_pb_section]\n","protected":false},"excerpt":{"rendered":"<p>IZRADA WEB STRANICA Izrada web stranica u poznatom CMS sustavu pomo\u0107u kojeg \u0107emo prezentirati Va\u0161u tvrtku na web mjestu, koje \u0107e na kraju Vama postati jedan od najja\u010dih alata u Va\u0161em poslovanju. Kod izrade web stranica, izuzetnu pa\u017enju pridodajemo brzini u\u010ditavanja i jednostavno\u0161\u0107u kori\u0161tenja korisni\u010dkog su\u010delja. Ovisno o va\u0161im potrebama mo\u017eemo vam ponuditi 2 tipa [&hellip;]<\/p>\n","protected":false},"author":2,"featured_media":0,"parent":0,"menu_order":0,"comment_status":"closed","ping_status":"closed","template":"","meta":{"_et_pb_use_builder":"on","_et_pb_old_content":"","_et_gb_content_width":"","footnotes":""},"yoast_head":"<!-- This site is optimized with the Yoast SEO Premium plugin v19.5 (Yoast SEO v23.5) - https:\/\/yoast.com\/wordpress\/plugins\/seo\/ -->\n<title>Izrada web stranica - Dil-93 d.o.o.<\/title>\n<meta name=\"description\" content=\"Izrada web stranica, Izrada web shopa, integracija web shopa sa poslovnim programima. Dil-93 informati\u010dki in\u017eenjering | 30 godina iskustva.\" \/>\n<meta name=\"robots\" content=\"index, follow, max-snippet:-1, max-image-preview:large, max-video-preview:-1\" \/>\n<link rel=\"canonical\" href=\"https:\/\/dilvps.eu\/dildivi\/izrada-web-stranica\/\" \/>\n<meta property=\"og:locale\" content=\"hr_HR\" \/>\n<meta property=\"og:type\" content=\"article\" \/>\n<meta property=\"og:title\" content=\"Izrada web stranica\" \/>\n<meta property=\"og:description\" content=\"Izrada web stranica, Izrada web shopa, integracija web shopa sa poslovnim programima. Dil-93 informati\u010dki in\u017eenjering | 30 godina iskustva.\" \/>\n<meta property=\"og:url\" content=\"https:\/\/dilvps.eu\/dildivi\/izrada-web-stranica\/\" \/>\n<meta property=\"og:site_name\" content=\"Dil-93 d.o.o.\" \/>\n<meta property=\"article:modified_time\" content=\"2022-09-19T10:38:51+00:00\" \/>\n<meta name=\"twitter:card\" content=\"summary_large_image\" \/>\n<meta name=\"twitter:label1\" content=\"Procijenjeno vrijeme \u010ditanja\" \/>\n\t<meta name=\"twitter:data1\" content=\"4 minute\" \/>\n<script type=\"application\/ld+json\" class=\"yoast-schema-graph\">{\"@context\":\"https:\/\/schema.org\",\"@graph\":[{\"@type\":\"WebPage\",\"@id\":\"https:\/\/dilvps.eu\/dildivi\/izrada-web-stranica\/\",\"url\":\"https:\/\/dilvps.eu\/dildivi\/izrada-web-stranica\/\",\"name\":\"Izrada web stranica - Dil-93 d.o.o.\",\"isPartOf\":{\"@id\":\"https:\/\/dilvps.eu\/dildivi\/#website\"},\"datePublished\":\"2022-03-28T14:34:53+00:00\",\"dateModified\":\"2022-09-19T10:38:51+00:00\",\"description\":\"Izrada web stranica, Izrada web shopa, integracija web shopa sa poslovnim programima. Dil-93 informati\u010dki in\u017eenjering | 30 godina iskustva.\",\"breadcrumb\":{\"@id\":\"https:\/\/dilvps.eu\/dildivi\/izrada-web-stranica\/#breadcrumb\"},\"inLanguage\":\"hr\",\"potentialAction\":[{\"@type\":\"ReadAction\",\"target\":[\"https:\/\/dilvps.eu\/dildivi\/izrada-web-stranica\/\"]}]},{\"@type\":\"BreadcrumbList\",\"@id\":\"https:\/\/dilvps.eu\/dildivi\/izrada-web-stranica\/#breadcrumb\",\"itemListElement\":[{\"@type\":\"ListItem\",\"position\":1,\"name\":\"Home\",\"item\":\"https:\/\/dilvps.eu\/dildivi\/\"},{\"@type\":\"ListItem\",\"position\":2,\"name\":\"Izrada web stranica\"}]},{\"@type\":\"WebSite\",\"@id\":\"https:\/\/dilvps.eu\/dildivi\/#website\",\"url\":\"https:\/\/dilvps.eu\/dildivi\/\",\"name\":\"Dil-93 d.o.o.\",\"description\":\"Informati\u010dki in\u017einjering i usluge\",\"publisher\":{\"@id\":\"https:\/\/dilvps.eu\/dildivi\/#organization\"},\"potentialAction\":[{\"@type\":\"SearchAction\",\"target\":{\"@type\":\"EntryPoint\",\"urlTemplate\":\"https:\/\/dilvps.eu\/dildivi\/?s={search_term_string}\"},\"query-input\":{\"@type\":\"PropertyValueSpecification\",\"valueRequired\":true,\"valueName\":\"search_term_string\"}}],\"inLanguage\":\"hr\"},{\"@type\":\"Organization\",\"@id\":\"https:\/\/dilvps.eu\/dildivi\/#organization\",\"name\":\"Dil-93 d.o.o.\",\"url\":\"https:\/\/dilvps.eu\/dildivi\/\",\"logo\":{\"@type\":\"ImageObject\",\"inLanguage\":\"hr\",\"@id\":\"https:\/\/dilvps.eu\/dildivi\/#\/schema\/logo\/image\/\",\"url\":\"https:\/\/dilvps.eu\/dildivi\/wp-content\/uploads\/2022\/04\/dil_logo_stari_cisti_favicon.png\",\"contentUrl\":\"https:\/\/dilvps.eu\/dildivi\/wp-content\/uploads\/2022\/04\/dil_logo_stari_cisti_favicon.png\",\"width\":512,\"height\":512,\"caption\":\"Dil-93 d.o.o.\"},\"image\":{\"@id\":\"https:\/\/dilvps.eu\/dildivi\/#\/schema\/logo\/image\/\"}}]}<\/script>\n<!-- \/ Yoast SEO Premium plugin. -->","yoast_head_json":{"title":"Izrada web stranica - Dil-93 d.o.o.","description":"Izrada web stranica, Izrada web shopa, integracija web shopa sa poslovnim programima. Dil-93 informati\u010dki in\u017eenjering | 30 godina iskustva.","robots":{"index":"index","follow":"follow","max-snippet":"max-snippet:-1","max-image-preview":"max-image-preview:large","max-video-preview":"max-video-preview:-1"},"canonical":"https:\/\/dilvps.eu\/dildivi\/izrada-web-stranica\/","og_locale":"hr_HR","og_type":"article","og_title":"Izrada web stranica","og_description":"Izrada web stranica, Izrada web shopa, integracija web shopa sa poslovnim programima. Dil-93 informati\u010dki in\u017eenjering | 30 godina iskustva.","og_url":"https:\/\/dilvps.eu\/dildivi\/izrada-web-stranica\/","og_site_name":"Dil-93 d.o.o.","article_modified_time":"2022-09-19T10:38:51+00:00","twitter_card":"summary_large_image","twitter_misc":{"Procijenjeno vrijeme \u010ditanja":"4 minute"},"schema":{"@context":"https:\/\/schema.org","@graph":[{"@type":"WebPage","@id":"https:\/\/dilvps.eu\/dildivi\/izrada-web-stranica\/","url":"https:\/\/dilvps.eu\/dildivi\/izrada-web-stranica\/","name":"Izrada web stranica - Dil-93 d.o.o.","isPartOf":{"@id":"https:\/\/dilvps.eu\/dildivi\/#website"},"datePublished":"2022-03-28T14:34:53+00:00","dateModified":"2022-09-19T10:38:51+00:00","description":"Izrada web stranica, Izrada web shopa, integracija web shopa sa poslovnim programima. Dil-93 informati\u010dki in\u017eenjering | 30 godina iskustva.","breadcrumb":{"@id":"https:\/\/dilvps.eu\/dildivi\/izrada-web-stranica\/#breadcrumb"},"inLanguage":"hr","potentialAction":[{"@type":"ReadAction","target":["https:\/\/dilvps.eu\/dildivi\/izrada-web-stranica\/"]}]},{"@type":"BreadcrumbList","@id":"https:\/\/dilvps.eu\/dildivi\/izrada-web-stranica\/#breadcrumb","itemListElement":[{"@type":"ListItem","position":1,"name":"Home","item":"https:\/\/dilvps.eu\/dildivi\/"},{"@type":"ListItem","position":2,"name":"Izrada web stranica"}]},{"@type":"WebSite","@id":"https:\/\/dilvps.eu\/dildivi\/#website","url":"https:\/\/dilvps.eu\/dildivi\/","name":"Dil-93 d.o.o.","description":"Informati\u010dki in\u017einjering i usluge","publisher":{"@id":"https:\/\/dilvps.eu\/dildivi\/#organization"},"potentialAction":[{"@type":"SearchAction","target":{"@type":"EntryPoint","urlTemplate":"https:\/\/dilvps.eu\/dildivi\/?s={search_term_string}"},"query-input":{"@type":"PropertyValueSpecification","valueRequired":true,"valueName":"search_term_string"}}],"inLanguage":"hr"},{"@type":"Organization","@id":"https:\/\/dilvps.eu\/dildivi\/#organization","name":"Dil-93 d.o.o.","url":"https:\/\/dilvps.eu\/dildivi\/","logo":{"@type":"ImageObject","inLanguage":"hr","@id":"https:\/\/dilvps.eu\/dildivi\/#\/schema\/logo\/image\/","url":"https:\/\/dilvps.eu\/dildivi\/wp-content\/uploads\/2022\/04\/dil_logo_stari_cisti_favicon.png","contentUrl":"https:\/\/dilvps.eu\/dildivi\/wp-content\/uploads\/2022\/04\/dil_logo_stari_cisti_favicon.png","width":512,"height":512,"caption":"Dil-93 d.o.o."},"image":{"@id":"https:\/\/dilvps.eu\/dildivi\/#\/schema\/logo\/image\/"}}]}},"_links":{"self":[{"href":"https:\/\/dilvps.eu\/dildivi\/wp-json\/wp\/v2\/pages\/11"}],"collection":[{"href":"https:\/\/dilvps.eu\/dildivi\/wp-json\/wp\/v2\/pages"}],"about":[{"href":"https:\/\/dilvps.eu\/dildivi\/wp-json\/wp\/v2\/types\/page"}],"author":[{"embeddable":true,"href":"https:\/\/dilvps.eu\/dildivi\/wp-json\/wp\/v2\/users\/2"}],"replies":[{"embeddable":true,"href":"https:\/\/dilvps.eu\/dildivi\/wp-json\/wp\/v2\/comments?post=11"}],"version-history":[{"count":0,"href":"https:\/\/dilvps.eu\/dildivi\/wp-json\/wp\/v2\/pages\/11\/revisions"}],"wp:attachment":[{"href":"https:\/\/dilvps.eu\/dildivi\/wp-json\/wp\/v2\/media?parent=11"}],"curies":[{"name":"wp","href":"https:\/\/api.w.org\/{rel}","templated":true}]}}